{"id":15779,"date":"2026-01-29T15:34:10","date_gmt":"2026-01-29T15:34:10","guid":{"rendered":"https:\/\/ficam.cat\/termes-i-condicions\/"},"modified":"2026-04-13T16:24:12","modified_gmt":"2026-04-13T16:24:12","slug":"termes-i-condicions","status":"publish","type":"page","link":"https:\/\/ficam.cat\/ca\/termes-i-condicions\/","title":{"rendered":"Termes i Condicions"},"content":{"rendered":"\t\t<div data-elementor-type=\"wp-page\" data-elementor-id=\"15779\" class=\"elementor elementor-15779 elementor-13337\" data-elementor-post-type=\"page\">\n\t\t\t\t<div class=\"elementor-element elementor-element-ee308be e-con-full e-flex e-con e-parent\" data-id=\"ee308be\" data-element_type=\"container\" data-e-type=\"container\" data-settings=\"{&quot;background_background&quot;:&quot;classic&quot;}\">\n\t\t\t\t<div class=\"elementor-element elementor-element-e8cfb8b elementor-widget elementor-widget-heading\" data-id=\"e8cfb8b\" data-element_type=\"widget\" data-e-type=\"widget\" data-widget_type=\"heading.default\">\n\t\t\t\t\t<h1 class=\"elementor-heading-title elementor-size-default\">Termes i Condicions<\/h1>\t\t\t\t<\/div>\n\t\t\t\t<div class=\"elementor-element elementor-element-8a9744a elementor-widget elementor-widget-text-editor\" data-id=\"8a9744a\" data-element_type=\"widget\" data-e-type=\"widget\" data-widget_type=\"text-editor.default\">\n\t\t\t\t\t\t\t\t\t<p><strong>Reserves<\/strong><\/p><p><\/p><p>Les reserves es realitzen a trav\u00e9s del motor de reserves disponible a la web. L&#8217;usuari es compromet a proporcionar dades veraces i completes. <\/p><p><\/p><p style=\"margin-top: 0.42cm; margin-bottom: 0.42cm; line-height: 100%;\"><b>Tipus de tarifes i pagament<\/b><\/p><p><\/p><ul><li>Tarifes no reembossables (non refundable): l&#8217;import total es cobra en el moment de la reserva.<\/li><li>Altres tarifes: el pagament es realitza a l&#8217;allotjament.<\/li><\/ul><p style=\"margin-top: 20px;\">L&#8217;establiment podr\u00e0 sol\u00b7licitar una targeta banc\u00e0ria com a garantia de la reserva.<br><\/p><p style=\"margin-top: 0.42cm; margin-bottom: 0.42cm; line-height: 100%;\"><b>Pol\u00edtica de cancel\u00b7laci\u00f3<\/b><\/p><p><\/p><p style=\"margin-top: 0.42cm; margin-bottom: 0.42cm; line-height: 100%;\"> Les condicions de cancel\u00b7laci\u00f3 espec\u00edfiques s&#8217;indicaran durant el proc\u00e9s de reserva.<\/p><p style=\"margin-top: 0.42cm; margin-bottom: 0.42cm; line-height: 100%;\">En tarifes no reembossables, no s&#8217;admeten cancel\u00b7lacions ni devolucions.<\/p><p style=\"margin-top: 0.42cm; margin-bottom: 0.42cm; line-height: 100%;\">En tarifes est\u00e0ndard, la cancel\u00b7laci\u00f3 podr\u00e0 ser gratu\u00efta dins del termini indicat en la reserva.<\/p><p style=\"margin-top: 0.42cm; margin-bottom: 0.42cm; line-height: 100%;\">En cas de no presentaci\u00f3 (no-show), l&#8217;establiment podr\u00e0 aplicar c\u00e0rrecs segons les condicions acceptades en la reserva.<\/p><p><\/p><p><b>Responsabilitat<\/b><\/p><p style=\"margin-top: 0.42cm; margin-bottom: 0.42cm; line-height: 100%;\"> Hotel Palau Fugit no es fa responsable d&#8217;interrupcions del servei per causes alienes o de for\u00e7a major.<\/p><p><\/p><p><b>Propietat intel\u00b7lectual<\/b><\/p><p style=\"margin-top: 0.42cm; margin-bottom: 0.42cm; line-height: 100%;\"> Tots els continguts del lloc web s\u00f3n propietat d&#8217;Hotel Palau Fugit o compten amb llic\u00e8ncia per al seu \u00fas.<\/p><p>Queda prohibida la seva reproducci\u00f3 sense autoritzaci\u00f3.<\/p><p><b>\u00daltima actualitzaci\u00f3: 2026<\/b><\/p>\t\t\t\t\t\t\t\t<\/div>\n\t\t\t\t<\/div>\n\t\t\t\t<\/div>\n\t\t","protected":false},"excerpt":{"rendered":"<p>Reserves Les reserves es realitzen a trav\u00e9s del motor de reserves disponible a la web. L&#8217;usuari es compromet a proporcionar dades veraces i completes. Tipus de tarifes i pagament Tarifes no reembossables (non refundable): l&#8217;import total es cobra en el moment de la reserva. Altres tarifes: el pagament es realitza a l&#8217;allotjament. L&#8217;establiment podr\u00e0 sol\u00b7licitar [&hellip;]<\/p>\n","protected":false},"author":1,"featured_media":0,"parent":0,"menu_order":0,"comment_status":"closed","ping_status":"closed","template":"elementor_header_footer","meta":{"_acf_changed":false,"inline_featured_image":false,"footnotes":""},"class_list":["post-15779","page","type-page","status-publish","hentry"],"acf":[],"yoast_head":"<!-- This site is optimized with the Yoast SEO plugin v27.3 - https:\/\/yoast.com\/product\/yoast-seo-wordpress\/ -->\n<title>Termes i Condicions - Palau Fugit<\/title>\n<meta name=\"robots\" content=\"noindex, follow, max-snippet:-1, max-image-preview:large, max-video-preview:-1\" \/>\n<meta property=\"og:locale\" content=\"ca_ES\" \/>\n<meta property=\"og:type\" content=\"article\" \/>\n<meta property=\"og:title\" content=\"Termes i Condicions - Palau Fugit\" \/>\n<meta property=\"og:description\" content=\"Reserves Les reserves es realitzen a trav\u00e9s del motor de reserves disponible a la web. L&#8217;usuari es compromet a proporcionar dades veraces i completes. Tipus de tarifes i pagament Tarifes no reembossables (non refundable): l&#8217;import total es cobra en el moment de la reserva. Altres tarifes: el pagament es realitza a l&#8217;allotjament. L&#8217;establiment podr\u00e0 sol\u00b7licitar [&hellip;]\" \/>\n<meta property=\"og:url\" content=\"https:\/\/ficam.cat\/ca\/termes-i-condicions\/\" \/>\n<meta property=\"og:site_name\" content=\"Palau Fugit\" \/>\n<meta property=\"article:modified_time\" content=\"2026-04-13T16:24:12+00:00\" \/>\n<meta name=\"twitter:card\" content=\"summary_large_image\" \/>\n<meta name=\"twitter:label1\" content=\"Temps estimat de lectura\" \/>\n\t<meta name=\"twitter:data1\" content=\"1 minut\" \/>\n<script type=\"application\/ld+json\" class=\"yoast-schema-graph\">{\"@context\":\"https:\\\/\\\/schema.org\",\"@graph\":[{\"@type\":\"WebPage\",\"@id\":\"https:\\\/\\\/ficam.cat\\\/ca\\\/termes-i-condicions\\\/\",\"url\":\"https:\\\/\\\/ficam.cat\\\/ca\\\/termes-i-condicions\\\/\",\"name\":\"Termes i Condicions - Palau Fugit\",\"isPartOf\":{\"@id\":\"https:\\\/\\\/ficam.cat\\\/ca\\\/#website\"},\"datePublished\":\"2026-01-29T15:34:10+00:00\",\"dateModified\":\"2026-04-13T16:24:12+00:00\",\"breadcrumb\":{\"@id\":\"https:\\\/\\\/ficam.cat\\\/ca\\\/termes-i-condicions\\\/#breadcrumb\"},\"inLanguage\":\"ca\",\"potentialAction\":[{\"@type\":\"ReadAction\",\"target\":[\"https:\\\/\\\/ficam.cat\\\/ca\\\/termes-i-condicions\\\/\"]}]},{\"@type\":\"BreadcrumbList\",\"@id\":\"https:\\\/\\\/ficam.cat\\\/ca\\\/termes-i-condicions\\\/#breadcrumb\",\"itemListElement\":[{\"@type\":\"ListItem\",\"position\":1,\"name\":\"Inici\",\"item\":\"https:\\\/\\\/ficam.cat\\\/ca\\\/inici\\\/\"},{\"@type\":\"ListItem\",\"position\":2,\"name\":\"Termes i Condicions\"}]},{\"@type\":\"WebSite\",\"@id\":\"https:\\\/\\\/ficam.cat\\\/ca\\\/#website\",\"url\":\"https:\\\/\\\/ficam.cat\\\/ca\\\/\",\"name\":\"Palau Fugit\",\"description\":\"Hotel Boutique en Girona\",\"publisher\":{\"@id\":\"https:\\\/\\\/ficam.cat\\\/ca\\\/#organization\"},\"potentialAction\":[{\"@type\":\"SearchAction\",\"target\":{\"@type\":\"EntryPoint\",\"urlTemplate\":\"https:\\\/\\\/ficam.cat\\\/ca\\\/?s={search_term_string}\"},\"query-input\":{\"@type\":\"PropertyValueSpecification\",\"valueRequired\":true,\"valueName\":\"search_term_string\"}}],\"inLanguage\":\"ca\"},{\"@type\":\"Organization\",\"@id\":\"https:\\\/\\\/ficam.cat\\\/ca\\\/#organization\",\"name\":\"Palau Fugit\",\"url\":\"https:\\\/\\\/ficam.cat\\\/ca\\\/\",\"logo\":{\"@type\":\"ImageObject\",\"inLanguage\":\"ca\",\"@id\":\"https:\\\/\\\/ficam.cat\\\/ca\\\/#\\\/schema\\\/logo\\\/image\\\/\",\"url\":\"https:\\\/\\\/ficam.cat\\\/wp-content\\\/uploads\\\/2026\\\/02\\\/cropped-favicon_palaufugit-favicon.png\",\"contentUrl\":\"https:\\\/\\\/ficam.cat\\\/wp-content\\\/uploads\\\/2026\\\/02\\\/cropped-favicon_palaufugit-favicon.png\",\"width\":512,\"height\":512,\"caption\":\"Palau Fugit\"},\"image\":{\"@id\":\"https:\\\/\\\/ficam.cat\\\/ca\\\/#\\\/schema\\\/logo\\\/image\\\/\"},\"sameAs\":[\"https:\\\/\\\/www.instagram.com\\\/palaufugitgirona\\\/\"]}]}<\/script>\n<!-- \/ Yoast SEO plugin. -->","yoast_head_json":{"title":"Termes i Condicions - Palau Fugit","robots":{"index":"noindex","follow":"follow","max-snippet":"max-snippet:-1","max-image-preview":"max-image-preview:large","max-video-preview":"max-video-preview:-1"},"og_locale":"ca_ES","og_type":"article","og_title":"Termes i Condicions - Palau Fugit","og_description":"Reserves Les reserves es realitzen a trav\u00e9s del motor de reserves disponible a la web. L&#8217;usuari es compromet a proporcionar dades veraces i completes. Tipus de tarifes i pagament Tarifes no reembossables (non refundable): l&#8217;import total es cobra en el moment de la reserva. Altres tarifes: el pagament es realitza a l&#8217;allotjament. L&#8217;establiment podr\u00e0 sol\u00b7licitar [&hellip;]","og_url":"https:\/\/ficam.cat\/ca\/termes-i-condicions\/","og_site_name":"Palau Fugit","article_modified_time":"2026-04-13T16:24:12+00:00","twitter_card":"summary_large_image","twitter_misc":{"Temps estimat de lectura":"1 minut"},"schema":{"@context":"https:\/\/schema.org","@graph":[{"@type":"WebPage","@id":"https:\/\/ficam.cat\/ca\/termes-i-condicions\/","url":"https:\/\/ficam.cat\/ca\/termes-i-condicions\/","name":"Termes i Condicions - Palau Fugit","isPartOf":{"@id":"https:\/\/ficam.cat\/ca\/#website"},"datePublished":"2026-01-29T15:34:10+00:00","dateModified":"2026-04-13T16:24:12+00:00","breadcrumb":{"@id":"https:\/\/ficam.cat\/ca\/termes-i-condicions\/#breadcrumb"},"inLanguage":"ca","potentialAction":[{"@type":"ReadAction","target":["https:\/\/ficam.cat\/ca\/termes-i-condicions\/"]}]},{"@type":"BreadcrumbList","@id":"https:\/\/ficam.cat\/ca\/termes-i-condicions\/#breadcrumb","itemListElement":[{"@type":"ListItem","position":1,"name":"Inici","item":"https:\/\/ficam.cat\/ca\/inici\/"},{"@type":"ListItem","position":2,"name":"Termes i Condicions"}]},{"@type":"WebSite","@id":"https:\/\/ficam.cat\/ca\/#website","url":"https:\/\/ficam.cat\/ca\/","name":"Palau Fugit","description":"Hotel Boutique en Girona","publisher":{"@id":"https:\/\/ficam.cat\/ca\/#organization"},"potentialAction":[{"@type":"SearchAction","target":{"@type":"EntryPoint","urlTemplate":"https:\/\/ficam.cat\/ca\/?s={search_term_string}"},"query-input":{"@type":"PropertyValueSpecification","valueRequired":true,"valueName":"search_term_string"}}],"inLanguage":"ca"},{"@type":"Organization","@id":"https:\/\/ficam.cat\/ca\/#organization","name":"Palau Fugit","url":"https:\/\/ficam.cat\/ca\/","logo":{"@type":"ImageObject","inLanguage":"ca","@id":"https:\/\/ficam.cat\/ca\/#\/schema\/logo\/image\/","url":"https:\/\/ficam.cat\/wp-content\/uploads\/2026\/02\/cropped-favicon_palaufugit-favicon.png","contentUrl":"https:\/\/ficam.cat\/wp-content\/uploads\/2026\/02\/cropped-favicon_palaufugit-favicon.png","width":512,"height":512,"caption":"Palau Fugit"},"image":{"@id":"https:\/\/ficam.cat\/ca\/#\/schema\/logo\/image\/"},"sameAs":["https:\/\/www.instagram.com\/palaufugitgirona\/"]}]}},"_links":{"self":[{"href":"https:\/\/ficam.cat\/ca\/wp-json\/wp\/v2\/pages\/15779","targetHints":{"allow":["GET"]}}],"collection":[{"href":"https:\/\/ficam.cat\/ca\/wp-json\/wp\/v2\/pages"}],"about":[{"href":"https:\/\/ficam.cat\/ca\/wp-json\/wp\/v2\/types\/page"}],"author":[{"embeddable":true,"href":"https:\/\/ficam.cat\/ca\/wp-json\/wp\/v2\/users\/1"}],"replies":[{"embeddable":true,"href":"https:\/\/ficam.cat\/ca\/wp-json\/wp\/v2\/comments?post=15779"}],"version-history":[{"count":1,"href":"https:\/\/ficam.cat\/ca\/wp-json\/wp\/v2\/pages\/15779\/revisions"}],"predecessor-version":[{"id":15780,"href":"https:\/\/ficam.cat\/ca\/wp-json\/wp\/v2\/pages\/15779\/revisions\/15780"}],"wp:attachment":[{"href":"https:\/\/ficam.cat\/ca\/wp-json\/wp\/v2\/media?parent=15779"}],"curies":[{"name":"wp","href":"https:\/\/api.w.org\/{rel}","templated":true}]}}