{"id":15793,"date":"2026-01-29T15:33:53","date_gmt":"2026-01-29T15:33:53","guid":{"rendered":"https:\/\/ficam.cat\/politica-de-cookies\/"},"modified":"2026-04-14T16:27:28","modified_gmt":"2026-04-14T16:27:28","slug":"politica-de-cookies","status":"publish","type":"page","link":"https:\/\/ficam.cat\/ca\/politica-de-cookies\/","title":{"rendered":"Pol\u00edtica de cookies"},"content":{"rendered":"\t\t<div data-elementor-type=\"wp-page\" data-elementor-id=\"15793\" class=\"elementor elementor-15793 elementor-13335\" data-elementor-post-type=\"page\">\n\t\t\t\t<div class=\"elementor-element elementor-element-20e69c9 e-con-full e-flex e-con e-parent\" data-id=\"20e69c9\" data-element_type=\"container\" data-e-type=\"container\" data-settings=\"{&quot;background_background&quot;:&quot;classic&quot;}\">\n\t\t\t\t<div class=\"elementor-element elementor-element-3208dc5 elementor-widget elementor-widget-heading\" data-id=\"3208dc5\" data-element_type=\"widget\" data-e-type=\"widget\" data-widget_type=\"heading.default\">\n\t\t\t\t\t<h1 class=\"elementor-heading-title elementor-size-default\">Pol\u00edtica de cookies<\/h1>\t\t\t\t<\/div>\n\t\t\t\t<div class=\"elementor-element elementor-element-718518c elementor-widget elementor-widget-text-editor\" data-id=\"718518c\" data-element_type=\"widget\" data-e-type=\"widget\" data-widget_type=\"text-editor.default\">\n\t\t\t\t\t\t\t\t\t<p>palaufugit.com utilitza cookies amb la finalitat d\u2019oferir-vos una millor experi\u00e8ncia de navegaci\u00f3. Aix\u00ed mateix, en cas que hi doneu el vostre consentiment, utilitzarem cookies que ens permetin obtenir m\u00e9s informaci\u00f3 sobre les vostres prefer\u00e8ncies i personalitzar el nostre Lloc Web d\u2019acord amb els vostres interessos individuals, perqu\u00e8 tingueu una navegaci\u00f3 m\u00e9s fluida i personalitzada.<br>Volem informar-vos de manera clara i precisa sobre les cookies que utilitzem al nostre lloc web. En cas que vulgueu obtenir m\u00e9s informaci\u00f3 sobre l\u2019\u00fas i la finalitat que donem a les cookies implementades al nostre lloc web, podeu escriure un correu electr\u00f2nic a hola@palaufugit.com  <\/p>\n<p><b>Qu\u00e8 \u00e9s una cookie?<\/b><\/p>\n<p>Una cookie \u00e9s un petit arxiu que es descarrega a l\u2019ordinador, tauleta o tel\u00e8fon intel\u00b7ligent de l\u2019usuari, amb la finalitat d\u2019emmagatzemar dades i informaci\u00f3 que podran ser actualitzades i recuperades per l\u2019entitat responsable de la seva instal\u00b7laci\u00f3.<br>La informaci\u00f3 recollida a trav\u00e9s de les cookies pot incloure la data i l\u2019hora de les visites al lloc web, les diferents pestanyes que heu visualitzat o el temps que hi heu estat. <\/p>\n<p style=\"margin-top: 0.42cm; margin-bottom: 0.42cm; line-height: 100%;\"><b>Quins tipus de cookies utilitza aquest lloc web?<\/b><\/p>\n<p style=\"margin-top: 0.42cm; margin-bottom: 0.42cm; line-height: 100%;\">Estat de la sessi\u00f3: utilitzem aquesta cookie per mantenir i propagar la sessi\u00f3 de l\u2019usuari entre les diverses p\u00e0gines que visita.<\/p>\n<p>Cookies pr\u00f2pies<\/p>\n<p style=\"margin-top: 0.42cm; margin-bottom: 0.42cm; line-height: 100%;\">Aquesta tipologia de cookies s\u2019envien al vostre ordinador i s\u00f3n gestionades exclusivament per nosaltres per al millor funcionament del lloc web. La informaci\u00f3 que recollim s\u2019utilitza per millorar la qualitat del nostre servei i la vostra experi\u00e8ncia com a usuari. <\/p>\n<p><b>Cookies de tercers<\/b><\/p>\n<p style=\"margin-bottom: 0cm;\">S\u00f3n aquelles que s\u2019envien al vostre equip des d\u2019un equip o domini que no \u00e9s gestionat per nosaltres, sin\u00f3 per una altra entitat col\u00b7laboradora. Les cookies anal\u00edtiques utilitzades per Google, o les utilitzades per les xarxes socials per oferir a l\u2019usuari la possibilitat de compartir o recomanar continguts de la nostra p\u00e0gina web en aquestes mateixes. <\/p>\n<p><b>Concretament, les cookies utilitzades en aquesta p\u00e0gina web s\u00f3n:<\/b><\/p>\n<table border=\"1\">\n<thead>\n<tr>\n<th>Nom<\/th>\n<th>Domini<\/th>\n<th>Durada<\/th>\n<th>Tipus i Proposit<\/th>\n<th>Descripci\u00f3<\/th>\n<\/tr>\n<\/thead>\n<tbody>\n<tr>\n<td>SEARCH_SAMESITE<\/td>\n<td>.google.com<\/td>\n<td>6 mesos<\/td>\n<td>Seguretat<\/td>\n<td>Prev\u00e9 l&#8217;enviament de cookies en sol\u00b7licituds entre llocs (CSRF).<\/td>\n<\/tr>\n<tr>\n<td>SID \/ SIDCC \/ SSID<\/td>\n<td>.google.com<\/td>\n<td>2 anys<\/td>\n<td>Autenticaci\u00f3 i Seguretat<\/td>\n<td>Registres xifrats de l&#8217;ID d&#8217;usuari i l&#8217;hora d&#8217;inici de sessi\u00f3.<\/td>\n<\/tr>\n<tr>\n<td>wordpress_logged_in_*<\/td>\n<td>palaufugit.com<\/td>\n<td>Sessi\u00f3<\/td>\n<td>Necess\u00e0ria<\/td>\n<td>Mant\u00e9 la sessi\u00f3 de l&#8217;usuari identificada al sistema.<\/td>\n<\/tr>\n<tr>\n<td>wordpress_test_cookie<\/td>\n<td>palaufugit.com<\/td>\n<td>Sessi\u00f3<\/td>\n<td>Funcional<\/td>\n<td>Comprova si el navegador accepta cookies.<\/td>\n<\/tr>\n<tr>\n<td>wp-settings \/ wp-settings-time<\/td>\n<td>palaufugit.com<\/td>\n<td>1 any<\/td>\n<td>Personalitzaci\u00f3<\/td>\n<td>Emmagatzema la configuraci\u00f3 de la interf\u00edcie de l&#8217;usuari.<\/td>\n<\/tr>\n<tr>\n<td>wp-wpml_current_language<\/td>\n<td>palaufugit.com<\/td>\n<td>Sessi\u00f3<\/td>\n<td>Idioma<\/td>\n<td>Emmagatzema l&#8217;idioma seleccionat per a la navegaci\u00f3.<\/td>\n<\/tr>\n<\/tbody>\n<\/table>\n<p><strong>Nivell d\u2019intrusi\u00f3:<\/strong> Les cookies exposades anteriorment incorporen un criteri de \u201cnivell d\u2019intrusi\u00f3\u201d basat en una escala de l\u20191 al 3:<\/p>\n<ul>\n<li><strong>Nivell 1:<\/strong> Cookies d\u2019\u00fas intern imprescindibles per a la prestaci\u00f3 del mateix servei sol\u00b7licitat per l\u2019usuari.<\/li>\n<li><strong>Nivell 2:<\/strong> Cookies an\u00f2nimes d\u2019\u00fas intern necess\u00e0ries per al manteniment de continguts i navegaci\u00f3, aix\u00ed com cookies gestionades per tercers en el marc de serveis sol\u00b7licitats expressament per l\u2019usuari.<\/li>\n<li><strong>Nivell 3:<\/strong> Cookies gestionades per tercers en el marc de serveis no sol\u00b7licitats expressament per l\u2019usuari. L\u2019\u00fas de cookies de nivell 3 est\u00e0 subjecte al perm\u00eds previ de l\u2019usuari mitjan\u00e7ant confirmaci\u00f3 expressa. <\/li>\n<\/ul>\n<p><b>&nbsp;<\/b><\/p>\n<p><b style=\"font-size: 11pt; color: #000000; font-family: inherit;\">Com puc configurar o deshabilitar les cookies que utilitza aquest lloc web?<\/b><\/p>\n<p><b style=\"font-size: 11pt; color: #000000; font-family: inherit;\">&nbsp;<\/b>Per restringir o bloquejar les cookies, haureu de modificar la configuraci\u00f3 del navegador que utilitzeu al vostre equip. Amb car\u00e0cter general, els navegadors ofereixen les opcions de configuraci\u00f3 seg\u00fcents: <\/p>\n<h3><span style=\"color: #000000;\"><span style=\"font-size: 11pt;\"><b>Google Chrome:&nbsp;<\/b><\/span><\/span><\/h3>\n<h3><b style=\"font-family: inherit; font-size: 16px; color: inherit;\">Eliminar cookies:<\/b><\/h3>\n<ul>\n<li>Feu clic als tres punts de la cantonada superior dreta.<\/li>\n<li>Seleccioneu \u201cHistorial\u201d i despr\u00e9s \u201cHistorial\u201d.<\/li>\n<li>Feu clic a \u201cElimina les dades de navegaci\u00f3\u201d.<\/li>\n<li>Marqueu \u201cCookies i altres dades de llocs web\u201d i feu clic a \u201cSuprimeix les dades\u201d.<\/li>\n<\/ul>\n<p><strong>&nbsp;<\/strong><\/p>\n<p><strong>Bloquejar cookies:<\/strong><\/p>\n<ul>\n<li>Feu clic als tres punts i seleccioneu \u201cConfiguraci\u00f3\u201d.<\/li>\n<li>A \u201cPrivadesa i seguretat\u201d, seleccioneu \u201cConfiguraci\u00f3 del lloc web\u201d.<\/li>\n<li>A \u201cCookies\u201d, podeu bloquejar les cookies de tercers o totes les cookies.<\/li>\n<\/ul>\n<h3><b style=\"font-size: 11pt; color: #000000; font-family: inherit;\">Mozilla Firefox:<\/b><b style=\"font-family: inherit; font-size: 11pt; color: #000000;\">&nbsp;<\/b><\/h3>\n<h3><b style=\"font-family: inherit; font-size: 16px; color: inherit;\">Eliminar cookies:<\/b><\/h3>\n<ul>\n<li>Feu clic a les tres l\u00ednies de la cantonada superior dreta.<\/li>\n<li>Seleccioneu \u201cOpcions\u201d &gt; \u201cPrivadesa i seguretat\u201d.<\/li>\n<li>A \u201cCookies i dades del lloc\u201d, feu clic a \u201cNeteja les dades\u201d.<\/li>\n<\/ul>\n<p><strong>&nbsp;<\/strong><\/p>\n<p><strong>Bloquejar cookies:<\/strong><\/p>\n<ul>\n<li>A la mateixa secci\u00f3, podeu bloquejar cookies de tercers o totes les cookies.<\/li>\n<\/ul>\n<h3><b style=\"font-size: 11pt; color: #000000; font-family: inherit;\">Microsoft Edge:<\/b><b style=\"font-family: inherit; font-size: 11pt; color: #000000;\">&nbsp;<\/b><\/h3>\n<h3><b style=\"font-family: inherit; font-size: 16px; color: inherit;\">Eliminar cookies:<\/b><\/h3>\n<ul>\n<li>Feu clic als tres punts de la cantonada superior dreta.<\/li>\n<li>Seleccioneu \u201cConfiguraci\u00f3\u201d &gt; \u201cPrivadesa, cerca i serveis\u201d.<\/li>\n<li>Feu clic a \u201cTria qu\u00e8 vols esborrar\u201d i seleccioneu \u201cCookies i altres dades del lloc\u201d.<\/li>\n<\/ul>\n<p><strong>&nbsp;<\/strong><\/p>\n<p><strong>Bloquejar cookies:<\/strong><\/p>\n<ul>\n<li>A la mateixa secci\u00f3, podeu bloquejar cookies de tercers.<\/li>\n<\/ul>\n<h3><b style=\"font-size: 11pt; color: #000000; font-family: inherit;\">Safari:<\/b><b style=\"font-family: inherit; font-size: 11pt; color: #000000;\">&nbsp;<\/b><\/h3>\n<h3><b style=\"font-family: inherit; font-size: 16px; color: inherit;\">Eliminar cookies:<\/b><\/h3>\n<ul>\n<li>A la barra de men\u00fa, seleccioneu \u201cHistorial\u201d &gt; \u201cEsborra l\u2019historial\u201d.<\/li>\n<li>Trieu l\u2019interval de temps i feu clic a \u201cEsborra l\u2019historial\u201d.<\/li>\n<\/ul>\n<p><strong>&nbsp;<\/strong><\/p>\n<p><strong>Bloquejar cookies:<\/strong><\/p>\n<ul>\n<li>Aneu a \u201cPrefer\u00e8ncies\u201d &gt; \u201cPrivadesa\u201d.<\/li>\n<li>A \u201cCookies i dades de llocs web\u201d, trieu l\u2019opci\u00f3 desitjada.<\/li>\n<\/ul>\n<div>&nbsp;<\/div>\n<h3><span style=\"color: #000000;\"><span style=\"font-size: 11pt;\"><b>Revocaci\u00f3 del consentiment<\/b><\/span><\/span><\/h3>\n<div>\n<p style=\"margin-bottom: 0cm;\">L\u2019usuari pot revocar el seu consentiment per a l\u2019\u00fas de cookies al seu navegador o mitjan\u00e7ant els enlla\u00e7os seg\u00fcents:<\/p>\n<ul>\n<li><a style=\"color: black;\" href=\"https:\/\/tools.google.com\/dlpage\/gaoptout\" target=\"_blank\" rel=\"noopener noreferrer nofollow\">Opt-out of Google Analytics<\/a><\/li>\n<li><a style=\"color: black;\" href=\"https:\/\/myadcenter.google.com\/home?sasb=true&amp;ref=ad-settings\" target=\"_blank\" rel=\"noopener noreferrer nofollow\">Opt-out of DoubleClick<\/a><\/li>\n<\/ul>\n<p><b><br><\/b><\/p>\n<p><b>Funcionament del portal<\/b><\/p>\n<p style=\"margin-bottom: 0cm\">Tingueu en compte que, si decidiu configurar el vostre navegador perqu\u00e8 rebutgi les nostres cookies, no podrem mantenir les vostres prefer\u00e8ncies i algunes p\u00e0gines poden no estar disponibles.<\/p>\n<p style=\"margin-bottom: 0cm\"><br><\/p>\n<h3><font color=\"#000000\"><font style=\"font-size: 11pt\"><b>Canvis en la pol\u00edtica de cookies<\/b><\/font><\/font><\/h3>\n<div><p style=\"margin-bottom: 0cm\">\u00c9s possible que actualitzem la pol\u00edtica de cookies del nostre lloc web; per aix\u00f2 us recomanem revisar aquesta pol\u00edtica cada vegada que accediu al nostre lloc web per estar adequadament informats sobre com i per a qu\u00e8 utilitzem les cookies. <\/p><\/div>\n<\/div>\t\t\t\t\t\t\t\t<\/div>\n\t\t\t\t<\/div>\n\t\t\t\t<\/div>\n\t\t","protected":false},"excerpt":{"rendered":"<p>palaufugit.com utilitza cookies amb la finalitat d\u2019oferir-vos una millor experi\u00e8ncia de navegaci\u00f3. Aix\u00ed mateix, en cas que hi doneu el vostre consentiment, utilitzarem cookies que ens permetin obtenir m\u00e9s informaci\u00f3 sobre les vostres prefer\u00e8ncies i personalitzar el nostre Lloc Web d\u2019acord amb els vostres interessos individuals, perqu\u00e8 tingueu una navegaci\u00f3 m\u00e9s fluida i personalitzada.Volem informar-vos [&hellip;]<\/p>\n","protected":false},"author":1,"featured_media":0,"parent":0,"menu_order":0,"comment_status":"closed","ping_status":"closed","template":"elementor_header_footer","meta":{"_acf_changed":false,"inline_featured_image":false,"footnotes":""},"class_list":["post-15793","page","type-page","status-publish","hentry"],"acf":[],"yoast_head":"<!-- This site is optimized with the Yoast SEO plugin v27.3 - https:\/\/yoast.com\/product\/yoast-seo-wordpress\/ -->\n<title>Pol\u00edtica de cookies - Palau Fugit<\/title>\n<meta name=\"robots\" content=\"noindex, nofollow\" \/>\n<meta property=\"og:locale\" content=\"ca_ES\" \/>\n<meta property=\"og:type\" content=\"article\" \/>\n<meta property=\"og:title\" content=\"Pol\u00edtica de cookies - Palau Fugit\" \/>\n<meta property=\"og:description\" content=\"palaufugit.com utilitza cookies amb la finalitat d\u2019oferir-vos una millor experi\u00e8ncia de navegaci\u00f3. Aix\u00ed mateix, en cas que hi doneu el vostre consentiment, utilitzarem cookies que ens permetin obtenir m\u00e9s informaci\u00f3 sobre les vostres prefer\u00e8ncies i personalitzar el nostre Lloc Web d\u2019acord amb els vostres interessos individuals, perqu\u00e8 tingueu una navegaci\u00f3 m\u00e9s fluida i personalitzada.Volem informar-vos [&hellip;]\" \/>\n<meta property=\"og:url\" content=\"https:\/\/ficam.cat\/ca\/politica-de-cookies\/\" \/>\n<meta property=\"og:site_name\" content=\"Palau Fugit\" \/>\n<meta property=\"article:modified_time\" content=\"2026-04-14T16:27:28+00:00\" \/>\n<meta name=\"twitter:card\" content=\"summary_large_image\" \/>\n<meta name=\"twitter:label1\" content=\"Temps estimat de lectura\" \/>\n\t<meta name=\"twitter:data1\" content=\"4 minuts\" \/>\n<script type=\"application\/ld+json\" class=\"yoast-schema-graph\">{\"@context\":\"https:\\\/\\\/schema.org\",\"@graph\":[{\"@type\":\"WebPage\",\"@id\":\"https:\\\/\\\/ficam.cat\\\/ca\\\/politica-de-cookies\\\/\",\"url\":\"https:\\\/\\\/ficam.cat\\\/ca\\\/politica-de-cookies\\\/\",\"name\":\"Pol\u00edtica de cookies - Palau Fugit\",\"isPartOf\":{\"@id\":\"https:\\\/\\\/ficam.cat\\\/ca\\\/#website\"},\"datePublished\":\"2026-01-29T15:33:53+00:00\",\"dateModified\":\"2026-04-14T16:27:28+00:00\",\"breadcrumb\":{\"@id\":\"https:\\\/\\\/ficam.cat\\\/ca\\\/politica-de-cookies\\\/#breadcrumb\"},\"inLanguage\":\"ca\",\"potentialAction\":[{\"@type\":\"ReadAction\",\"target\":[\"https:\\\/\\\/ficam.cat\\\/ca\\\/politica-de-cookies\\\/\"]}]},{\"@type\":\"BreadcrumbList\",\"@id\":\"https:\\\/\\\/ficam.cat\\\/ca\\\/politica-de-cookies\\\/#breadcrumb\",\"itemListElement\":[{\"@type\":\"ListItem\",\"position\":1,\"name\":\"Inici\",\"item\":\"https:\\\/\\\/ficam.cat\\\/ca\\\/inici\\\/\"},{\"@type\":\"ListItem\",\"position\":2,\"name\":\"Pol\u00edtica de cookies\"}]},{\"@type\":\"WebSite\",\"@id\":\"https:\\\/\\\/ficam.cat\\\/ca\\\/#website\",\"url\":\"https:\\\/\\\/ficam.cat\\\/ca\\\/\",\"name\":\"Palau Fugit\",\"description\":\"Hotel Boutique en Girona\",\"publisher\":{\"@id\":\"https:\\\/\\\/ficam.cat\\\/ca\\\/#organization\"},\"potentialAction\":[{\"@type\":\"SearchAction\",\"target\":{\"@type\":\"EntryPoint\",\"urlTemplate\":\"https:\\\/\\\/ficam.cat\\\/ca\\\/?s={search_term_string}\"},\"query-input\":{\"@type\":\"PropertyValueSpecification\",\"valueRequired\":true,\"valueName\":\"search_term_string\"}}],\"inLanguage\":\"ca\"},{\"@type\":\"Organization\",\"@id\":\"https:\\\/\\\/ficam.cat\\\/ca\\\/#organization\",\"name\":\"Palau Fugit\",\"url\":\"https:\\\/\\\/ficam.cat\\\/ca\\\/\",\"logo\":{\"@type\":\"ImageObject\",\"inLanguage\":\"ca\",\"@id\":\"https:\\\/\\\/ficam.cat\\\/ca\\\/#\\\/schema\\\/logo\\\/image\\\/\",\"url\":\"https:\\\/\\\/ficam.cat\\\/wp-content\\\/uploads\\\/2026\\\/02\\\/cropped-favicon_palaufugit-favicon.png\",\"contentUrl\":\"https:\\\/\\\/ficam.cat\\\/wp-content\\\/uploads\\\/2026\\\/02\\\/cropped-favicon_palaufugit-favicon.png\",\"width\":512,\"height\":512,\"caption\":\"Palau Fugit\"},\"image\":{\"@id\":\"https:\\\/\\\/ficam.cat\\\/ca\\\/#\\\/schema\\\/logo\\\/image\\\/\"},\"sameAs\":[\"https:\\\/\\\/www.instagram.com\\\/palaufugitgirona\\\/\"]}]}<\/script>\n<!-- \/ Yoast SEO plugin. -->","yoast_head_json":{"title":"Pol\u00edtica de cookies - Palau Fugit","robots":{"index":"noindex","follow":"nofollow"},"og_locale":"ca_ES","og_type":"article","og_title":"Pol\u00edtica de cookies - Palau Fugit","og_description":"palaufugit.com utilitza cookies amb la finalitat d\u2019oferir-vos una millor experi\u00e8ncia de navegaci\u00f3. Aix\u00ed mateix, en cas que hi doneu el vostre consentiment, utilitzarem cookies que ens permetin obtenir m\u00e9s informaci\u00f3 sobre les vostres prefer\u00e8ncies i personalitzar el nostre Lloc Web d\u2019acord amb els vostres interessos individuals, perqu\u00e8 tingueu una navegaci\u00f3 m\u00e9s fluida i personalitzada.Volem informar-vos [&hellip;]","og_url":"https:\/\/ficam.cat\/ca\/politica-de-cookies\/","og_site_name":"Palau Fugit","article_modified_time":"2026-04-14T16:27:28+00:00","twitter_card":"summary_large_image","twitter_misc":{"Temps estimat de lectura":"4 minuts"},"schema":{"@context":"https:\/\/schema.org","@graph":[{"@type":"WebPage","@id":"https:\/\/ficam.cat\/ca\/politica-de-cookies\/","url":"https:\/\/ficam.cat\/ca\/politica-de-cookies\/","name":"Pol\u00edtica de cookies - Palau Fugit","isPartOf":{"@id":"https:\/\/ficam.cat\/ca\/#website"},"datePublished":"2026-01-29T15:33:53+00:00","dateModified":"2026-04-14T16:27:28+00:00","breadcrumb":{"@id":"https:\/\/ficam.cat\/ca\/politica-de-cookies\/#breadcrumb"},"inLanguage":"ca","potentialAction":[{"@type":"ReadAction","target":["https:\/\/ficam.cat\/ca\/politica-de-cookies\/"]}]},{"@type":"BreadcrumbList","@id":"https:\/\/ficam.cat\/ca\/politica-de-cookies\/#breadcrumb","itemListElement":[{"@type":"ListItem","position":1,"name":"Inici","item":"https:\/\/ficam.cat\/ca\/inici\/"},{"@type":"ListItem","position":2,"name":"Pol\u00edtica de cookies"}]},{"@type":"WebSite","@id":"https:\/\/ficam.cat\/ca\/#website","url":"https:\/\/ficam.cat\/ca\/","name":"Palau Fugit","description":"Hotel Boutique en Girona","publisher":{"@id":"https:\/\/ficam.cat\/ca\/#organization"},"potentialAction":[{"@type":"SearchAction","target":{"@type":"EntryPoint","urlTemplate":"https:\/\/ficam.cat\/ca\/?s={search_term_string}"},"query-input":{"@type":"PropertyValueSpecification","valueRequired":true,"valueName":"search_term_string"}}],"inLanguage":"ca"},{"@type":"Organization","@id":"https:\/\/ficam.cat\/ca\/#organization","name":"Palau Fugit","url":"https:\/\/ficam.cat\/ca\/","logo":{"@type":"ImageObject","inLanguage":"ca","@id":"https:\/\/ficam.cat\/ca\/#\/schema\/logo\/image\/","url":"https:\/\/ficam.cat\/wp-content\/uploads\/2026\/02\/cropped-favicon_palaufugit-favicon.png","contentUrl":"https:\/\/ficam.cat\/wp-content\/uploads\/2026\/02\/cropped-favicon_palaufugit-favicon.png","width":512,"height":512,"caption":"Palau Fugit"},"image":{"@id":"https:\/\/ficam.cat\/ca\/#\/schema\/logo\/image\/"},"sameAs":["https:\/\/www.instagram.com\/palaufugitgirona\/"]}]}},"_links":{"self":[{"href":"https:\/\/ficam.cat\/ca\/wp-json\/wp\/v2\/pages\/15793","targetHints":{"allow":["GET"]}}],"collection":[{"href":"https:\/\/ficam.cat\/ca\/wp-json\/wp\/v2\/pages"}],"about":[{"href":"https:\/\/ficam.cat\/ca\/wp-json\/wp\/v2\/types\/page"}],"author":[{"embeddable":true,"href":"https:\/\/ficam.cat\/ca\/wp-json\/wp\/v2\/users\/1"}],"replies":[{"embeddable":true,"href":"https:\/\/ficam.cat\/ca\/wp-json\/wp\/v2\/comments?post=15793"}],"version-history":[{"count":1,"href":"https:\/\/ficam.cat\/ca\/wp-json\/wp\/v2\/pages\/15793\/revisions"}],"predecessor-version":[{"id":15794,"href":"https:\/\/ficam.cat\/ca\/wp-json\/wp\/v2\/pages\/15793\/revisions\/15794"}],"wp:attachment":[{"href":"https:\/\/ficam.cat\/ca\/wp-json\/wp\/v2\/media?parent=15793"}],"curies":[{"name":"wp","href":"https:\/\/api.w.org\/{rel}","templated":true}]}}