{"id":15019,"date":"2026-01-26T12:14:14","date_gmt":"2026-01-26T12:14:14","guid":{"rendered":"https:\/\/ficam.cat\/ofertas\/"},"modified":"2026-04-14T16:13:41","modified_gmt":"2026-04-14T16:13:41","slug":"ofertas","status":"publish","type":"page","link":"https:\/\/ficam.cat\/es\/ofertas\/","title":{"rendered":"Ofertas"},"content":{"rendered":"\t\t<div data-elementor-type=\"wp-page\" data-elementor-id=\"15019\" class=\"elementor elementor-15019 elementor-12886\" data-elementor-post-type=\"page\">\n\t\t\t\t<div class=\"elementor-element elementor-element-653b63e e-con-full e-flex e-con e-parent\" data-id=\"653b63e\" data-element_type=\"container\" data-e-type=\"container\" data-settings=\"{&quot;background_background&quot;:&quot;classic&quot;}\">\n\t\t\t\t<div class=\"elementor-element elementor-element-00f2e21 elementor-invisible elementor-widget elementor-widget-heading\" data-id=\"00f2e21\" data-element_type=\"widget\" data-e-type=\"widget\" data-settings=\"{&quot;_animation&quot;:&quot;fadeInUp&quot;}\" data-widget_type=\"heading.default\">\n\t\t\t\t\t<h2 class=\"elementor-heading-title elementor-size-default\">Ofertas<\/h2>\t\t\t\t<\/div>\n\t\t\t\t<div class=\"elementor-element elementor-element-cba0c80 elementor-widget elementor-widget-text-editor\" data-id=\"cba0c80\" data-element_type=\"widget\" data-e-type=\"widget\" data-settings=\"{&quot;_animation&quot;:&quot;none&quot;}\" data-widget_type=\"text-editor.default\">\n\t\t\t\t\t\t\t\t\tAqu\u00ed encontrar\u00e1s todas las ofertas, descuentos y reducciones actuales de Palau Fugit. \u00a1Aprov\u00e9chalos!\t\t\t\t\t\t\t\t<\/div>\n\t\t<div class=\"elementor-element elementor-element-5d90dde e-con-full e-flex elementor-invisible e-con e-child\" data-id=\"5d90dde\" data-element_type=\"container\" data-e-type=\"container\" data-settings=\"{&quot;animation&quot;:&quot;fadeInUp&quot;}\">\n\t\t<div class=\"elementor-element elementor-element-e848d67 e-con-full e-flex e-con e-child\" data-id=\"e848d67\" data-element_type=\"container\" data-e-type=\"container\" data-settings=\"{&quot;background_background&quot;:&quot;classic&quot;}\">\n\t\t\t\t<\/div>\n\t\t<div class=\"elementor-element elementor-element-476cb08 e-con-full e-flex e-con e-child\" data-id=\"476cb08\" data-element_type=\"container\" data-e-type=\"container\">\n\t\t\t\t<div class=\"elementor-element elementor-element-1f82770 elementor-widget elementor-widget-heading\" data-id=\"1f82770\" data-element_type=\"widget\" data-e-type=\"widget\" data-settings=\"{&quot;_animation&quot;:&quot;none&quot;}\" data-widget_type=\"heading.default\">\n\t\t\t\t\t<h3 class=\"elementor-heading-title elementor-size-default\">Cycling Week by Palau Fugit<\/h3>\t\t\t\t<\/div>\n\t\t\t\t<div class=\"elementor-element elementor-element-a49e2a7 elementor-widget elementor-widget-text-editor\" data-id=\"a49e2a7\" data-element_type=\"widget\" data-e-type=\"widget\" data-settings=\"{&quot;_animation&quot;:&quot;none&quot;}\" data-widget_type=\"text-editor.default\">\n\t\t\t\t\t\t\t\t\t<p>Nuestro Cycing Week incluye una estancia de 4 noches en una de nuestras habitaciones, con desayuno activo incluido.<br>Adem\u00e1s, ofrecemos:<br>\u2013 Acceso diario a nuestra Cova d\u2019Aigua durante una sesi\u00f3n de una hora (piscina interior a 32 grados, piedra caliente)<br>\u2013 Pack de nutrici\u00f3n de FINISHER, dise\u00f1ado para potenciar tu rendimiento<br>\u2013 Cuatro sesiones con botas de recuperaci\u00f3n (duraci\u00f3n 1h)*<br>\u2013 Dos masajes de piernas de 30 minutos por persona*<br>\u2013 Aparcamiento con videovigilancia gratuito para bicicletas<br>\u2013 Dispositivo Garmin para rutas autoguiadas seg\u00fan el nivel de dificultad deseado o tours personalizados.<\/p><p>*Seg\u00fan disponibilidad, se recomienda reserva anticipada.<\/p><p>Desde: 936\u202f\u20ac<br>Ll\u00e1manos al +34 872 98 73 62 o env\u00eda un correo electr\u00f3nico a hola@palaufugit.com para m\u00e1s informaci\u00f3n y para consultar disponibilidad.<\/p>\t\t\t\t\t\t\t\t<\/div>\n\t\t\t\t<div class=\"elementor-element elementor-element-59f0fd3 underli elementor-icon-list--layout-traditional elementor-list-item-link-full_width elementor-widget elementor-widget-icon-list\" data-id=\"59f0fd3\" data-element_type=\"widget\" data-e-type=\"widget\" data-widget_type=\"icon-list.default\">\n\t\t\t\t\t\t\t<ul class=\"elementor-icon-list-items\">\n\t\t\t\t\t\t\t<li class=\"elementor-icon-list-item\">\n\t\t\t\t\t\t\t\t\t\t\t<a href=\"https:\/\/be.synxis.com\/?chain=22402&#038;hotel=49550&#038;src=24C\" target=\"_blank\" rel=\"nofollow\">\n\n\t\t\t\t\t\t\t\t\t\t\t\t<span class=\"elementor-icon-list-icon\">\n\t\t\t\t\t\t\t<svg xmlns=\"http:\/\/www.w3.org\/2000\/svg\" width=\"11.005\" height=\"8.2\" viewBox=\"0 0 11.005 8.2\" fill=\"none\" id=\"svg4\"><path d=\"M5.905 8.2c-.196 0-.294-.037-.294-.109 0-.041.052-.114.155-.217L9.052 4.65H.341C.114 4.65 0 4.495 0 4.185V4.03c0-.31.114-.465.341-.465h8.711L5.751.325C5.646.222 5.595.15 5.595.108c0-.072.098-.108.294-.108h.853c.206 0 .382.072.526.217l3.627 3.611c.073.073.109.176.109.31a.511.511 0 01-.016.124.375.375 0 01-.093.124l-3.61 3.596a.717.717 0 01-.527.218z\" fill=\"#000\" id=\"path2\"><\/path><\/svg>\t\t\t\t\t\t<\/span>\n\t\t\t\t\t\t\t\t\t\t<span class=\"elementor-icon-list-text\">Ll\u00e1manos para personalizar la experiencia a tu manera<\/span>\n\t\t\t\t\t\t\t\t\t\t\t<\/a>\n\t\t\t\t\t\t\t\t\t<\/li>\n\t\t\t\t\t\t<\/ul>\n\t\t\t\t\t\t<\/div>\n\t\t\t\t<\/div>\n\t\t\t\t<\/div>\n\t\t<div class=\"elementor-element elementor-element-7114c23 e-con-full e-flex elementor-invisible e-con e-child\" data-id=\"7114c23\" data-element_type=\"container\" data-e-type=\"container\" data-settings=\"{&quot;animation&quot;:&quot;fadeInUp&quot;}\">\n\t\t<div class=\"elementor-element elementor-element-e5c607a e-con-full e-flex e-con e-child\" data-id=\"e5c607a\" data-element_type=\"container\" data-e-type=\"container\" data-settings=\"{&quot;background_background&quot;:&quot;classic&quot;}\">\n\t\t\t\t<\/div>\n\t\t<div class=\"elementor-element elementor-element-eb90e90 e-con-full e-flex e-con e-child\" data-id=\"eb90e90\" data-element_type=\"container\" data-e-type=\"container\">\n\t\t\t\t<div class=\"elementor-element elementor-element-5d055ca elementor-widget elementor-widget-heading\" data-id=\"5d055ca\" data-element_type=\"widget\" data-e-type=\"widget\" data-settings=\"{&quot;_animation&quot;:&quot;none&quot;}\" data-widget_type=\"heading.default\">\n\t\t\t\t\t<h3 class=\"elementor-heading-title elementor-size-default\">Reserva tiempo juntos en la Cova d\u2019Aigua<\/h3>\t\t\t\t<\/div>\n\t\t\t\t<div class=\"elementor-element elementor-element-0240ecd elementor-widget elementor-widget-text-editor\" data-id=\"0240ecd\" data-element_type=\"widget\" data-e-type=\"widget\" data-settings=\"{&quot;_animation&quot;:&quot;none&quot;}\" data-widget_type=\"text-editor.default\">\n\t\t\t\t\t\t\t\t\t<p>Relajaci\u00f3n con todos los sentidos incluye:<br>-Media hora en la Cova d\u2019Aigua y una hora de masaje relajante antiestr\u00e9s por persona.<br>-Un Masaje Relajante antiestr\u00e9s de 60 minutos (pies, piernas, brazos, abdomen, espalda y cabeza), es un masaje con aceites org\u00e1nicos y aceites esenciales de Scens, con efectos calmantes, relajantes e hidratantes, y est\u00e1 especialmente formulado para calmar y relajar cuerpo y mente, llev\u00e1ndote a una profunda relajaci\u00f3n con las manos de nuestra terapeuta experta. <br>-Obligatorio el ba\u00f1ador para el uso de la Cova d\u2019Aigua.<br>-Albornoz, las zapatillas y las toallas son proporcionadas por el hotel.<br>-Una copa de Cava o un Cocktail saludable.<\/p><p>Precio: 168 \u20ac por pareja.<br>Imprescindible reserva previa. Disponible de lunes a domingo, todo el a\u00f1o. <\/p>\t\t\t\t\t\t\t\t<\/div>\n\t\t\t\t<div class=\"elementor-element elementor-element-6783968 underli elementor-icon-list--layout-traditional elementor-list-item-link-full_width elementor-widget elementor-widget-icon-list\" data-id=\"6783968\" data-element_type=\"widget\" data-e-type=\"widget\" data-widget_type=\"icon-list.default\">\n\t\t\t\t\t\t\t<ul class=\"elementor-icon-list-items\">\n\t\t\t\t\t\t\t<li class=\"elementor-icon-list-item\">\n\t\t\t\t\t\t\t\t\t\t\t<a href=\"https:\/\/www.fresha.com\/es\/a\/palau-fugit-cova-daigua-girona-hotel-palau-fugit-carrer-bonaventura-carreras-i-peralta-4-oyxw9suc\/all-offer?menu=true#_gl=1*b3s0kj*_gcl_au*MjA4OTY5NjkzNi4xNzY4NDY4Mjg2\" target=\"_blank\" rel=\"nofollow\">\n\n\t\t\t\t\t\t\t\t\t\t\t\t<span class=\"elementor-icon-list-icon\">\n\t\t\t\t\t\t\t<svg xmlns=\"http:\/\/www.w3.org\/2000\/svg\" width=\"11.005\" height=\"8.2\" viewBox=\"0 0 11.005 8.2\" fill=\"none\" id=\"svg4\"><path d=\"M5.905 8.2c-.196 0-.294-.037-.294-.109 0-.041.052-.114.155-.217L9.052 4.65H.341C.114 4.65 0 4.495 0 4.185V4.03c0-.31.114-.465.341-.465h8.711L5.751.325C5.646.222 5.595.15 5.595.108c0-.072.098-.108.294-.108h.853c.206 0 .382.072.526.217l3.627 3.611c.073.073.109.176.109.31a.511.511 0 01-.016.124.375.375 0 01-.093.124l-3.61 3.596a.717.717 0 01-.527.218z\" fill=\"#000\" id=\"path2\"><\/path><\/svg>\t\t\t\t\t\t<\/span>\n\t\t\t\t\t\t\t\t\t\t<span class=\"elementor-icon-list-text\">Reserva aqu\u00ed<\/span>\n\t\t\t\t\t\t\t\t\t\t\t<\/a>\n\t\t\t\t\t\t\t\t\t<\/li>\n\t\t\t\t\t\t<\/ul>\n\t\t\t\t\t\t<\/div>\n\t\t\t\t<\/div>\n\t\t\t\t<\/div>\n\t\t<div class=\"elementor-element elementor-element-9d0ce36 e-con-full e-flex elementor-invisible e-con e-child\" data-id=\"9d0ce36\" data-element_type=\"container\" data-e-type=\"container\" data-settings=\"{&quot;animation&quot;:&quot;fadeInUp&quot;}\">\n\t\t<div class=\"elementor-element elementor-element-1dfaa20 e-con-full e-flex e-con e-child\" data-id=\"1dfaa20\" data-element_type=\"container\" data-e-type=\"container\" data-settings=\"{&quot;background_background&quot;:&quot;classic&quot;}\">\n\t\t\t\t<\/div>\n\t\t<div class=\"elementor-element elementor-element-f188879 e-con-full e-flex e-con e-child\" data-id=\"f188879\" data-element_type=\"container\" data-e-type=\"container\">\n\t\t\t\t<div class=\"elementor-element elementor-element-bb4271e elementor-widget elementor-widget-heading\" data-id=\"bb4271e\" data-element_type=\"widget\" data-e-type=\"widget\" data-settings=\"{&quot;_animation&quot;:&quot;none&quot;}\" data-widget_type=\"heading.default\">\n\t\t\t\t\t<h3 class=\"elementor-heading-title elementor-size-default\">Fugit Moments by Palau Fugit<\/h3>\t\t\t\t<\/div>\n\t\t\t\t<div class=\"elementor-element elementor-element-78c9429 elementor-widget elementor-widget-text-editor\" data-id=\"78c9429\" data-element_type=\"widget\" data-e-type=\"widget\" data-settings=\"{&quot;_animation&quot;:&quot;none&quot;}\" data-widget_type=\"text-editor.default\">\n\t\t\t\t\t\t\t\t\t<p>Desconecta de la rutina y disfruta de una escapada de dos d\u00edas de tranquilidad y cuidado personal en Palau Fugit. Nuestra oferta especial te invita a sumergirte en una experiencia de relajaci\u00f3n y bienestar en un entorno \u00fanico y acogedor, con acceso a servicios exclusivos para ti. <\/p><p>Tu escapada incluye:<br>\u2013 Estancia m\u00ednima de 2 noches<br>\u2013 Desayuno en nuestro sal\u00f3n Casa Heras<br>\u2013 2 masajes de 60 minutos cada uno<br>\u2013 1 hora de acceso a la Cova d\u2019Aigua<br>\u2013 Late check-out hasta las 14:00h (seg\u00fan disponibilidad)<br>\u2013 Mejora de habitaci\u00f3n (seg\u00fan disponibilidad)<\/p><p>Esta oferta es v\u00e1lida durante todo el a\u00f1o, para que disfrutes de un momento de bienestar cuando m\u00e1s lo necesites.<\/p>\t\t\t\t\t\t\t\t<\/div>\n\t\t\t\t<div class=\"elementor-element elementor-element-a0b62c3 underli elementor-icon-list--layout-traditional elementor-list-item-link-full_width elementor-widget elementor-widget-icon-list\" data-id=\"a0b62c3\" data-element_type=\"widget\" data-e-type=\"widget\" data-widget_type=\"icon-list.default\">\n\t\t\t\t\t\t\t<ul class=\"elementor-icon-list-items\">\n\t\t\t\t\t\t\t<li class=\"elementor-icon-list-item\">\n\t\t\t\t\t\t\t\t\t\t\t<a href=\"https:\/\/be.synxis.com\/?chain=22402&#038;hotel=49550&#038;src=24C\" target=\"_blank\" rel=\"nofollow\">\n\n\t\t\t\t\t\t\t\t\t\t\t\t<span class=\"elementor-icon-list-icon\">\n\t\t\t\t\t\t\t<svg xmlns=\"http:\/\/www.w3.org\/2000\/svg\" width=\"11.005\" height=\"8.2\" viewBox=\"0 0 11.005 8.2\" fill=\"none\" id=\"svg4\"><path d=\"M5.905 8.2c-.196 0-.294-.037-.294-.109 0-.041.052-.114.155-.217L9.052 4.65H.341C.114 4.65 0 4.495 0 4.185V4.03c0-.31.114-.465.341-.465h8.711L5.751.325C5.646.222 5.595.15 5.595.108c0-.072.098-.108.294-.108h.853c.206 0 .382.072.526.217l3.627 3.611c.073.073.109.176.109.31a.511.511 0 01-.016.124.375.375 0 01-.093.124l-3.61 3.596a.717.717 0 01-.527.218z\" fill=\"#000\" id=\"path2\"><\/path><\/svg>\t\t\t\t\t\t<\/span>\n\t\t\t\t\t\t\t\t\t\t<span class=\"elementor-icon-list-text\">Reserva aqu\u00ed<\/span>\n\t\t\t\t\t\t\t\t\t\t\t<\/a>\n\t\t\t\t\t\t\t\t\t<\/li>\n\t\t\t\t\t\t<\/ul>\n\t\t\t\t\t\t<\/div>\n\t\t\t\t<\/div>\n\t\t\t\t<\/div>\n\t\t<div class=\"elementor-element elementor-element-b1161bf e-con-full e-flex elementor-invisible e-con e-child\" data-id=\"b1161bf\" data-element_type=\"container\" data-e-type=\"container\" data-settings=\"{&quot;animation&quot;:&quot;fadeInUp&quot;}\">\n\t\t<div class=\"elementor-element elementor-element-99c3793 e-con-full e-flex e-con e-child\" data-id=\"99c3793\" data-element_type=\"container\" data-e-type=\"container\" data-settings=\"{&quot;background_background&quot;:&quot;classic&quot;}\">\n\t\t\t\t<\/div>\n\t\t<div class=\"elementor-element elementor-element-8c7bd14 e-con-full e-flex e-con e-child\" data-id=\"8c7bd14\" data-element_type=\"container\" data-e-type=\"container\">\n\t\t\t\t<div class=\"elementor-element elementor-element-fb7f41f elementor-widget elementor-widget-heading\" data-id=\"fb7f41f\" data-element_type=\"widget\" data-e-type=\"widget\" data-settings=\"{&quot;_animation&quot;:&quot;none&quot;}\" data-widget_type=\"heading.default\">\n\t\t\t\t\t<h3 class=\"elementor-heading-title elementor-size-default\">Tempus Fugit at Palau<\/h3>\t\t\t\t<\/div>\n\t\t\t\t<div class=\"elementor-element elementor-element-9524015 elementor-widget elementor-widget-text-editor\" data-id=\"9524015\" data-element_type=\"widget\" data-e-type=\"widget\" data-settings=\"{&quot;_animation&quot;:&quot;none&quot;}\" data-widget_type=\"text-editor.default\">\n\t\t\t\t\t\t\t\t\t<p>Reserva 2 noches en Palau Fugit y te regalamos un vale de 50\u202f\u20ac para disfrutarlo en uno de nuestros masajes y tratamientos, sin tener que salir del hotel.<br>Elige tu momento y hazlo tuyo.<\/p>\t\t\t\t\t\t\t\t<\/div>\n\t\t\t\t<div class=\"elementor-element elementor-element-39664d4 underli elementor-icon-list--layout-traditional elementor-list-item-link-full_width elementor-widget elementor-widget-icon-list\" data-id=\"39664d4\" data-element_type=\"widget\" data-e-type=\"widget\" data-widget_type=\"icon-list.default\">\n\t\t\t\t\t\t\t<ul class=\"elementor-icon-list-items\">\n\t\t\t\t\t\t\t<li class=\"elementor-icon-list-item\">\n\t\t\t\t\t\t\t\t\t\t\t<a href=\"https:\/\/be.synxis.com\/?chain=22402&#038;hotel=49550&#038;src=24C\" target=\"_blank\" rel=\"nofollow\">\n\n\t\t\t\t\t\t\t\t\t\t\t\t<span class=\"elementor-icon-list-icon\">\n\t\t\t\t\t\t\t<svg xmlns=\"http:\/\/www.w3.org\/2000\/svg\" width=\"11.005\" height=\"8.2\" viewBox=\"0 0 11.005 8.2\" fill=\"none\" id=\"svg4\"><path d=\"M5.905 8.2c-.196 0-.294-.037-.294-.109 0-.041.052-.114.155-.217L9.052 4.65H.341C.114 4.65 0 4.495 0 4.185V4.03c0-.31.114-.465.341-.465h8.711L5.751.325C5.646.222 5.595.15 5.595.108c0-.072.098-.108.294-.108h.853c.206 0 .382.072.526.217l3.627 3.611c.073.073.109.176.109.31a.511.511 0 01-.016.124.375.375 0 01-.093.124l-3.61 3.596a.717.717 0 01-.527.218z\" fill=\"#000\" id=\"path2\"><\/path><\/svg>\t\t\t\t\t\t<\/span>\n\t\t\t\t\t\t\t\t\t\t<span class=\"elementor-icon-list-text\">Reserva aqu\u00ed<\/span>\n\t\t\t\t\t\t\t\t\t\t\t<\/a>\n\t\t\t\t\t\t\t\t\t<\/li>\n\t\t\t\t\t\t<\/ul>\n\t\t\t\t\t\t<\/div>\n\t\t\t\t<\/div>\n\t\t\t\t<\/div>\n\t\t\t\t<\/div>\n\t\t\t\t<\/div>\n\t\t","protected":false},"excerpt":{"rendered":"<p>Aqu\u00ed encontrar\u00e1s todas las ofertas, descuentos y reducciones actuales de Palau Fugit. \u00a1Aprov\u00e9chalos! Cycling Week by Palau Fugit Nuestro Cycing Week incluye una estancia de 4 noches en una de nuestras habitaciones, con desayuno activo incluido.Adem\u00e1s, ofrecemos:\u2013 Acceso diario a nuestra Cova d\u2019Aigua durante una sesi\u00f3n de una hora (piscina interior a 32 grados, piedra [&hellip;]<\/p>\n","protected":false},"author":1,"featured_media":0,"parent":0,"menu_order":0,"comment_status":"closed","ping_status":"closed","template":"elementor_header_footer","meta":{"_acf_changed":false,"inline_featured_image":false,"footnotes":""},"class_list":["post-15019","page","type-page","status-publish","hentry"],"acf":[],"yoast_head":"<!-- This site is optimized with the Yoast SEO plugin v27.4 - https:\/\/yoast.com\/product\/yoast-seo-wordpress\/ -->\n<title>Ofertas - Palau Fugit<\/title>\n<meta name=\"description\" content=\"Aqu\u00ed encontrar\u00e1s todas las ofertas, descuentos y reducciones actuales de Palau Fugit. \u00a1Aprov\u00e9chalos!\" \/>\n<meta name=\"robots\" content=\"noindex, follow, max-snippet:-1, max-image-preview:large, max-video-preview:-1\" \/>\n<meta property=\"og:locale\" content=\"es_ES\" \/>\n<meta property=\"og:type\" content=\"article\" \/>\n<meta property=\"og:title\" content=\"Ofertas - Palau Fugit\" \/>\n<meta property=\"og:description\" content=\"Aqu\u00ed encontrar\u00e1s todas las ofertas, descuentos y reducciones actuales de Palau Fugit. \u00a1Aprov\u00e9chalos!\" \/>\n<meta property=\"og:url\" content=\"https:\/\/ficam.cat\/es\/ofertas\/\" \/>\n<meta property=\"og:site_name\" content=\"Palau Fugit\" \/>\n<meta property=\"article:modified_time\" content=\"2026-04-14T16:13:41+00:00\" \/>\n<meta name=\"twitter:card\" content=\"summary_large_image\" \/>\n<meta name=\"twitter:label1\" content=\"Tiempo de lectura\" \/>\n\t<meta name=\"twitter:data1\" content=\"2 minutos\" \/>\n<script type=\"application\/ld+json\" class=\"yoast-schema-graph\">{\"@context\":\"https:\\\/\\\/schema.org\",\"@graph\":[{\"@type\":\"WebPage\",\"@id\":\"https:\\\/\\\/ficam.cat\\\/es\\\/ofertas\\\/\",\"url\":\"https:\\\/\\\/ficam.cat\\\/es\\\/ofertas\\\/\",\"name\":\"Ofertas - Palau Fugit\",\"isPartOf\":{\"@id\":\"https:\\\/\\\/ficam.cat\\\/es\\\/#website\"},\"datePublished\":\"2026-01-26T12:14:14+00:00\",\"dateModified\":\"2026-04-14T16:13:41+00:00\",\"description\":\"Aqu\u00ed encontrar\u00e1s todas las ofertas, descuentos y reducciones actuales de Palau Fugit. \u00a1Aprov\u00e9chalos!\",\"breadcrumb\":{\"@id\":\"https:\\\/\\\/ficam.cat\\\/es\\\/ofertas\\\/#breadcrumb\"},\"inLanguage\":\"es\",\"potentialAction\":[{\"@type\":\"ReadAction\",\"target\":[\"https:\\\/\\\/ficam.cat\\\/es\\\/ofertas\\\/\"]}]},{\"@type\":\"BreadcrumbList\",\"@id\":\"https:\\\/\\\/ficam.cat\\\/es\\\/ofertas\\\/#breadcrumb\",\"itemListElement\":[{\"@type\":\"ListItem\",\"position\":1,\"name\":\"Inici\",\"item\":\"https:\\\/\\\/ficam.cat\\\/es\\\/inicio\\\/\"},{\"@type\":\"ListItem\",\"position\":2,\"name\":\"Ofertas\"}]},{\"@type\":\"WebSite\",\"@id\":\"https:\\\/\\\/ficam.cat\\\/es\\\/#website\",\"url\":\"https:\\\/\\\/ficam.cat\\\/es\\\/\",\"name\":\"Palau Fugit\",\"description\":\"Hotel Boutique en Girona\",\"publisher\":{\"@id\":\"https:\\\/\\\/ficam.cat\\\/es\\\/#organization\"},\"potentialAction\":[{\"@type\":\"SearchAction\",\"target\":{\"@type\":\"EntryPoint\",\"urlTemplate\":\"https:\\\/\\\/ficam.cat\\\/es\\\/?s={search_term_string}\"},\"query-input\":{\"@type\":\"PropertyValueSpecification\",\"valueRequired\":true,\"valueName\":\"search_term_string\"}}],\"inLanguage\":\"es\"},{\"@type\":\"Organization\",\"@id\":\"https:\\\/\\\/ficam.cat\\\/es\\\/#organization\",\"name\":\"Palau Fugit\",\"url\":\"https:\\\/\\\/ficam.cat\\\/es\\\/\",\"logo\":{\"@type\":\"ImageObject\",\"inLanguage\":\"es\",\"@id\":\"https:\\\/\\\/ficam.cat\\\/es\\\/#\\\/schema\\\/logo\\\/image\\\/\",\"url\":\"https:\\\/\\\/ficam.cat\\\/wp-content\\\/uploads\\\/2026\\\/02\\\/cropped-favicon_palaufugit-favicon.png\",\"contentUrl\":\"https:\\\/\\\/ficam.cat\\\/wp-content\\\/uploads\\\/2026\\\/02\\\/cropped-favicon_palaufugit-favicon.png\",\"width\":512,\"height\":512,\"caption\":\"Palau Fugit\"},\"image\":{\"@id\":\"https:\\\/\\\/ficam.cat\\\/es\\\/#\\\/schema\\\/logo\\\/image\\\/\"},\"sameAs\":[\"https:\\\/\\\/www.instagram.com\\\/palaufugitgirona\\\/\"]}]}<\/script>\n<!-- \/ Yoast SEO plugin. -->","yoast_head_json":{"title":"Ofertas - Palau Fugit","description":"Aqu\u00ed encontrar\u00e1s todas las ofertas, descuentos y reducciones actuales de Palau Fugit. \u00a1Aprov\u00e9chalos!","robots":{"index":"noindex","follow":"follow","max-snippet":"max-snippet:-1","max-image-preview":"max-image-preview:large","max-video-preview":"max-video-preview:-1"},"og_locale":"es_ES","og_type":"article","og_title":"Ofertas - Palau Fugit","og_description":"Aqu\u00ed encontrar\u00e1s todas las ofertas, descuentos y reducciones actuales de Palau Fugit. \u00a1Aprov\u00e9chalos!","og_url":"https:\/\/ficam.cat\/es\/ofertas\/","og_site_name":"Palau Fugit","article_modified_time":"2026-04-14T16:13:41+00:00","twitter_card":"summary_large_image","twitter_misc":{"Tiempo de lectura":"2 minutos"},"schema":{"@context":"https:\/\/schema.org","@graph":[{"@type":"WebPage","@id":"https:\/\/ficam.cat\/es\/ofertas\/","url":"https:\/\/ficam.cat\/es\/ofertas\/","name":"Ofertas - Palau Fugit","isPartOf":{"@id":"https:\/\/ficam.cat\/es\/#website"},"datePublished":"2026-01-26T12:14:14+00:00","dateModified":"2026-04-14T16:13:41+00:00","description":"Aqu\u00ed encontrar\u00e1s todas las ofertas, descuentos y reducciones actuales de Palau Fugit. \u00a1Aprov\u00e9chalos!","breadcrumb":{"@id":"https:\/\/ficam.cat\/es\/ofertas\/#breadcrumb"},"inLanguage":"es","potentialAction":[{"@type":"ReadAction","target":["https:\/\/ficam.cat\/es\/ofertas\/"]}]},{"@type":"BreadcrumbList","@id":"https:\/\/ficam.cat\/es\/ofertas\/#breadcrumb","itemListElement":[{"@type":"ListItem","position":1,"name":"Inici","item":"https:\/\/ficam.cat\/es\/inicio\/"},{"@type":"ListItem","position":2,"name":"Ofertas"}]},{"@type":"WebSite","@id":"https:\/\/ficam.cat\/es\/#website","url":"https:\/\/ficam.cat\/es\/","name":"Palau Fugit","description":"Hotel Boutique en Girona","publisher":{"@id":"https:\/\/ficam.cat\/es\/#organization"},"potentialAction":[{"@type":"SearchAction","target":{"@type":"EntryPoint","urlTemplate":"https:\/\/ficam.cat\/es\/?s={search_term_string}"},"query-input":{"@type":"PropertyValueSpecification","valueRequired":true,"valueName":"search_term_string"}}],"inLanguage":"es"},{"@type":"Organization","@id":"https:\/\/ficam.cat\/es\/#organization","name":"Palau Fugit","url":"https:\/\/ficam.cat\/es\/","logo":{"@type":"ImageObject","inLanguage":"es","@id":"https:\/\/ficam.cat\/es\/#\/schema\/logo\/image\/","url":"https:\/\/ficam.cat\/wp-content\/uploads\/2026\/02\/cropped-favicon_palaufugit-favicon.png","contentUrl":"https:\/\/ficam.cat\/wp-content\/uploads\/2026\/02\/cropped-favicon_palaufugit-favicon.png","width":512,"height":512,"caption":"Palau Fugit"},"image":{"@id":"https:\/\/ficam.cat\/es\/#\/schema\/logo\/image\/"},"sameAs":["https:\/\/www.instagram.com\/palaufugitgirona\/"]}]}},"_links":{"self":[{"href":"https:\/\/ficam.cat\/es\/wp-json\/wp\/v2\/pages\/15019","targetHints":{"allow":["GET"]}}],"collection":[{"href":"https:\/\/ficam.cat\/es\/wp-json\/wp\/v2\/pages"}],"about":[{"href":"https:\/\/ficam.cat\/es\/wp-json\/wp\/v2\/types\/page"}],"author":[{"embeddable":true,"href":"https:\/\/ficam.cat\/es\/wp-json\/wp\/v2\/users\/1"}],"replies":[{"embeddable":true,"href":"https:\/\/ficam.cat\/es\/wp-json\/wp\/v2\/comments?post=15019"}],"version-history":[{"count":2,"href":"https:\/\/ficam.cat\/es\/wp-json\/wp\/v2\/pages\/15019\/revisions"}],"predecessor-version":[{"id":15765,"href":"https:\/\/ficam.cat\/es\/wp-json\/wp\/v2\/pages\/15019\/revisions\/15765"}],"wp:attachment":[{"href":"https:\/\/ficam.cat\/es\/wp-json\/wp\/v2\/media?parent=15019"}],"curies":[{"name":"wp","href":"https:\/\/api.w.org\/{rel}","templated":true}]}}