{"id":15777,"date":"2026-01-29T15:34:10","date_gmt":"2026-01-29T15:34:10","guid":{"rendered":"https:\/\/ficam.cat\/terminos-y-condiciones\/"},"modified":"2026-04-13T15:51:24","modified_gmt":"2026-04-13T15:51:24","slug":"terminos-y-condiciones","status":"publish","type":"page","link":"https:\/\/ficam.cat\/es\/terminos-y-condiciones\/","title":{"rendered":"T\u00e9rminos y Condiciones"},"content":{"rendered":"\t\t<div data-elementor-type=\"wp-page\" data-elementor-id=\"15777\" class=\"elementor elementor-15777 elementor-13337\" data-elementor-post-type=\"page\">\n\t\t\t\t<div class=\"elementor-element elementor-element-ee308be e-con-full e-flex e-con e-parent\" data-id=\"ee308be\" data-element_type=\"container\" data-e-type=\"container\" data-settings=\"{&quot;background_background&quot;:&quot;classic&quot;}\">\n\t\t\t\t<div class=\"elementor-element elementor-element-e8cfb8b elementor-widget elementor-widget-heading\" data-id=\"e8cfb8b\" data-element_type=\"widget\" data-e-type=\"widget\" data-widget_type=\"heading.default\">\n\t\t\t\t\t<h1 class=\"elementor-heading-title elementor-size-default\">T\u00e9rminos y Condiciones<\/h1>\t\t\t\t<\/div>\n\t\t\t\t<div class=\"elementor-element elementor-element-8a9744a elementor-widget elementor-widget-text-editor\" data-id=\"8a9744a\" data-element_type=\"widget\" data-e-type=\"widget\" data-widget_type=\"text-editor.default\">\n\t\t\t\t\t\t\t\t\t<p><strong>Reservas<\/strong><\/p><p><\/p><p>Las reservas se realizan a trav\u00e9s del motor de reservas disponible en la web.<br>El usuario se compromete a proporcionar datos veraces y completos. <\/p><p><\/p><p style=\"margin-top: 0.42cm; margin-bottom: 0.42cm; line-height: 100%;\"><b>Tipos de tarifas y pago<\/b><\/p><p><\/p><ul><li>Tarifas no reembolsables (non refundable): el importe total se cobra en el momento de la reserva.<\/li><li>Otras tarifas: el pago se realiza en el alojamiento.<\/li><\/ul><p style=\"margin-top: 20px;\">El establecimiento podr\u00e1 solicitar una tarjeta bancaria como garant\u00eda de la reserva.<br><\/p><p style=\"margin-top: 0.42cm; margin-bottom: 0.42cm; line-height: 100%;\"><b>Pol\u00edtica de cancelaci\u00f3n<\/b><\/p><p><\/p><p style=\"margin-top: 0.42cm; margin-bottom: 0.42cm; line-height: 100%;\"> Las condiciones de cancelaci\u00f3n espec\u00edficas se indicar\u00e1n durante el proceso de reserva.<\/p><p style=\"margin-top: 0.42cm; margin-bottom: 0.42cm; line-height: 100%;\">En tarifas no reembolsables, no se admiten cancelaciones ni devoluciones.<\/p><p style=\"margin-top: 0.42cm; margin-bottom: 0.42cm; line-height: 100%;\">En tarifas est\u00e1ndar, la cancelaci\u00f3n podr\u00e1 ser gratuita dentro del plazo indicado en la reserva.<\/p><p style=\"margin-top: 0.42cm; margin-bottom: 0.42cm; line-height: 100%;\">n caso de no presentaci\u00f3n (no-show), el establecimiento podr\u00e1 aplicar cargos seg\u00fan las condiciones aceptadas en la reserva.<\/p><p><\/p><p><b>Responsabilidad<\/b><\/p><p style=\"margin-top: 0.42cm; margin-bottom: 0.42cm; line-height: 100%;\"> Hotel Palau Fugit no se hace responsable de interrupciones del servicio por causas ajenas o de fuerza mayor.<\/p><p><\/p><p><b>Propiedad intelectual<\/b><\/p><p style=\"margin-top: 0.42cm; margin-bottom: 0.42cm; line-height: 100%;\"> Todos los contenidos del sitio web son propiedad de Hotel Palau Fugit o cuentan con licencia para su uso.<\/p><p>Queda prohibida su reproducci\u00f3n sin autorizaci\u00f3n.<\/p><p><b>\u00daltima actualizaci\u00f3n: 2026<\/b><\/p>\t\t\t\t\t\t\t\t<\/div>\n\t\t\t\t<\/div>\n\t\t\t\t<\/div>\n\t\t","protected":false},"excerpt":{"rendered":"<p>Reservas Las reservas se realizan a trav\u00e9s del motor de reservas disponible en la web.El usuario se compromete a proporcionar datos veraces y completos. Tipos de tarifas y pago Tarifas no reembolsables (non refundable): el importe total se cobra en el momento de la reserva. Otras tarifas: el pago se realiza en el alojamiento. El [&hellip;]<\/p>\n","protected":false},"author":1,"featured_media":0,"parent":0,"menu_order":0,"comment_status":"closed","ping_status":"closed","template":"elementor_header_footer","meta":{"_acf_changed":false,"inline_featured_image":false,"footnotes":""},"class_list":["post-15777","page","type-page","status-publish","hentry"],"acf":[],"yoast_head":"<!-- This site is optimized with the Yoast SEO plugin v27.3 - https:\/\/yoast.com\/product\/yoast-seo-wordpress\/ -->\n<title>T\u00e9rminos y Condiciones - Palau Fugit<\/title>\n<meta name=\"robots\" content=\"noindex, follow, max-snippet:-1, max-image-preview:large, max-video-preview:-1\" \/>\n<meta property=\"og:locale\" content=\"es_ES\" \/>\n<meta property=\"og:type\" content=\"article\" \/>\n<meta property=\"og:title\" content=\"T\u00e9rminos y Condiciones - Palau Fugit\" \/>\n<meta property=\"og:description\" content=\"Reservas Las reservas se realizan a trav\u00e9s del motor de reservas disponible en la web.El usuario se compromete a proporcionar datos veraces y completos. Tipos de tarifas y pago Tarifas no reembolsables (non refundable): el importe total se cobra en el momento de la reserva. Otras tarifas: el pago se realiza en el alojamiento. El [&hellip;]\" \/>\n<meta property=\"og:url\" content=\"https:\/\/ficam.cat\/es\/terminos-y-condiciones\/\" \/>\n<meta property=\"og:site_name\" content=\"Palau Fugit\" \/>\n<meta property=\"article:modified_time\" content=\"2026-04-13T15:51:24+00:00\" \/>\n<meta name=\"twitter:card\" content=\"summary_large_image\" \/>\n<meta name=\"twitter:label1\" content=\"Tiempo de lectura\" \/>\n\t<meta name=\"twitter:data1\" content=\"1 minuto\" \/>\n<script type=\"application\/ld+json\" class=\"yoast-schema-graph\">{\"@context\":\"https:\\\/\\\/schema.org\",\"@graph\":[{\"@type\":\"WebPage\",\"@id\":\"https:\\\/\\\/ficam.cat\\\/es\\\/terminos-y-condiciones\\\/\",\"url\":\"https:\\\/\\\/ficam.cat\\\/es\\\/terminos-y-condiciones\\\/\",\"name\":\"T\u00e9rminos y Condiciones - Palau Fugit\",\"isPartOf\":{\"@id\":\"https:\\\/\\\/ficam.cat\\\/es\\\/#website\"},\"datePublished\":\"2026-01-29T15:34:10+00:00\",\"dateModified\":\"2026-04-13T15:51:24+00:00\",\"breadcrumb\":{\"@id\":\"https:\\\/\\\/ficam.cat\\\/es\\\/terminos-y-condiciones\\\/#breadcrumb\"},\"inLanguage\":\"es\",\"potentialAction\":[{\"@type\":\"ReadAction\",\"target\":[\"https:\\\/\\\/ficam.cat\\\/es\\\/terminos-y-condiciones\\\/\"]}]},{\"@type\":\"BreadcrumbList\",\"@id\":\"https:\\\/\\\/ficam.cat\\\/es\\\/terminos-y-condiciones\\\/#breadcrumb\",\"itemListElement\":[{\"@type\":\"ListItem\",\"position\":1,\"name\":\"Inici\",\"item\":\"https:\\\/\\\/ficam.cat\\\/es\\\/inicio\\\/\"},{\"@type\":\"ListItem\",\"position\":2,\"name\":\"T\u00e9rminos y Condiciones\"}]},{\"@type\":\"WebSite\",\"@id\":\"https:\\\/\\\/ficam.cat\\\/es\\\/#website\",\"url\":\"https:\\\/\\\/ficam.cat\\\/es\\\/\",\"name\":\"Palau Fugit\",\"description\":\"Hotel Boutique en Girona\",\"publisher\":{\"@id\":\"https:\\\/\\\/ficam.cat\\\/es\\\/#organization\"},\"potentialAction\":[{\"@type\":\"SearchAction\",\"target\":{\"@type\":\"EntryPoint\",\"urlTemplate\":\"https:\\\/\\\/ficam.cat\\\/es\\\/?s={search_term_string}\"},\"query-input\":{\"@type\":\"PropertyValueSpecification\",\"valueRequired\":true,\"valueName\":\"search_term_string\"}}],\"inLanguage\":\"es\"},{\"@type\":\"Organization\",\"@id\":\"https:\\\/\\\/ficam.cat\\\/es\\\/#organization\",\"name\":\"Palau Fugit\",\"url\":\"https:\\\/\\\/ficam.cat\\\/es\\\/\",\"logo\":{\"@type\":\"ImageObject\",\"inLanguage\":\"es\",\"@id\":\"https:\\\/\\\/ficam.cat\\\/es\\\/#\\\/schema\\\/logo\\\/image\\\/\",\"url\":\"https:\\\/\\\/ficam.cat\\\/wp-content\\\/uploads\\\/2026\\\/02\\\/cropped-favicon_palaufugit-favicon.png\",\"contentUrl\":\"https:\\\/\\\/ficam.cat\\\/wp-content\\\/uploads\\\/2026\\\/02\\\/cropped-favicon_palaufugit-favicon.png\",\"width\":512,\"height\":512,\"caption\":\"Palau Fugit\"},\"image\":{\"@id\":\"https:\\\/\\\/ficam.cat\\\/es\\\/#\\\/schema\\\/logo\\\/image\\\/\"},\"sameAs\":[\"https:\\\/\\\/www.instagram.com\\\/palaufugitgirona\\\/\"]}]}<\/script>\n<!-- \/ Yoast SEO plugin. -->","yoast_head_json":{"title":"T\u00e9rminos y Condiciones - Palau Fugit","robots":{"index":"noindex","follow":"follow","max-snippet":"max-snippet:-1","max-image-preview":"max-image-preview:large","max-video-preview":"max-video-preview:-1"},"og_locale":"es_ES","og_type":"article","og_title":"T\u00e9rminos y Condiciones - Palau Fugit","og_description":"Reservas Las reservas se realizan a trav\u00e9s del motor de reservas disponible en la web.El usuario se compromete a proporcionar datos veraces y completos. Tipos de tarifas y pago Tarifas no reembolsables (non refundable): el importe total se cobra en el momento de la reserva. Otras tarifas: el pago se realiza en el alojamiento. El [&hellip;]","og_url":"https:\/\/ficam.cat\/es\/terminos-y-condiciones\/","og_site_name":"Palau Fugit","article_modified_time":"2026-04-13T15:51:24+00:00","twitter_card":"summary_large_image","twitter_misc":{"Tiempo de lectura":"1 minuto"},"schema":{"@context":"https:\/\/schema.org","@graph":[{"@type":"WebPage","@id":"https:\/\/ficam.cat\/es\/terminos-y-condiciones\/","url":"https:\/\/ficam.cat\/es\/terminos-y-condiciones\/","name":"T\u00e9rminos y Condiciones - Palau Fugit","isPartOf":{"@id":"https:\/\/ficam.cat\/es\/#website"},"datePublished":"2026-01-29T15:34:10+00:00","dateModified":"2026-04-13T15:51:24+00:00","breadcrumb":{"@id":"https:\/\/ficam.cat\/es\/terminos-y-condiciones\/#breadcrumb"},"inLanguage":"es","potentialAction":[{"@type":"ReadAction","target":["https:\/\/ficam.cat\/es\/terminos-y-condiciones\/"]}]},{"@type":"BreadcrumbList","@id":"https:\/\/ficam.cat\/es\/terminos-y-condiciones\/#breadcrumb","itemListElement":[{"@type":"ListItem","position":1,"name":"Inici","item":"https:\/\/ficam.cat\/es\/inicio\/"},{"@type":"ListItem","position":2,"name":"T\u00e9rminos y Condiciones"}]},{"@type":"WebSite","@id":"https:\/\/ficam.cat\/es\/#website","url":"https:\/\/ficam.cat\/es\/","name":"Palau Fugit","description":"Hotel Boutique en Girona","publisher":{"@id":"https:\/\/ficam.cat\/es\/#organization"},"potentialAction":[{"@type":"SearchAction","target":{"@type":"EntryPoint","urlTemplate":"https:\/\/ficam.cat\/es\/?s={search_term_string}"},"query-input":{"@type":"PropertyValueSpecification","valueRequired":true,"valueName":"search_term_string"}}],"inLanguage":"es"},{"@type":"Organization","@id":"https:\/\/ficam.cat\/es\/#organization","name":"Palau Fugit","url":"https:\/\/ficam.cat\/es\/","logo":{"@type":"ImageObject","inLanguage":"es","@id":"https:\/\/ficam.cat\/es\/#\/schema\/logo\/image\/","url":"https:\/\/ficam.cat\/wp-content\/uploads\/2026\/02\/cropped-favicon_palaufugit-favicon.png","contentUrl":"https:\/\/ficam.cat\/wp-content\/uploads\/2026\/02\/cropped-favicon_palaufugit-favicon.png","width":512,"height":512,"caption":"Palau Fugit"},"image":{"@id":"https:\/\/ficam.cat\/es\/#\/schema\/logo\/image\/"},"sameAs":["https:\/\/www.instagram.com\/palaufugitgirona\/"]}]}},"_links":{"self":[{"href":"https:\/\/ficam.cat\/es\/wp-json\/wp\/v2\/pages\/15777","targetHints":{"allow":["GET"]}}],"collection":[{"href":"https:\/\/ficam.cat\/es\/wp-json\/wp\/v2\/pages"}],"about":[{"href":"https:\/\/ficam.cat\/es\/wp-json\/wp\/v2\/types\/page"}],"author":[{"embeddable":true,"href":"https:\/\/ficam.cat\/es\/wp-json\/wp\/v2\/users\/1"}],"replies":[{"embeddable":true,"href":"https:\/\/ficam.cat\/es\/wp-json\/wp\/v2\/comments?post=15777"}],"version-history":[{"count":1,"href":"https:\/\/ficam.cat\/es\/wp-json\/wp\/v2\/pages\/15777\/revisions"}],"predecessor-version":[{"id":15778,"href":"https:\/\/ficam.cat\/es\/wp-json\/wp\/v2\/pages\/15777\/revisions\/15778"}],"wp:attachment":[{"href":"https:\/\/ficam.cat\/es\/wp-json\/wp\/v2\/media?parent=15777"}],"curies":[{"name":"wp","href":"https:\/\/api.w.org\/{rel}","templated":true}]}}