{"id":15791,"date":"2026-01-29T15:33:53","date_gmt":"2026-01-29T15:33:53","guid":{"rendered":"https:\/\/ficam.cat\/politica-de-cookies\/"},"modified":"2026-04-14T15:26:33","modified_gmt":"2026-04-14T15:26:33","slug":"politica-de-cookies","status":"publish","type":"page","link":"https:\/\/ficam.cat\/es\/politica-de-cookies\/","title":{"rendered":"Pol\u00edtica de cookies"},"content":{"rendered":"\t\t<div data-elementor-type=\"wp-page\" data-elementor-id=\"15791\" class=\"elementor elementor-15791 elementor-13335\" data-elementor-post-type=\"page\">\n\t\t\t\t<div class=\"elementor-element elementor-element-20e69c9 e-con-full e-flex e-con e-parent\" data-id=\"20e69c9\" data-element_type=\"container\" data-e-type=\"container\" data-settings=\"{&quot;background_background&quot;:&quot;classic&quot;}\">\n\t\t\t\t<div class=\"elementor-element elementor-element-3208dc5 elementor-widget elementor-widget-heading\" data-id=\"3208dc5\" data-element_type=\"widget\" data-e-type=\"widget\" data-widget_type=\"heading.default\">\n\t\t\t\t\t<h1 class=\"elementor-heading-title elementor-size-default\">Pol\u00edtica de cookies<\/h1>\t\t\t\t<\/div>\n\t\t\t\t<div class=\"elementor-element elementor-element-718518c elementor-widget elementor-widget-text-editor\" data-id=\"718518c\" data-element_type=\"widget\" data-e-type=\"widget\" data-widget_type=\"text-editor.default\">\n\t\t\t\t\t\t\t\t\t<p>palaufugit.com utiliza cookies con la finalidad de prestarle una mejor experiencia en su navegaci\u00f3n. Asimismo, en caso de que preste su consentimiento, utilizaremos cookies que nos permitan obtener m\u00e1s informaci\u00f3n acerca de sus preferencias y personalizar nuestro Sitio Web de conformidad con sus intereses individuales, para que tenga una navegaci\u00f3n m\u00e1s fluida y personalizada.<br>Queremos informarle de manera clara y precisa sobre las cookies que utilizamos en nuestro sitio web. En caso de que quiera obtener m\u00e1s informaci\u00f3n sobre el uso y la finalidad que hacemos de las cookies implementadas en nuestro sitio web, puede escribir un correo electr\u00f3nico a hola@palaufugit.com  <\/p>\n<p><b>\u00bfQu\u00e9 es una cookie?<\/b><\/p>\n<p>Una cookie es un peque\u00f1o archivo que se descarga en el ordenador, tablet o smartphone del usuario, con la finalidad de almacenar datos e informaci\u00f3n que podr\u00e1n ser actualizados y recuperados por la entidad responsable de su instalaci\u00f3n.<br>La informaci\u00f3n recabada a trav\u00e9s de las cookies puede incluir la fecha y hora de visitas al sitio web, las distintas pesta\u00f1as que usted ha visionado o el tiempo que ha permanecido en el mismo. <\/p>\n<p style=\"margin-top: 0.42cm; margin-bottom: 0.42cm; line-height: 100%;\"><b>\u00bfQu\u00e9 tipos de cookies utiliza este sitio web?<\/b><\/p>\n<p style=\"margin-top: 0.42cm; margin-bottom: 0.42cm; line-height: 100%;\">Estado de la sesi\u00f3n: utilizamos esta cookie para mantener y propagar la sesi\u00f3n de usuario entre las diversas p\u00e1ginas que visita.<\/p>\n<p>Cookies propias<\/p>\n<p style=\"margin-top: 0.42cm; margin-bottom: 0.42cm; line-height: 100%;\">Esta tipolog\u00eda de cookies son enviadas a su ordenador y gestionadas exclusivamente por nosotros para el mejor funcionamiento del sitio web. La informaci\u00f3n que recabamos se emplea para mejorar la calidad de nuestro servicio y su experiencia como usuario. <\/p>\n<p><b>Cookies de terceros<\/b><\/p>\n<p style=\"margin-bottom: 0cm;\">Son aquellas que se env\u00edan a su equipo desde un equipo o dominio que no es gestionado por nosotros, sino por otra entidad colaboradora. Las cookies anal\u00edticas utilizadas por Google, o las utilizadas por las redes sociales para ofrecer al usuario la posibilidad de compartir o recomendar contenidos de nuestra p\u00e1gina web en las mismas. <\/p>\n<p><b>Concretamente, las cookies utilizadas en esta p\u00e1gina web son:<\/b><\/p>\n<table border=\"1\">\n<thead>\n<tr>\n<th>Nombre<\/th>\n<th>Dominio<\/th>\n<th>Duracion<\/th>\n<th>Tipo i prop\u00f3sito<\/th>\n<th>Descripci\u00f3n<\/th>\n<\/tr>\n<\/thead>\n<tbody>\n<tr>\n<td>SEARCH_SAMESITE<\/td>\n<td>.google.com<\/td>\n<td>6 meses<\/td>\nSeguridad\n<td><\/td><td>Previene el env\u00edo de cookies en solicitudes entre sitios (CSRF).<\/td>\n<\/tr>\n<tr>\n<td>SID \/ SIDCC \/ SSID<\/td>\n<td>.google.com<\/td>\n<td>2 a\u00f1os<\/td>\n<td>Autenticaci\u00f3n y Seguridad<\/td>\n<td>Registros cifrados del ID de usuario y la hora de inicio de sesi\u00f3n.<\/td>\n<\/tr>\n<tr>\n<td>wordpress_logged_in_*<\/td>\n<td>palaufugit.com<\/td>\n<td>Sesi\u00f3n<\/td>\n<td>Necesaria<\/td>\n<td>Mantiene la sesi\u00f3n del usuario identificada en el sistema.<\/td>\n<\/tr>\n<tr>\n<td>wordpress_test_cookie<\/td>\n<td>palaufugit.com<\/td>\n<td>Sesi\u00f3n<\/td>\n<td>Funcional<\/td>\n<td>Comprueba si el navegador acepta cookies.<\/td>\n<\/tr>\n<tr>\n<td>wp-settings \/ wp-settings-time<\/td>\n<td>palaufugit.com<\/td>\n<td>1 a\u00f1o<\/td>\n<td>Personalizaci\u00f3n<\/td>\n<td>Almacena la configuraci\u00f3n de la interfaz del usuario.<\/td>\n<\/tr>\n<tr>\n<td>wp-wpml_current_language<\/td>\n<td>palaufugit.com<\/td>\n<td>Sesi\u00f3n<\/td>\n<td>Idioma<\/td>\n<td>Almacena el idioma seleccionado para la navegaci\u00f3n.<\/td>\n<\/tr>\n<\/tbody>\n<\/table>\n<p><strong>Nivel de intrusi\u00f3n:<\/strong> Las cookies arriba expuestas incorporan un criterio de &#8216;nivel de intrusi\u00f3n&#8217; apoyado en una escala del 1 al 3:<\/p>\n<ul>\n<li><strong>Nivel 1:<\/strong> Cookies de uso interno imprescindibles para la prestaci\u00f3n del propio servicio solicitado por el usuario.<\/li>\n<li><strong>Nivel 2:<\/strong> Cookies an\u00f3nimas de uso interno necesarias para el mantenimiento de contenidos y navegaci\u00f3n, as\u00ed como a cookies gestionadas por terceros en el marco de servicios solicitados expresamente por el usuario.<\/li>\n<li><strong>Nivel 3:<\/strong> Cookies gestionadas por terceros en el marco de servicios no solicitados expresamente por el usuario. El uso de cookies de nivel 3 est\u00e1 sujeto al permiso previo del usuario mediante confirmaci\u00f3n expresa. <\/li>\n<\/ul>\n<p><b>&nbsp;<\/b><\/p>\n<p><b style=\"font-size: 11pt; color: #000000; font-family: inherit;\">\u00bfC\u00f3mo puedo configurar o deshabilitar las cookies que utiliza este sitio web?<\/b><\/p>\n<p><b style=\"font-size: 11pt; color: #000000; font-family: inherit;\">&nbsp;<\/b>Para restringir o bloquear las cookies, usted deber\u00e1 modificar la configuraci\u00f3n del navegador que utilice en su equipo. Con car\u00e1cter general los navegadores ofrecen las siguientes opciones de configuraci\u00f3n: <\/p>\n<h3><span style=\"color: #000000;\"><span style=\"font-size: 11pt;\"><b>Google Chrome:&nbsp;<\/b><\/span><\/span><\/h3>\n<h3><b style=\"font-family: inherit; font-size: 16px; color: inherit;\">Eliminar cookies:<\/b><\/h3>\n<ul>\n<li>Haz clic en los tres puntos en la esquina superior derecha.<\/li>\n<li>Selecciona &#8216;Historial&#8217; y luego &#8216;Historial&#8217;.<\/li>\n<li>Haz clic en &#8216;Eliminar datos de navegaci\u00f3n&#8217;.<\/li>\n<li>Marca &#8216;Cookies y otros datos de sitios&#8217; y haz clic en &#8216;Borrar datos&#8217;.<\/li>\n<\/ul>\n<p><strong>&nbsp;<\/strong><\/p>\n<p><strong>Bloquear cookies:<\/strong><\/p>\n<ul>\n<li>Haz clic en los tres puntos, selecciona &#8216;Configuraci\u00f3n&#8217;.<\/li>\n<li>En &#8216;Privacidad y seguridad&#8217;, selecciona &#8216;Configuraci\u00f3n de contenido&#8217;.<\/li>\n<li>En &#8216;Cookies&#8217;, puedes bloquear las cookies de terceros o todas las cookies.<\/li>\n<\/ul>\n<h3><b style=\"font-size: 11pt; color: #000000; font-family: inherit;\">Mozilla Firefox:<\/b><b style=\"font-family: inherit; font-size: 11pt; color: #000000;\">&nbsp;<\/b><\/h3>\n<h3><b style=\"font-family: inherit; font-size: 16px; color: inherit;\">Eliminar cookies:<\/b><\/h3>\n<ul>\n<li>Haz clic en las tres l\u00edneas en la esquina superior derecha.<\/li>\n<li>Selecciona &#8216;Opciones&#8217; &gt; &#8216;Privacidad y seguridad&#8217;.<\/li>\n<li>En &#8216;Cookies y datos del sitio&#8217;, haz clic en &#8216;Limpiar datos&#8217;.<\/li>\n<\/ul>\n<p><strong>&nbsp;<\/strong><\/p>\n<p><strong>Bloquear cookies:<\/strong><\/p>\n<ul>\n<li>En la misma secci\u00f3n, puedes bloquear cookies de terceros o todas las cookies.<\/li>\n<\/ul>\n<h3><b style=\"font-size: 11pt; color: #000000; font-family: inherit;\">Microsoft Edge:<\/b><b style=\"font-family: inherit; font-size: 11pt; color: #000000;\">&nbsp;<\/b><\/h3>\n<h3><b style=\"font-family: inherit; font-size: 16px; color: inherit;\">Eliminar cookies:<\/b><\/h3>\n<ul>\n<li>Haz clic en los tres puntos en la esquina superior derecha.<\/li>\n<li>Selecciona &#8216;Configuraci\u00f3n&#8217; &gt; &#8216;Privacidad, b\u00fasqueda y servicios&#8217;.<\/li>\n<li>Haz clic en &#8216;Elegir qu\u00e9 borrar&#8217; y selecciona &#8216;Cookies y otros datos del sitio&#8217;.<\/li>\n<\/ul>\n<p><strong>&nbsp;<\/strong><\/p>\n<p><strong>Bloquear cookies:<\/strong><\/p>\n<ul>\n<li>En la misma secci\u00f3n, puedes bloquear cookies de terceros.<\/li>\n<\/ul>\n<h3><b style=\"font-size: 11pt; color: #000000; font-family: inherit;\">Safari:<\/b><b style=\"font-family: inherit; font-size: 11pt; color: #000000;\">&nbsp;<\/b><\/h3>\n<h3><b style=\"font-family: inherit; font-size: 16px; color: inherit;\">Eliminar cookies:<\/b><\/h3>\n<ul>\n<li>En la barra de men\u00fa, selecciona &#8216;Historial&#8217; &gt; &#8216;Borrar historial&#8217;.<\/li>\n<li>Elige el rango de tiempo y haz clic en &#8216;Borrar historial&#8217;.<\/li>\n<\/ul>\n<p><strong>&nbsp;<\/strong><\/p>\n<p><strong>Bloquear cookies:<\/strong><\/p>\n<ul>\n<li>Ve a &#8216;Preferencias&#8217; &gt; &#8216;Privacidad&#8217;.<\/li>\n<li>En &#8216;Cookies y datos del sitio web&#8217;, elige la opci\u00f3n deseada.<\/li>\n<\/ul>\n<div>&nbsp;<\/div>\n<h3><span style=\"color: #000000;\"><span style=\"font-size: 11pt;\"><b>Revocaci\u00f3n del consentimiento<\/b><\/span><\/span><\/h3>\n<div>\n<p style=\"margin-bottom: 0cm;\">El usuario puede revocar su consentimiento para el uso de cookies en su navegador o mediante los siguientes enlaces:<\/p>\n<ul>\n<li><a style=\"color: black;\" href=\"https:\/\/tools.google.com\/dlpage\/gaoptout\" target=\"_blank\" rel=\"noopener noreferrer nofollow\">Opt-out of Google Analytics<\/a><\/li>\n<li><a style=\"color: black;\" href=\"https:\/\/myadcenter.google.com\/home?sasb=true&amp;ref=ad-settings\" target=\"_blank\" rel=\"noopener noreferrer nofollow\">Opt-out of DoubleClick<\/a><\/li>\n<\/ul>\n<p><b><br><\/b><\/p>\n<p><b>Funcionamiento del portal<\/b><\/p>\n<p style=\"margin-bottom: 0cm\">Tenga en cuenta que si decide configurar su navegador para que rechace nuestras cookies, no podremos mantener sus preferencias y algunas p\u00e1ginas pueden no estar disponibles.<\/p>\n<p style=\"margin-bottom: 0cm\"><br><\/p>\n<h3><font color=\"#000000\"><font style=\"font-size: 11pt\"><b>Cambios en la pol\u00edtica de cookies<\/b><\/font><\/font><\/h3>\n<div><p style=\"margin-bottom: 0cm\">Es posible que actualicemos la pol\u00edtica de cookies de nuestro sitio web, por ello le recomendamos revisar esta pol\u00edtica cada vez que acceda a nuestro sitio web para estar adecuadamente informado sobre c\u00f3mo y para qu\u00e9 usamos las cookies. <\/p><\/div>\n<\/div>\t\t\t\t\t\t\t\t<\/div>\n\t\t\t\t<\/div>\n\t\t\t\t<\/div>\n\t\t","protected":false},"excerpt":{"rendered":"<p>palaufugit.com utiliza cookies con la finalidad de prestarle una mejor experiencia en su navegaci\u00f3n. Asimismo, en caso de que preste su consentimiento, utilizaremos cookies que nos permitan obtener m\u00e1s informaci\u00f3n acerca de sus preferencias y personalizar nuestro Sitio Web de conformidad con sus intereses individuales, para que tenga una navegaci\u00f3n m\u00e1s fluida y personalizada.Queremos informarle [&hellip;]<\/p>\n","protected":false},"author":1,"featured_media":0,"parent":0,"menu_order":0,"comment_status":"closed","ping_status":"closed","template":"elementor_header_footer","meta":{"_acf_changed":false,"inline_featured_image":false,"footnotes":""},"class_list":["post-15791","page","type-page","status-publish","hentry"],"acf":[],"yoast_head":"<!-- This site is optimized with the Yoast SEO plugin v27.3 - https:\/\/yoast.com\/product\/yoast-seo-wordpress\/ -->\n<title>Pol\u00edtica de cookies - Palau Fugit<\/title>\n<meta name=\"robots\" content=\"noindex, nofollow\" \/>\n<meta property=\"og:locale\" content=\"es_ES\" \/>\n<meta property=\"og:type\" content=\"article\" \/>\n<meta property=\"og:title\" content=\"Pol\u00edtica de cookies - Palau Fugit\" \/>\n<meta property=\"og:description\" content=\"palaufugit.com utiliza cookies con la finalidad de prestarle una mejor experiencia en su navegaci\u00f3n. Asimismo, en caso de que preste su consentimiento, utilizaremos cookies que nos permitan obtener m\u00e1s informaci\u00f3n acerca de sus preferencias y personalizar nuestro Sitio Web de conformidad con sus intereses individuales, para que tenga una navegaci\u00f3n m\u00e1s fluida y personalizada.Queremos informarle [&hellip;]\" \/>\n<meta property=\"og:url\" content=\"https:\/\/ficam.cat\/es\/politica-de-cookies\/\" \/>\n<meta property=\"og:site_name\" content=\"Palau Fugit\" \/>\n<meta property=\"article:modified_time\" content=\"2026-04-14T15:26:33+00:00\" \/>\n<meta name=\"twitter:card\" content=\"summary_large_image\" \/>\n<meta name=\"twitter:label1\" content=\"Tiempo de lectura\" \/>\n\t<meta name=\"twitter:data1\" content=\"4 minutos\" \/>\n<script type=\"application\/ld+json\" class=\"yoast-schema-graph\">{\"@context\":\"https:\\\/\\\/schema.org\",\"@graph\":[{\"@type\":\"WebPage\",\"@id\":\"https:\\\/\\\/ficam.cat\\\/es\\\/politica-de-cookies\\\/\",\"url\":\"https:\\\/\\\/ficam.cat\\\/es\\\/politica-de-cookies\\\/\",\"name\":\"Pol\u00edtica de cookies - Palau Fugit\",\"isPartOf\":{\"@id\":\"https:\\\/\\\/ficam.cat\\\/es\\\/#website\"},\"datePublished\":\"2026-01-29T15:33:53+00:00\",\"dateModified\":\"2026-04-14T15:26:33+00:00\",\"breadcrumb\":{\"@id\":\"https:\\\/\\\/ficam.cat\\\/es\\\/politica-de-cookies\\\/#breadcrumb\"},\"inLanguage\":\"es\",\"potentialAction\":[{\"@type\":\"ReadAction\",\"target\":[\"https:\\\/\\\/ficam.cat\\\/es\\\/politica-de-cookies\\\/\"]}]},{\"@type\":\"BreadcrumbList\",\"@id\":\"https:\\\/\\\/ficam.cat\\\/es\\\/politica-de-cookies\\\/#breadcrumb\",\"itemListElement\":[{\"@type\":\"ListItem\",\"position\":1,\"name\":\"Inici\",\"item\":\"https:\\\/\\\/ficam.cat\\\/es\\\/inicio\\\/\"},{\"@type\":\"ListItem\",\"position\":2,\"name\":\"Pol\u00edtica de cookies\"}]},{\"@type\":\"WebSite\",\"@id\":\"https:\\\/\\\/ficam.cat\\\/es\\\/#website\",\"url\":\"https:\\\/\\\/ficam.cat\\\/es\\\/\",\"name\":\"Palau Fugit\",\"description\":\"Hotel Boutique en Girona\",\"publisher\":{\"@id\":\"https:\\\/\\\/ficam.cat\\\/es\\\/#organization\"},\"potentialAction\":[{\"@type\":\"SearchAction\",\"target\":{\"@type\":\"EntryPoint\",\"urlTemplate\":\"https:\\\/\\\/ficam.cat\\\/es\\\/?s={search_term_string}\"},\"query-input\":{\"@type\":\"PropertyValueSpecification\",\"valueRequired\":true,\"valueName\":\"search_term_string\"}}],\"inLanguage\":\"es\"},{\"@type\":\"Organization\",\"@id\":\"https:\\\/\\\/ficam.cat\\\/es\\\/#organization\",\"name\":\"Palau Fugit\",\"url\":\"https:\\\/\\\/ficam.cat\\\/es\\\/\",\"logo\":{\"@type\":\"ImageObject\",\"inLanguage\":\"es\",\"@id\":\"https:\\\/\\\/ficam.cat\\\/es\\\/#\\\/schema\\\/logo\\\/image\\\/\",\"url\":\"https:\\\/\\\/ficam.cat\\\/wp-content\\\/uploads\\\/2026\\\/02\\\/cropped-favicon_palaufugit-favicon.png\",\"contentUrl\":\"https:\\\/\\\/ficam.cat\\\/wp-content\\\/uploads\\\/2026\\\/02\\\/cropped-favicon_palaufugit-favicon.png\",\"width\":512,\"height\":512,\"caption\":\"Palau Fugit\"},\"image\":{\"@id\":\"https:\\\/\\\/ficam.cat\\\/es\\\/#\\\/schema\\\/logo\\\/image\\\/\"},\"sameAs\":[\"https:\\\/\\\/www.instagram.com\\\/palaufugitgirona\\\/\"]}]}<\/script>\n<!-- \/ Yoast SEO plugin. -->","yoast_head_json":{"title":"Pol\u00edtica de cookies - Palau Fugit","robots":{"index":"noindex","follow":"nofollow"},"og_locale":"es_ES","og_type":"article","og_title":"Pol\u00edtica de cookies - Palau Fugit","og_description":"palaufugit.com utiliza cookies con la finalidad de prestarle una mejor experiencia en su navegaci\u00f3n. Asimismo, en caso de que preste su consentimiento, utilizaremos cookies que nos permitan obtener m\u00e1s informaci\u00f3n acerca de sus preferencias y personalizar nuestro Sitio Web de conformidad con sus intereses individuales, para que tenga una navegaci\u00f3n m\u00e1s fluida y personalizada.Queremos informarle [&hellip;]","og_url":"https:\/\/ficam.cat\/es\/politica-de-cookies\/","og_site_name":"Palau Fugit","article_modified_time":"2026-04-14T15:26:33+00:00","twitter_card":"summary_large_image","twitter_misc":{"Tiempo de lectura":"4 minutos"},"schema":{"@context":"https:\/\/schema.org","@graph":[{"@type":"WebPage","@id":"https:\/\/ficam.cat\/es\/politica-de-cookies\/","url":"https:\/\/ficam.cat\/es\/politica-de-cookies\/","name":"Pol\u00edtica de cookies - Palau Fugit","isPartOf":{"@id":"https:\/\/ficam.cat\/es\/#website"},"datePublished":"2026-01-29T15:33:53+00:00","dateModified":"2026-04-14T15:26:33+00:00","breadcrumb":{"@id":"https:\/\/ficam.cat\/es\/politica-de-cookies\/#breadcrumb"},"inLanguage":"es","potentialAction":[{"@type":"ReadAction","target":["https:\/\/ficam.cat\/es\/politica-de-cookies\/"]}]},{"@type":"BreadcrumbList","@id":"https:\/\/ficam.cat\/es\/politica-de-cookies\/#breadcrumb","itemListElement":[{"@type":"ListItem","position":1,"name":"Inici","item":"https:\/\/ficam.cat\/es\/inicio\/"},{"@type":"ListItem","position":2,"name":"Pol\u00edtica de cookies"}]},{"@type":"WebSite","@id":"https:\/\/ficam.cat\/es\/#website","url":"https:\/\/ficam.cat\/es\/","name":"Palau Fugit","description":"Hotel Boutique en Girona","publisher":{"@id":"https:\/\/ficam.cat\/es\/#organization"},"potentialAction":[{"@type":"SearchAction","target":{"@type":"EntryPoint","urlTemplate":"https:\/\/ficam.cat\/es\/?s={search_term_string}"},"query-input":{"@type":"PropertyValueSpecification","valueRequired":true,"valueName":"search_term_string"}}],"inLanguage":"es"},{"@type":"Organization","@id":"https:\/\/ficam.cat\/es\/#organization","name":"Palau Fugit","url":"https:\/\/ficam.cat\/es\/","logo":{"@type":"ImageObject","inLanguage":"es","@id":"https:\/\/ficam.cat\/es\/#\/schema\/logo\/image\/","url":"https:\/\/ficam.cat\/wp-content\/uploads\/2026\/02\/cropped-favicon_palaufugit-favicon.png","contentUrl":"https:\/\/ficam.cat\/wp-content\/uploads\/2026\/02\/cropped-favicon_palaufugit-favicon.png","width":512,"height":512,"caption":"Palau Fugit"},"image":{"@id":"https:\/\/ficam.cat\/es\/#\/schema\/logo\/image\/"},"sameAs":["https:\/\/www.instagram.com\/palaufugitgirona\/"]}]}},"_links":{"self":[{"href":"https:\/\/ficam.cat\/es\/wp-json\/wp\/v2\/pages\/15791","targetHints":{"allow":["GET"]}}],"collection":[{"href":"https:\/\/ficam.cat\/es\/wp-json\/wp\/v2\/pages"}],"about":[{"href":"https:\/\/ficam.cat\/es\/wp-json\/wp\/v2\/types\/page"}],"author":[{"embeddable":true,"href":"https:\/\/ficam.cat\/es\/wp-json\/wp\/v2\/users\/1"}],"replies":[{"embeddable":true,"href":"https:\/\/ficam.cat\/es\/wp-json\/wp\/v2\/comments?post=15791"}],"version-history":[{"count":1,"href":"https:\/\/ficam.cat\/es\/wp-json\/wp\/v2\/pages\/15791\/revisions"}],"predecessor-version":[{"id":15792,"href":"https:\/\/ficam.cat\/es\/wp-json\/wp\/v2\/pages\/15791\/revisions\/15792"}],"wp:attachment":[{"href":"https:\/\/ficam.cat\/es\/wp-json\/wp\/v2\/media?parent=15791"}],"curies":[{"name":"wp","href":"https:\/\/api.w.org\/{rel}","templated":true}]}}