{"id":14740,"date":"2026-01-29T15:13:58","date_gmt":"2026-01-29T15:13:58","guid":{"rendered":"https:\/\/ficam.cat\/contact\/"},"modified":"2026-04-14T15:29:18","modified_gmt":"2026-04-14T15:29:18","slug":"contact","status":"publish","type":"page","link":"https:\/\/ficam.cat\/fr\/contact\/","title":{"rendered":"Contact"},"content":{"rendered":"\t\t<div data-elementor-type=\"wp-page\" data-elementor-id=\"14740\" class=\"elementor elementor-14740 elementor-13329\" data-elementor-post-type=\"page\">\n\t\t\t\t<div class=\"elementor-element elementor-element-a37e4f6 e-con-full e-flex e-con e-parent\" data-id=\"a37e4f6\" data-element_type=\"container\" data-e-type=\"container\" data-settings=\"{&quot;background_background&quot;:&quot;classic&quot;}\">\n\t\t\t\t<div class=\"elementor-element elementor-element-51b7c3c elementor-invisible elementor-widget elementor-widget-heading\" data-id=\"51b7c3c\" data-element_type=\"widget\" data-e-type=\"widget\" data-settings=\"{&quot;_animation&quot;:&quot;fadeInUp&quot;}\" data-widget_type=\"heading.default\">\n\t\t\t\t\t<h2 class=\"elementor-heading-title elementor-size-default\">Pour des informations g\u00e9n\u00e9rales :<\/h2>\t\t\t\t<\/div>\n\t\t\t\t<div class=\"elementor-element elementor-element-e1c6c92 underli elementor-invisible elementor-widget elementor-widget-heading\" data-id=\"e1c6c92\" data-element_type=\"widget\" data-e-type=\"widget\" data-settings=\"{&quot;_animation&quot;:&quot;fadeInUp&quot;}\" data-widget_type=\"heading.default\">\n\t\t\t\t\t<p class=\"elementor-heading-title elementor-size-default\"><a href=\"mailto:hola@palaufugit.com\">hola@palaufugit.com<\/a><\/p>\t\t\t\t<\/div>\n\t\t\t\t<div class=\"elementor-element elementor-element-48713d1 underli elementor-invisible elementor-widget elementor-widget-heading\" data-id=\"48713d1\" data-element_type=\"widget\" data-e-type=\"widget\" data-settings=\"{&quot;_animation&quot;:&quot;fadeInUp&quot;}\" data-widget_type=\"heading.default\">\n\t\t\t\t\t<p class=\"elementor-heading-title elementor-size-default\"><a href=\"tel:+34872987362\">+34 872 987 362<\/a><\/p>\t\t\t\t<\/div>\n\t\t\t\t<div class=\"elementor-element elementor-element-41bd253 elementor-invisible elementor-widget elementor-widget-heading\" data-id=\"41bd253\" data-element_type=\"widget\" data-e-type=\"widget\" data-settings=\"{&quot;_animation&quot;:&quot;fadeInUp&quot;}\" data-widget_type=\"heading.default\">\n\t\t\t\t\t<h3 class=\"elementor-heading-title elementor-size-default\">Pour r\u00e9server des espaces ou des \u00e9v\u00e8nements:<\/h3>\t\t\t\t<\/div>\n\t\t\t\t<div class=\"elementor-element elementor-element-928ca51 underli elementor-invisible elementor-widget elementor-widget-heading\" data-id=\"928ca51\" data-element_type=\"widget\" data-e-type=\"widget\" data-settings=\"{&quot;_animation&quot;:&quot;fadeInUp&quot;}\" data-widget_type=\"heading.default\">\n\t\t\t\t\t<h4 class=\"elementor-heading-title elementor-size-default\"><a href=\"mailto:sales@palaufugit.com\">sales@palaufugit.com<\/a><\/h4>\t\t\t\t<\/div>\n\t\t\t\t<div class=\"elementor-element elementor-element-5b48993 elementor-invisible elementor-widget elementor-widget-heading\" data-id=\"5b48993\" data-element_type=\"widget\" data-e-type=\"widget\" data-settings=\"{&quot;_animation&quot;:&quot;fadeInUp&quot;}\" data-widget_type=\"heading.default\">\n\t\t\t\t\t<h3 class=\"elementor-heading-title elementor-size-default\">Pour plus d'informations ou pour r\u00e9server La Cova d\u2019aigua:<\/h3>\t\t\t\t<\/div>\n\t\t\t\t<div class=\"elementor-element elementor-element-9e71ba1 underli elementor-invisible elementor-widget elementor-widget-heading\" data-id=\"9e71ba1\" data-element_type=\"widget\" data-e-type=\"widget\" data-settings=\"{&quot;_animation&quot;:&quot;fadeInUp&quot;}\" data-widget_type=\"heading.default\">\n\t\t\t\t\t<h4 class=\"elementor-heading-title elementor-size-default\"><a href=\"mailto:wellness@palaufugit.com\">wellness@palaufugit.com<\/a><\/h4>\t\t\t\t<\/div>\n\t\t\t\t<\/div>\n\t\t<div class=\"elementor-element elementor-element-fa0dcfd e-con-full e-flex e-con e-parent\" data-id=\"fa0dcfd\" data-element_type=\"container\" data-e-type=\"container\">\n\t\t<div class=\"elementor-element elementor-element-4cd152b e-con-full e-flex e-con e-child\" data-id=\"4cd152b\" data-element_type=\"container\" data-e-type=\"container\">\n\t\t\t\t<div class=\"elementor-element elementor-element-28de9ea elementor-widget elementor-widget-google_maps\" data-id=\"28de9ea\" data-element_type=\"widget\" data-e-type=\"widget\" data-widget_type=\"google_maps.default\">\n\t\t\t\t\t\t\t<div class=\"elementor-custom-embed\">\n\t\t\t<iframe loading=\"lazy\"\n\t\t\t\t\tsrc=\"https:\/\/maps.google.com\/maps?q=Carrer%20Bonaventura%20Carreras%20I%20Peralta%2C%204&#038;t=m&#038;z=15&#038;output=embed&#038;iwloc=near\"\n\t\t\t\t\ttitle=\"Carrer Bonaventura Carreras I Peralta, 4\"\n\t\t\t\t\taria-label=\"Carrer Bonaventura Carreras I Peralta, 4\"\n\t\t\t><\/iframe>\n\t\t<\/div>\n\t\t\t\t\t\t<\/div>\n\t\t\t\t<\/div>\n\t\t<div class=\"elementor-element elementor-element-5a2abd0 e-con-full e-flex e-con e-child\" data-id=\"5a2abd0\" data-element_type=\"container\" data-e-type=\"container\" data-settings=\"{&quot;background_background&quot;:&quot;classic&quot;}\">\n\t\t<div class=\"elementor-element elementor-element-63672c6 e-con-full e-flex e-con e-child\" data-id=\"63672c6\" data-element_type=\"container\" data-e-type=\"container\">\n\t\t\t\t<div class=\"elementor-element elementor-element-03c5e79 elementor-widget__width-initial elementor-invisible elementor-widget elementor-widget-heading\" data-id=\"03c5e79\" data-element_type=\"widget\" data-e-type=\"widget\" data-settings=\"{&quot;_animation&quot;:&quot;fadeInUp&quot;}\" data-widget_type=\"heading.default\">\n\t\t\t\t\t<h2 class=\"elementor-heading-title elementor-size-default\">Carrer Bonaventura Carreras I Peralta, 4<\/h2>\t\t\t\t<\/div>\n\t\t\t\t<div class=\"elementor-element elementor-element-09e52b3 underli elementor-icon-list--layout-traditional elementor-list-item-link-full_width elementor-widget elementor-widget-icon-list\" data-id=\"09e52b3\" data-element_type=\"widget\" data-e-type=\"widget\" data-widget_type=\"icon-list.default\">\n\t\t\t\t\t\t\t<ul class=\"elementor-icon-list-items\">\n\t\t\t\t\t\t\t<li class=\"elementor-icon-list-item\">\n\t\t\t\t\t\t\t\t\t\t\t<a href=\"https:\/\/maps.app.goo.gl\/Mg8jMdbzaLwZR7UMA\" target=\"_blank\" rel=\"nofollow\">\n\n\t\t\t\t\t\t\t\t\t\t\t\t<span class=\"elementor-icon-list-icon\">\n\t\t\t\t\t\t\t<svg xmlns=\"http:\/\/www.w3.org\/2000\/svg\" width=\"11.005\" height=\"8.2\" viewBox=\"0 0 11.005 8.2\" fill=\"none\" id=\"svg4\"><path d=\"M5.905 8.2c-.196 0-.294-.037-.294-.109 0-.041.052-.114.155-.217L9.052 4.65H.341C.114 4.65 0 4.495 0 4.185V4.03c0-.31.114-.465.341-.465h8.711L5.751.325C5.646.222 5.595.15 5.595.108c0-.072.098-.108.294-.108h.853c.206 0 .382.072.526.217l3.627 3.611c.073.073.109.176.109.31a.511.511 0 01-.016.124.375.375 0 01-.093.124l-3.61 3.596a.717.717 0 01-.527.218z\" fill=\"#000\" id=\"path2\"><\/path><\/svg>\t\t\t\t\t\t<\/span>\n\t\t\t\t\t\t\t\t\t\t<span class=\"elementor-icon-list-text\">Afficher sur Google Maps<\/span>\n\t\t\t\t\t\t\t\t\t\t\t<\/a>\n\t\t\t\t\t\t\t\t\t<\/li>\n\t\t\t\t\t\t<\/ul>\n\t\t\t\t\t\t<\/div>\n\t\t\t\t<\/div>\n\t\t<div class=\"elementor-element elementor-element-c2847c6 e-con-full e-flex e-con e-child\" data-id=\"c2847c6\" data-element_type=\"container\" data-e-type=\"container\">\n\t\t\t\t<div class=\"elementor-element elementor-element-114a425 elementor-widget__width-initial elementor-invisible elementor-widget elementor-widget-heading\" data-id=\"114a425\" data-element_type=\"widget\" data-e-type=\"widget\" data-settings=\"{&quot;_animation&quot;:&quot;fadeInUp&quot;}\" data-widget_type=\"heading.default\">\n\t\t\t\t\t<h3 class=\"elementor-heading-title elementor-size-default\">Comment se garer<\/h3>\t\t\t\t<\/div>\n\t\t\t\t<div class=\"elementor-element elementor-element-71847fc elementor-widget__width-initial elementor-widget elementor-widget-text-editor\" data-id=\"71847fc\" data-element_type=\"widget\" data-e-type=\"widget\" data-settings=\"{&quot;_animation&quot;:&quot;none&quot;}\" data-widget_type=\"text-editor.default\">\n\t\t\t\t\t\t\t\t\t<p>Le Palau Fugit est situ\u00e9 au c\u0153ur de la vieille ville de G\u00e9rone, o\u00f9 la circulation est restreinte. Vous pouvez toutefois entrer en voiture dans l&rsquo;h\u00f4tel pour d\u00e9charger vos bagages. Nous pouvons \u00e9galement vous r\u00e9server une place de parking \u00e0 500 m\u00e8tres du Palau Fugit. Il vous suffit d&rsquo;envoyer votre num\u00e9ro d&rsquo;immatriculation \u00e0 hola@palaufugit.com et nous effectuerons la r\u00e9servation pour vous. Le paiement s&rsquo;effectue \u00e0 l&rsquo;h\u00f4tel.    <\/p><p>Un parking \u00e0 v\u00e9los est \u00e9galement disponible.<\/p>\t\t\t\t\t\t\t\t<\/div>\n\t\t\t\t<\/div>\n\t\t\t\t<\/div>\n\t\t\t\t<\/div>\n\t\t\t\t<\/div>\n\t\t","protected":false},"excerpt":{"rendered":"<p>Pour des informations g\u00e9n\u00e9rales : hola@palaufugit.com +34 872 987 362 Pour r\u00e9server des espaces ou des \u00e9v\u00e8nements: sales@palaufugit.com Pour plus d&rsquo;informations ou pour r\u00e9server La Cova d\u2019aigua: wellness@palaufugit.com Carrer Bonaventura Carreras I Peralta, 4 Afficher sur Google Maps Comment se garer Le Palau Fugit est situ\u00e9 au c\u0153ur de la vieille ville de G\u00e9rone, o\u00f9 [&hellip;]<\/p>\n","protected":false},"author":1,"featured_media":0,"parent":0,"menu_order":0,"comment_status":"closed","ping_status":"closed","template":"elementor_header_footer","meta":{"_acf_changed":false,"inline_featured_image":false,"footnotes":""},"class_list":["post-14740","page","type-page","status-publish","hentry"],"acf":[],"yoast_head":"<!-- This site is optimized with the Yoast SEO plugin v27.4 - https:\/\/yoast.com\/product\/yoast-seo-wordpress\/ -->\n<title>Contact - Palau Fugit Hotel<\/title>\n<meta name=\"description\" content=\"Palau Fugit est situ\u00e9 dans le centre de la vieille ville de G\u00e9rone, Carrer Bonaventura Carreras I Peralta, 4.\" \/>\n<meta name=\"robots\" content=\"noindex, follow, max-snippet:-1, max-image-preview:large, max-video-preview:-1\" \/>\n<meta property=\"og:locale\" content=\"fr_FR\" \/>\n<meta property=\"og:type\" content=\"article\" \/>\n<meta property=\"og:title\" content=\"Contact - Palau Fugit Hotel\" \/>\n<meta property=\"og:description\" content=\"Palau Fugit est situ\u00e9 dans le centre de la vieille ville de G\u00e9rone, Carrer Bonaventura Carreras I Peralta, 4.\" \/>\n<meta property=\"og:url\" content=\"https:\/\/ficam.cat\/fr\/contact\/\" \/>\n<meta property=\"og:site_name\" content=\"Palau Fugit\" \/>\n<meta property=\"article:modified_time\" content=\"2026-04-14T15:29:18+00:00\" \/>\n<meta name=\"twitter:card\" content=\"summary_large_image\" \/>\n<meta name=\"twitter:label1\" content=\"Dur\u00e9e de lecture estim\u00e9e\" \/>\n\t<meta name=\"twitter:data1\" content=\"1 minute\" \/>\n<script type=\"application\/ld+json\" class=\"yoast-schema-graph\">{\"@context\":\"https:\\\/\\\/schema.org\",\"@graph\":[{\"@type\":\"WebPage\",\"@id\":\"https:\\\/\\\/ficam.cat\\\/fr\\\/contact\\\/\",\"url\":\"https:\\\/\\\/ficam.cat\\\/fr\\\/contact\\\/\",\"name\":\"Contact - Palau Fugit Hotel\",\"isPartOf\":{\"@id\":\"https:\\\/\\\/ficam.cat\\\/fr\\\/#website\"},\"datePublished\":\"2026-01-29T15:13:58+00:00\",\"dateModified\":\"2026-04-14T15:29:18+00:00\",\"description\":\"Palau Fugit est situ\u00e9 dans le centre de la vieille ville de G\u00e9rone, Carrer Bonaventura Carreras I Peralta, 4.\",\"breadcrumb\":{\"@id\":\"https:\\\/\\\/ficam.cat\\\/fr\\\/contact\\\/#breadcrumb\"},\"inLanguage\":\"fr-FR\",\"potentialAction\":[{\"@type\":\"ReadAction\",\"target\":[\"https:\\\/\\\/ficam.cat\\\/fr\\\/contact\\\/\"]}]},{\"@type\":\"BreadcrumbList\",\"@id\":\"https:\\\/\\\/ficam.cat\\\/fr\\\/contact\\\/#breadcrumb\",\"itemListElement\":[{\"@type\":\"ListItem\",\"position\":1,\"name\":\"Inici\",\"item\":\"https:\\\/\\\/ficam.cat\\\/fr\\\/accueil\\\/\"},{\"@type\":\"ListItem\",\"position\":2,\"name\":\"Contact\"}]},{\"@type\":\"WebSite\",\"@id\":\"https:\\\/\\\/ficam.cat\\\/fr\\\/#website\",\"url\":\"https:\\\/\\\/ficam.cat\\\/fr\\\/\",\"name\":\"Palau Fugit\",\"description\":\"Hotel Boutique en Girona\",\"publisher\":{\"@id\":\"https:\\\/\\\/ficam.cat\\\/fr\\\/#organization\"},\"potentialAction\":[{\"@type\":\"SearchAction\",\"target\":{\"@type\":\"EntryPoint\",\"urlTemplate\":\"https:\\\/\\\/ficam.cat\\\/fr\\\/?s={search_term_string}\"},\"query-input\":{\"@type\":\"PropertyValueSpecification\",\"valueRequired\":true,\"valueName\":\"search_term_string\"}}],\"inLanguage\":\"fr-FR\"},{\"@type\":\"Organization\",\"@id\":\"https:\\\/\\\/ficam.cat\\\/fr\\\/#organization\",\"name\":\"Palau Fugit\",\"url\":\"https:\\\/\\\/ficam.cat\\\/fr\\\/\",\"logo\":{\"@type\":\"ImageObject\",\"inLanguage\":\"fr-FR\",\"@id\":\"https:\\\/\\\/ficam.cat\\\/fr\\\/#\\\/schema\\\/logo\\\/image\\\/\",\"url\":\"https:\\\/\\\/ficam.cat\\\/wp-content\\\/uploads\\\/2026\\\/02\\\/cropped-favicon_palaufugit-favicon.png\",\"contentUrl\":\"https:\\\/\\\/ficam.cat\\\/wp-content\\\/uploads\\\/2026\\\/02\\\/cropped-favicon_palaufugit-favicon.png\",\"width\":512,\"height\":512,\"caption\":\"Palau Fugit\"},\"image\":{\"@id\":\"https:\\\/\\\/ficam.cat\\\/fr\\\/#\\\/schema\\\/logo\\\/image\\\/\"},\"sameAs\":[\"https:\\\/\\\/www.instagram.com\\\/palaufugitgirona\\\/\"]}]}<\/script>\n<!-- \/ Yoast SEO plugin. -->","yoast_head_json":{"title":"Contact - Palau Fugit Hotel","description":"Palau Fugit est situ\u00e9 dans le centre de la vieille ville de G\u00e9rone, Carrer Bonaventura Carreras I Peralta, 4.","robots":{"index":"noindex","follow":"follow","max-snippet":"max-snippet:-1","max-image-preview":"max-image-preview:large","max-video-preview":"max-video-preview:-1"},"og_locale":"fr_FR","og_type":"article","og_title":"Contact - Palau Fugit Hotel","og_description":"Palau Fugit est situ\u00e9 dans le centre de la vieille ville de G\u00e9rone, Carrer Bonaventura Carreras I Peralta, 4.","og_url":"https:\/\/ficam.cat\/fr\/contact\/","og_site_name":"Palau Fugit","article_modified_time":"2026-04-14T15:29:18+00:00","twitter_card":"summary_large_image","twitter_misc":{"Dur\u00e9e de lecture estim\u00e9e":"1 minute"},"schema":{"@context":"https:\/\/schema.org","@graph":[{"@type":"WebPage","@id":"https:\/\/ficam.cat\/fr\/contact\/","url":"https:\/\/ficam.cat\/fr\/contact\/","name":"Contact - Palau Fugit Hotel","isPartOf":{"@id":"https:\/\/ficam.cat\/fr\/#website"},"datePublished":"2026-01-29T15:13:58+00:00","dateModified":"2026-04-14T15:29:18+00:00","description":"Palau Fugit est situ\u00e9 dans le centre de la vieille ville de G\u00e9rone, Carrer Bonaventura Carreras I Peralta, 4.","breadcrumb":{"@id":"https:\/\/ficam.cat\/fr\/contact\/#breadcrumb"},"inLanguage":"fr-FR","potentialAction":[{"@type":"ReadAction","target":["https:\/\/ficam.cat\/fr\/contact\/"]}]},{"@type":"BreadcrumbList","@id":"https:\/\/ficam.cat\/fr\/contact\/#breadcrumb","itemListElement":[{"@type":"ListItem","position":1,"name":"Inici","item":"https:\/\/ficam.cat\/fr\/accueil\/"},{"@type":"ListItem","position":2,"name":"Contact"}]},{"@type":"WebSite","@id":"https:\/\/ficam.cat\/fr\/#website","url":"https:\/\/ficam.cat\/fr\/","name":"Palau Fugit","description":"Hotel Boutique en Girona","publisher":{"@id":"https:\/\/ficam.cat\/fr\/#organization"},"potentialAction":[{"@type":"SearchAction","target":{"@type":"EntryPoint","urlTemplate":"https:\/\/ficam.cat\/fr\/?s={search_term_string}"},"query-input":{"@type":"PropertyValueSpecification","valueRequired":true,"valueName":"search_term_string"}}],"inLanguage":"fr-FR"},{"@type":"Organization","@id":"https:\/\/ficam.cat\/fr\/#organization","name":"Palau Fugit","url":"https:\/\/ficam.cat\/fr\/","logo":{"@type":"ImageObject","inLanguage":"fr-FR","@id":"https:\/\/ficam.cat\/fr\/#\/schema\/logo\/image\/","url":"https:\/\/ficam.cat\/wp-content\/uploads\/2026\/02\/cropped-favicon_palaufugit-favicon.png","contentUrl":"https:\/\/ficam.cat\/wp-content\/uploads\/2026\/02\/cropped-favicon_palaufugit-favicon.png","width":512,"height":512,"caption":"Palau Fugit"},"image":{"@id":"https:\/\/ficam.cat\/fr\/#\/schema\/logo\/image\/"},"sameAs":["https:\/\/www.instagram.com\/palaufugitgirona\/"]}]}},"_links":{"self":[{"href":"https:\/\/ficam.cat\/fr\/wp-json\/wp\/v2\/pages\/14740","targetHints":{"allow":["GET"]}}],"collection":[{"href":"https:\/\/ficam.cat\/fr\/wp-json\/wp\/v2\/pages"}],"about":[{"href":"https:\/\/ficam.cat\/fr\/wp-json\/wp\/v2\/types\/page"}],"author":[{"embeddable":true,"href":"https:\/\/ficam.cat\/fr\/wp-json\/wp\/v2\/users\/1"}],"replies":[{"embeddable":true,"href":"https:\/\/ficam.cat\/fr\/wp-json\/wp\/v2\/comments?post=14740"}],"version-history":[{"count":2,"href":"https:\/\/ficam.cat\/fr\/wp-json\/wp\/v2\/pages\/14740\/revisions"}],"predecessor-version":[{"id":15816,"href":"https:\/\/ficam.cat\/fr\/wp-json\/wp\/v2\/pages\/14740\/revisions\/15816"}],"wp:attachment":[{"href":"https:\/\/ficam.cat\/fr\/wp-json\/wp\/v2\/media?parent=14740"}],"curies":[{"name":"wp","href":"https:\/\/api.w.org\/{rel}","templated":true}]}}