{"id":14812,"date":"2026-01-28T16:16:21","date_gmt":"2026-01-28T16:16:21","guid":{"rendered":"https:\/\/ficam.cat\/fugit-moments\/"},"modified":"2026-04-14T15:47:13","modified_gmt":"2026-04-14T15:47:13","slug":"experiences-fugit","status":"publish","type":"page","link":"https:\/\/ficam.cat\/fr\/experiences-fugit\/","title":{"rendered":"Exp\u00e9riences Fugit"},"content":{"rendered":"\t\t<div data-elementor-type=\"wp-page\" data-elementor-id=\"14812\" class=\"elementor elementor-14812 elementor-13208\" data-elementor-post-type=\"page\">\n\t\t\t\t<div class=\"elementor-element elementor-element-b9a4740 e-con-full e-flex e-con e-parent\" data-id=\"b9a4740\" data-element_type=\"container\" data-e-type=\"container\" data-settings=\"{&quot;background_background&quot;:&quot;classic&quot;}\">\n\t\t\t\t<div class=\"elementor-element elementor-element-95ccc78 elementor-invisible elementor-widget elementor-widget-heading\" data-id=\"95ccc78\" data-element_type=\"widget\" data-e-type=\"widget\" data-settings=\"{&quot;_animation&quot;:&quot;fadeInUp&quot;}\" data-widget_type=\"heading.default\">\n\t\t\t\t\t<h2 class=\"elementor-heading-title elementor-size-default\">Exp\u00e9riences Fugit<\/h2>\t\t\t\t<\/div>\n\t\t\t\t<\/div>\n\t\t<div class=\"elementor-element elementor-element-1d7c966 e-con-full e-flex e-con e-parent\" data-id=\"1d7c966\" data-element_type=\"container\" data-e-type=\"container\" data-settings=\"{&quot;background_background&quot;:&quot;classic&quot;}\">\n\t\t<div class=\"elementor-element elementor-element-74a8f57 e-flex e-con-boxed e-con e-child\" data-id=\"74a8f57\" data-element_type=\"container\" data-e-type=\"container\">\n\t\t\t\t\t<div class=\"e-con-inner\">\n\t\t<div class=\"elementor-element elementor-element-b9f29ac e-con-full pindola e-flex e-con e-child\" data-id=\"b9f29ac\" data-element_type=\"container\" data-e-type=\"container\" data-settings=\"{&quot;background_background&quot;:&quot;classic&quot;}\">\n\t\t\t\t<\/div>\n\t\t\t\t<div class=\"elementor-element elementor-element-8f1a811 elementor-widget elementor-widget-heading\" data-id=\"8f1a811\" data-element_type=\"widget\" data-e-type=\"widget\" data-settings=\"{&quot;_animation&quot;:&quot;none&quot;}\" data-widget_type=\"heading.default\">\n\t\t\t\t\t<h3 class=\"elementor-heading-title elementor-size-default\">Salle de sport, yoga et physioth\u00e9rapie<\/h3>\t\t\t\t<\/div>\n\t\t\t\t<div class=\"elementor-element elementor-element-26a21e6 elementor-widget elementor-widget-text-editor\" data-id=\"26a21e6\" data-element_type=\"widget\" data-e-type=\"widget\" data-settings=\"{&quot;_animation&quot;:&quot;none&quot;}\" data-widget_type=\"text-editor.default\">\n\t\t\t\t\t\t\t\t\tPrenez soin de vous avec des cours de yoga ou en profitant d\u2019une s\u00e9ance de physioth\u00e9rapie.\n\n\t\t\t\t\t\t\t\t<\/div>\n\t\t\t\t\t<\/div>\n\t\t\t\t<\/div>\n\t\t<div class=\"elementor-element elementor-element-c41a90c e-flex e-con-boxed e-con e-child\" data-id=\"c41a90c\" data-element_type=\"container\" data-e-type=\"container\">\n\t\t\t\t\t<div class=\"e-con-inner\">\n\t\t<a class=\"elementor-element elementor-element-943578a e-con-full pindola e-flex e-con e-child\" data-id=\"943578a\" data-element_type=\"container\" data-e-type=\"container\" data-settings=\"{&quot;background_background&quot;:&quot;classic&quot;}\" href=\"https:\/\/ficam.cat\/bikefriendly\/\">\n\t\t\t\t<\/a>\n\t\t\t\t<div class=\"elementor-element elementor-element-6209077 elementor-widget elementor-widget-heading\" data-id=\"6209077\" data-element_type=\"widget\" data-e-type=\"widget\" data-settings=\"{&quot;_animation&quot;:&quot;none&quot;}\" data-widget_type=\"heading.default\">\n\t\t\t\t\t<h3 class=\"elementor-heading-title elementor-size-default\"><a href=\"https:\/\/ficam.cat\/bikefriendly\/\">Bikefriendly<\/a><\/h3>\t\t\t\t<\/div>\n\t\t\t\t<div class=\"elementor-element elementor-element-5543ec5 elementor-widget elementor-widget-text-editor\" data-id=\"5543ec5\" data-element_type=\"widget\" data-e-type=\"widget\" data-settings=\"{&quot;_animation&quot;:&quot;none&quot;}\" data-widget_type=\"text-editor.default\">\n\t\t\t\t\t\t\t\t\tR\u00e9veillez votre c\u00f4t\u00e9 aventurier et d\u00e9couvrez les sentiers secrets de G\u00e9rone gr\u00e2ce \u00e0 des itin\u00e9raires personnalis\u00e9s \u00e0 pied et \u00e0 v\u00e9lo. \t\t\t\t\t\t\t\t<\/div>\n\t\t\t\t\t<\/div>\n\t\t\t\t<\/div>\n\t\t<div class=\"elementor-element elementor-element-12b226c e-flex e-con-boxed e-con e-child\" data-id=\"12b226c\" data-element_type=\"container\" data-e-type=\"container\">\n\t\t\t\t\t<div class=\"e-con-inner\">\n\t\t<a class=\"elementor-element elementor-element-7503cae e-con-full pindola e-flex e-con e-child\" data-id=\"7503cae\" data-element_type=\"container\" data-e-type=\"container\" data-settings=\"{&quot;background_background&quot;:&quot;classic&quot;}\" href=\"https:\/\/ficam.cat\/wellness-care\/\">\n\t\t\t\t<\/a>\n\t\t\t\t<div class=\"elementor-element elementor-element-35fa092 elementor-widget elementor-widget-heading\" data-id=\"35fa092\" data-element_type=\"widget\" data-e-type=\"widget\" data-settings=\"{&quot;_animation&quot;:&quot;none&quot;}\" data-widget_type=\"heading.default\">\n\t\t\t\t\t<h3 class=\"elementor-heading-title elementor-size-default\"><a href=\"https:\/\/ficam.cat\/wellness-care\/\">La Cova d\u2019aigua<\/a><\/h3>\t\t\t\t<\/div>\n\t\t\t\t<div class=\"elementor-element elementor-element-fcfda15 elementor-widget elementor-widget-text-editor\" data-id=\"fcfda15\" data-element_type=\"widget\" data-e-type=\"widget\" data-settings=\"{&quot;_animation&quot;:&quot;none&quot;}\" data-widget_type=\"text-editor.default\">\n\t\t\t\t\t\t\t\t\t<p>D\u00e9connectez-vous de la vie quotidienne en vous ressour\u00e7ant dans notre espace aquatique, de massage et de soins.<\/p>\t\t\t\t\t\t\t\t<\/div>\n\t\t\t\t\t<\/div>\n\t\t\t\t<\/div>\n\t\t\t\t<\/div>\n\t\t<div class=\"elementor-element elementor-element-7e8a7e7 e-con-full e-flex e-con e-parent\" data-id=\"7e8a7e7\" data-element_type=\"container\" data-e-type=\"container\" data-settings=\"{&quot;background_background&quot;:&quot;classic&quot;}\">\n\t\t<div class=\"elementor-element elementor-element-2f55854 e-flex e-con-boxed e-con e-child\" data-id=\"2f55854\" data-element_type=\"container\" data-e-type=\"container\">\n\t\t\t\t\t<div class=\"e-con-inner\">\n\t\t<div class=\"elementor-element elementor-element-4894c05 e-con-full pindola e-flex e-con e-child\" data-id=\"4894c05\" data-element_type=\"container\" data-e-type=\"container\" data-settings=\"{&quot;background_background&quot;:&quot;classic&quot;}\">\n\t\t\t\t<\/div>\n\t\t\t\t<div class=\"elementor-element elementor-element-1d51e62 elementor-widget elementor-widget-heading\" data-id=\"1d51e62\" data-element_type=\"widget\" data-e-type=\"widget\" data-settings=\"{&quot;_animation&quot;:&quot;none&quot;}\" data-widget_type=\"heading.default\">\n\t\t\t\t\t<h3 class=\"elementor-heading-title elementor-size-default\">Visites des terres de G\u00e9rone et de Dal\u00ed<\/h3>\t\t\t\t<\/div>\n\t\t\t\t<div class=\"elementor-element elementor-element-9f5b8dc elementor-widget elementor-widget-text-editor\" data-id=\"9f5b8dc\" data-element_type=\"widget\" data-e-type=\"widget\" data-settings=\"{&quot;_animation&quot;:&quot;none&quot;}\" data-widget_type=\"text-editor.default\">\n\t\t\t\t\t\t\t\t\tD\u00e9couvrez l\u2019histoire et la culture de G\u00e9rone gr\u00e2ce \u00e0 des visites guid\u00e9es con\u00e7ues par une guide officielle sp\u00e9cialis\u00e9e. \t\t\t\t\t\t\t\t<\/div>\n\t\t\t\t\t<\/div>\n\t\t\t\t<\/div>\n\t\t<div class=\"elementor-element elementor-element-162862d e-flex e-con-boxed e-con e-child\" data-id=\"162862d\" data-element_type=\"container\" data-e-type=\"container\">\n\t\t\t\t\t<div class=\"e-con-inner\">\n\t\t<a class=\"elementor-element elementor-element-759c39a e-con-full pindola e-flex e-con e-child\" data-id=\"759c39a\" data-element_type=\"container\" data-e-type=\"container\" data-settings=\"{&quot;background_background&quot;:&quot;classic&quot;}\" href=\"https:\/\/ficam.cat\/pairings-tastings\/\">\n\t\t\t\t<\/a>\n\t\t\t\t<div class=\"elementor-element elementor-element-88a6c53 elementor-widget elementor-widget-heading\" data-id=\"88a6c53\" data-element_type=\"widget\" data-e-type=\"widget\" data-settings=\"{&quot;_animation&quot;:&quot;none&quot;}\" data-widget_type=\"heading.default\">\n\t\t\t\t\t<h3 class=\"elementor-heading-title elementor-size-default\"><a href=\"https:\/\/ficam.cat\/pairings-tastings\/\">Accords mets et vins et d\u00e9gustations<\/a><\/h3>\t\t\t\t<\/div>\n\t\t\t\t<div class=\"elementor-element elementor-element-922e6ff elementor-widget elementor-widget-text-editor\" data-id=\"922e6ff\" data-element_type=\"widget\" data-e-type=\"widget\" data-settings=\"{&quot;_animation&quot;:&quot;none&quot;}\" data-widget_type=\"text-editor.default\">\n\t\t\t\t\t\t\t\t\tVisitez les rizi\u00e8res de Pals et les vignobles du Mas Geli et profitez d\u2019un petit-d\u00e9jeuner ou d\u2019un d\u00eener en accord avec les produits locaux que vous avez vus.\t\t\t\t\t\t\t\t<\/div>\n\t\t\t\t\t<\/div>\n\t\t\t\t<\/div>\n\t\t<div class=\"elementor-element elementor-element-84eadf0 e-flex e-con-boxed e-con e-child\" data-id=\"84eadf0\" data-element_type=\"container\" data-e-type=\"container\">\n\t\t\t\t\t<div class=\"e-con-inner\">\n\t\t<div class=\"elementor-element elementor-element-23199f5 e-con-full pindola e-flex e-con e-child\" data-id=\"23199f5\" data-element_type=\"container\" data-e-type=\"container\" data-settings=\"{&quot;background_background&quot;:&quot;classic&quot;}\">\n\t\t\t\t<\/div>\n\t\t\t\t<div class=\"elementor-element elementor-element-8bd4fa8 elementor-widget elementor-widget-heading\" data-id=\"8bd4fa8\" data-element_type=\"widget\" data-e-type=\"widget\" data-settings=\"{&quot;_animation&quot;:&quot;none&quot;}\" data-widget_type=\"heading.default\">\n\t\t\t\t\t<h3 class=\"elementor-heading-title elementor-size-default\">Excursions en bateau<\/h3>\t\t\t\t<\/div>\n\t\t\t\t<div class=\"elementor-element elementor-element-6b7e738 elementor-widget elementor-widget-text-editor\" data-id=\"6b7e738\" data-element_type=\"widget\" data-e-type=\"widget\" data-settings=\"{&quot;_animation&quot;:&quot;none&quot;}\" data-widget_type=\"text-editor.default\">\n\t\t\t\t\t\t\t\t\tEmbarquez \u00e0 bord d\u2019un petit bateau et d\u00e9couvrez, depuis la mer, les criques les plus pr\u00e9serv\u00e9es et les villages les plus charmants de la Costa Brava.\t\t\t\t\t\t\t\t<\/div>\n\t\t\t\t\t<\/div>\n\t\t\t\t<\/div>\n\t\t\t\t<\/div>\n\t\t<div class=\"elementor-element elementor-element-5e04974 e-con-full e-flex e-con e-parent\" data-id=\"5e04974\" data-element_type=\"container\" data-e-type=\"container\" data-settings=\"{&quot;background_background&quot;:&quot;classic&quot;}\">\n\t\t<div class=\"elementor-element elementor-element-57578cd e-flex e-con-boxed e-con e-child\" data-id=\"57578cd\" data-element_type=\"container\" data-e-type=\"container\">\n\t\t\t\t\t<div class=\"e-con-inner\">\n\t\t<a class=\"elementor-element elementor-element-4151039 e-con-full pindola e-flex e-con e-child\" data-id=\"4151039\" data-element_type=\"container\" data-e-type=\"container\" data-settings=\"{&quot;background_background&quot;:&quot;classic&quot;}\" href=\"https:\/\/ficam.cat\/golf\/\">\n\t\t\t\t<\/a>\n\t\t\t\t<div class=\"elementor-element elementor-element-52a0153 elementor-widget elementor-widget-heading\" data-id=\"52a0153\" data-element_type=\"widget\" data-e-type=\"widget\" data-settings=\"{&quot;_animation&quot;:&quot;none&quot;}\" data-widget_type=\"heading.default\">\n\t\t\t\t\t<h3 class=\"elementor-heading-title elementor-size-default\"><a href=\"https:\/\/ficam.cat\/golf\/\">Golf \u00e0 G\u00e9rone<\/a><\/h3>\t\t\t\t<\/div>\n\t\t\t\t<div class=\"elementor-element elementor-element-c35b356 elementor-widget elementor-widget-text-editor\" data-id=\"c35b356\" data-element_type=\"widget\" data-e-type=\"widget\" data-settings=\"{&quot;_animation&quot;:&quot;none&quot;}\" data-widget_type=\"text-editor.default\">\n\t\t\t\t\t\t\t\t\tVenez jouer au golf dans l\u2019un des trois clubs les plus prestigieux du pays. Pr\u00e9parez-vous \u00e0 am\u00e9liorer votre handicap ou \u00e0 passer un bon moment en famille ou entre amis. \t\t\t\t\t\t\t\t<\/div>\n\t\t\t\t\t<\/div>\n\t\t\t\t<\/div>\n\t\t<div class=\"elementor-element elementor-element-f1dbaf0 elementor-hidden-mobile e-flex e-con-boxed e-con e-child\" data-id=\"f1dbaf0\" data-element_type=\"container\" data-e-type=\"container\">\n\t\t\t\t\t<div class=\"e-con-inner\">\n\t\t\t\t\t<\/div>\n\t\t\t\t<\/div>\n\t\t<div class=\"elementor-element elementor-element-f20904c elementor-hidden-mobile e-flex e-con-boxed e-con e-child\" data-id=\"f20904c\" data-element_type=\"container\" data-e-type=\"container\">\n\t\t\t\t\t<div class=\"e-con-inner\">\n\t\t\t\t\t<\/div>\n\t\t\t\t<\/div>\n\t\t\t\t<\/div>\n\t\t\t\t<\/div>\n\t\t","protected":false},"excerpt":{"rendered":"<p>Salle de sport, yoga et physioth\u00e9rapie Prenez soin de vous avec des cours de yoga ou en profitant d\u2019une s\u00e9ance de physioth\u00e9rapie. Bikefriendly R\u00e9veillez votre c\u00f4t\u00e9 aventurier et d\u00e9couvrez les sentiers secrets de G\u00e9rone gr\u00e2ce \u00e0 des itin\u00e9raires personnalis\u00e9s \u00e0 pied et \u00e0 v\u00e9lo. La Cova d\u2019aigua D\u00e9connectez-vous de la vie quotidienne en vous ressour\u00e7ant [&hellip;]<\/p>\n","protected":false},"author":1,"featured_media":0,"parent":0,"menu_order":0,"comment_status":"closed","ping_status":"closed","template":"elementor_header_footer","meta":{"_acf_changed":false,"inline_featured_image":false,"footnotes":""},"class_list":["post-14812","page","type-page","status-publish","hentry"],"acf":[],"yoast_head":"<!-- This site is optimized with the Yoast SEO plugin v27.4 - https:\/\/yoast.com\/product\/yoast-seo-wordpress\/ -->\n<title>Exp\u00e9riences Fugit Palau Fugit<\/title>\n<meta name=\"description\" content=\"Palau Fugit vous propose toute une gamme d&#039;exp\u00e9riences \u00e0 vivre \u00e0 quelques kilom\u00e8tres seulement de notre emplacement privil\u00e9gi\u00e9.\" \/>\n<meta name=\"robots\" content=\"noindex, follow, max-snippet:-1, max-image-preview:large, max-video-preview:-1\" \/>\n<meta property=\"og:locale\" content=\"fr_FR\" \/>\n<meta property=\"og:type\" content=\"article\" \/>\n<meta property=\"og:title\" content=\"Exp\u00e9riences Fugit Palau Fugit\" \/>\n<meta property=\"og:description\" content=\"Palau Fugit vous propose toute une gamme d&#039;exp\u00e9riences \u00e0 vivre \u00e0 quelques kilom\u00e8tres seulement de notre emplacement privil\u00e9gi\u00e9.\" \/>\n<meta property=\"og:url\" content=\"https:\/\/ficam.cat\/fr\/experiences-fugit\/\" \/>\n<meta property=\"og:site_name\" content=\"Palau Fugit\" \/>\n<meta property=\"article:modified_time\" content=\"2026-04-14T15:47:13+00:00\" \/>\n<meta name=\"twitter:card\" content=\"summary_large_image\" \/>\n<meta name=\"twitter:label1\" content=\"Dur\u00e9e de lecture estim\u00e9e\" \/>\n\t<meta name=\"twitter:data1\" content=\"1 minute\" \/>\n<script type=\"application\/ld+json\" class=\"yoast-schema-graph\">{\"@context\":\"https:\\\/\\\/schema.org\",\"@graph\":[{\"@type\":\"WebPage\",\"@id\":\"https:\\\/\\\/ficam.cat\\\/fr\\\/experiences-fugit\\\/\",\"url\":\"https:\\\/\\\/ficam.cat\\\/fr\\\/experiences-fugit\\\/\",\"name\":\"Exp\u00e9riences Fugit Palau Fugit\",\"isPartOf\":{\"@id\":\"https:\\\/\\\/ficam.cat\\\/fr\\\/#website\"},\"datePublished\":\"2026-01-28T16:16:21+00:00\",\"dateModified\":\"2026-04-14T15:47:13+00:00\",\"description\":\"Palau Fugit vous propose toute une gamme d'exp\u00e9riences \u00e0 vivre \u00e0 quelques kilom\u00e8tres seulement de notre emplacement privil\u00e9gi\u00e9.\",\"breadcrumb\":{\"@id\":\"https:\\\/\\\/ficam.cat\\\/fr\\\/experiences-fugit\\\/#breadcrumb\"},\"inLanguage\":\"fr-FR\",\"potentialAction\":[{\"@type\":\"ReadAction\",\"target\":[\"https:\\\/\\\/ficam.cat\\\/fr\\\/experiences-fugit\\\/\"]}]},{\"@type\":\"BreadcrumbList\",\"@id\":\"https:\\\/\\\/ficam.cat\\\/fr\\\/experiences-fugit\\\/#breadcrumb\",\"itemListElement\":[{\"@type\":\"ListItem\",\"position\":1,\"name\":\"Inici\",\"item\":\"https:\\\/\\\/ficam.cat\\\/fr\\\/accueil\\\/\"},{\"@type\":\"ListItem\",\"position\":2,\"name\":\"Exp\u00e9riences Fugit\"}]},{\"@type\":\"WebSite\",\"@id\":\"https:\\\/\\\/ficam.cat\\\/fr\\\/#website\",\"url\":\"https:\\\/\\\/ficam.cat\\\/fr\\\/\",\"name\":\"Palau Fugit\",\"description\":\"Hotel Boutique en Girona\",\"publisher\":{\"@id\":\"https:\\\/\\\/ficam.cat\\\/fr\\\/#organization\"},\"potentialAction\":[{\"@type\":\"SearchAction\",\"target\":{\"@type\":\"EntryPoint\",\"urlTemplate\":\"https:\\\/\\\/ficam.cat\\\/fr\\\/?s={search_term_string}\"},\"query-input\":{\"@type\":\"PropertyValueSpecification\",\"valueRequired\":true,\"valueName\":\"search_term_string\"}}],\"inLanguage\":\"fr-FR\"},{\"@type\":\"Organization\",\"@id\":\"https:\\\/\\\/ficam.cat\\\/fr\\\/#organization\",\"name\":\"Palau Fugit\",\"url\":\"https:\\\/\\\/ficam.cat\\\/fr\\\/\",\"logo\":{\"@type\":\"ImageObject\",\"inLanguage\":\"fr-FR\",\"@id\":\"https:\\\/\\\/ficam.cat\\\/fr\\\/#\\\/schema\\\/logo\\\/image\\\/\",\"url\":\"https:\\\/\\\/ficam.cat\\\/wp-content\\\/uploads\\\/2026\\\/02\\\/cropped-favicon_palaufugit-favicon.png\",\"contentUrl\":\"https:\\\/\\\/ficam.cat\\\/wp-content\\\/uploads\\\/2026\\\/02\\\/cropped-favicon_palaufugit-favicon.png\",\"width\":512,\"height\":512,\"caption\":\"Palau Fugit\"},\"image\":{\"@id\":\"https:\\\/\\\/ficam.cat\\\/fr\\\/#\\\/schema\\\/logo\\\/image\\\/\"},\"sameAs\":[\"https:\\\/\\\/www.instagram.com\\\/palaufugitgirona\\\/\"]}]}<\/script>\n<!-- \/ Yoast SEO plugin. -->","yoast_head_json":{"title":"Exp\u00e9riences Fugit Palau Fugit","description":"Palau Fugit vous propose toute une gamme d'exp\u00e9riences \u00e0 vivre \u00e0 quelques kilom\u00e8tres seulement de notre emplacement privil\u00e9gi\u00e9.","robots":{"index":"noindex","follow":"follow","max-snippet":"max-snippet:-1","max-image-preview":"max-image-preview:large","max-video-preview":"max-video-preview:-1"},"og_locale":"fr_FR","og_type":"article","og_title":"Exp\u00e9riences Fugit Palau Fugit","og_description":"Palau Fugit vous propose toute une gamme d'exp\u00e9riences \u00e0 vivre \u00e0 quelques kilom\u00e8tres seulement de notre emplacement privil\u00e9gi\u00e9.","og_url":"https:\/\/ficam.cat\/fr\/experiences-fugit\/","og_site_name":"Palau Fugit","article_modified_time":"2026-04-14T15:47:13+00:00","twitter_card":"summary_large_image","twitter_misc":{"Dur\u00e9e de lecture estim\u00e9e":"1 minute"},"schema":{"@context":"https:\/\/schema.org","@graph":[{"@type":"WebPage","@id":"https:\/\/ficam.cat\/fr\/experiences-fugit\/","url":"https:\/\/ficam.cat\/fr\/experiences-fugit\/","name":"Exp\u00e9riences Fugit Palau Fugit","isPartOf":{"@id":"https:\/\/ficam.cat\/fr\/#website"},"datePublished":"2026-01-28T16:16:21+00:00","dateModified":"2026-04-14T15:47:13+00:00","description":"Palau Fugit vous propose toute une gamme d'exp\u00e9riences \u00e0 vivre \u00e0 quelques kilom\u00e8tres seulement de notre emplacement privil\u00e9gi\u00e9.","breadcrumb":{"@id":"https:\/\/ficam.cat\/fr\/experiences-fugit\/#breadcrumb"},"inLanguage":"fr-FR","potentialAction":[{"@type":"ReadAction","target":["https:\/\/ficam.cat\/fr\/experiences-fugit\/"]}]},{"@type":"BreadcrumbList","@id":"https:\/\/ficam.cat\/fr\/experiences-fugit\/#breadcrumb","itemListElement":[{"@type":"ListItem","position":1,"name":"Inici","item":"https:\/\/ficam.cat\/fr\/accueil\/"},{"@type":"ListItem","position":2,"name":"Exp\u00e9riences Fugit"}]},{"@type":"WebSite","@id":"https:\/\/ficam.cat\/fr\/#website","url":"https:\/\/ficam.cat\/fr\/","name":"Palau Fugit","description":"Hotel Boutique en Girona","publisher":{"@id":"https:\/\/ficam.cat\/fr\/#organization"},"potentialAction":[{"@type":"SearchAction","target":{"@type":"EntryPoint","urlTemplate":"https:\/\/ficam.cat\/fr\/?s={search_term_string}"},"query-input":{"@type":"PropertyValueSpecification","valueRequired":true,"valueName":"search_term_string"}}],"inLanguage":"fr-FR"},{"@type":"Organization","@id":"https:\/\/ficam.cat\/fr\/#organization","name":"Palau Fugit","url":"https:\/\/ficam.cat\/fr\/","logo":{"@type":"ImageObject","inLanguage":"fr-FR","@id":"https:\/\/ficam.cat\/fr\/#\/schema\/logo\/image\/","url":"https:\/\/ficam.cat\/wp-content\/uploads\/2026\/02\/cropped-favicon_palaufugit-favicon.png","contentUrl":"https:\/\/ficam.cat\/wp-content\/uploads\/2026\/02\/cropped-favicon_palaufugit-favicon.png","width":512,"height":512,"caption":"Palau Fugit"},"image":{"@id":"https:\/\/ficam.cat\/fr\/#\/schema\/logo\/image\/"},"sameAs":["https:\/\/www.instagram.com\/palaufugitgirona\/"]}]}},"_links":{"self":[{"href":"https:\/\/ficam.cat\/fr\/wp-json\/wp\/v2\/pages\/14812","targetHints":{"allow":["GET"]}}],"collection":[{"href":"https:\/\/ficam.cat\/fr\/wp-json\/wp\/v2\/pages"}],"about":[{"href":"https:\/\/ficam.cat\/fr\/wp-json\/wp\/v2\/types\/page"}],"author":[{"embeddable":true,"href":"https:\/\/ficam.cat\/fr\/wp-json\/wp\/v2\/users\/1"}],"replies":[{"embeddable":true,"href":"https:\/\/ficam.cat\/fr\/wp-json\/wp\/v2\/comments?post=14812"}],"version-history":[{"count":2,"href":"https:\/\/ficam.cat\/fr\/wp-json\/wp\/v2\/pages\/14812\/revisions"}],"predecessor-version":[{"id":15678,"href":"https:\/\/ficam.cat\/fr\/wp-json\/wp\/v2\/pages\/14812\/revisions\/15678"}],"wp:attachment":[{"href":"https:\/\/ficam.cat\/fr\/wp-json\/wp\/v2\/media?parent=14812"}],"curies":[{"name":"wp","href":"https:\/\/api.w.org\/{rel}","templated":true}]}}