{"id":15781,"date":"2026-01-29T15:34:10","date_gmt":"2026-01-29T15:34:10","guid":{"rendered":"https:\/\/ficam.cat\/termes-et-conditions\/"},"modified":"2026-04-13T16:35:17","modified_gmt":"2026-04-13T16:35:17","slug":"termes-et-conditions","status":"publish","type":"page","link":"https:\/\/ficam.cat\/fr\/termes-et-conditions\/","title":{"rendered":"Termes et conditions"},"content":{"rendered":"\t\t<div data-elementor-type=\"wp-page\" data-elementor-id=\"15781\" class=\"elementor elementor-15781 elementor-13337\" data-elementor-post-type=\"page\">\n\t\t\t\t<div class=\"elementor-element elementor-element-ee308be e-con-full e-flex e-con e-parent\" data-id=\"ee308be\" data-element_type=\"container\" data-e-type=\"container\" data-settings=\"{&quot;background_background&quot;:&quot;classic&quot;}\">\n\t\t\t\t<div class=\"elementor-element elementor-element-e8cfb8b elementor-widget elementor-widget-heading\" data-id=\"e8cfb8b\" data-element_type=\"widget\" data-e-type=\"widget\" data-widget_type=\"heading.default\">\n\t\t\t\t\t<h1 class=\"elementor-heading-title elementor-size-default\">Termes et conditions<\/h1>\t\t\t\t<\/div>\n\t\t\t\t<div class=\"elementor-element elementor-element-8a9744a elementor-widget elementor-widget-text-editor\" data-id=\"8a9744a\" data-element_type=\"widget\" data-e-type=\"widget\" data-widget_type=\"text-editor.default\">\n\t\t\t\t\t\t\t\t\t<p><strong>R\u00e9servations<\/strong><\/p><p><\/p><p>Les r\u00e9servations s\u2019effectuent via le moteur de r\u00e9servation disponible sur le site web.<br>L\u2019utilisateur s\u2019engage \u00e0 fournir des informations exactes et compl\u00e8tes. <\/p><p><\/p><p style=\"margin-top: 0.42cm; margin-bottom: 0.42cm; line-height: 100%;\"><b>Types de tarifs et paiement<\/b><\/p><p><\/p><ul><li>Tarifs non remboursables (non refundable): le montant total est factur\u00e9 au moment de la r\u00e9servation.<\/li><li>Autres tarifs: le paiement s\u2019effectue sur place.<\/li><\/ul><p style=\"margin-top: 20px;\">L\u2019\u00e9tablissement pourra demander une carte bancaire comme garantie de la r\u00e9servation.<br><\/p><p style=\"margin-top: 0.42cm; margin-bottom: 0.42cm; line-height: 100%;\"><b>Politique d\u2019annulation<\/b><\/p><p><\/p><p style=\"margin-top: 0.42cm; margin-bottom: 0.42cm; line-height: 100%;\"> Les conditions d\u2019annulation sp\u00e9cifiques seront indiqu\u00e9es au cours du processus de r\u00e9servation.<\/p><p style=\"margin-top: 0.42cm; margin-bottom: 0.42cm; line-height: 100%;\">Pour les tarifs non remboursables, aucune annulation ni aucun remboursement ne sont admis.<\/p><p style=\"margin-top: 0.42cm; margin-bottom: 0.42cm; line-height: 100%;\">Pour les tarifs standard, l\u2019annulation pourra \u00eatre gratuite dans le d\u00e9lai indiqu\u00e9 lors de la r\u00e9servation.<\/p><p style=\"margin-top: 0.42cm; margin-bottom: 0.42cm; line-height: 100%;\">En cas de non-pr\u00e9sentation (no-show), l\u2019\u00e9tablissement pourra appliquer des frais conform\u00e9ment aux conditions accept\u00e9es lors de la r\u00e9servation.<\/p><p><\/p><p><b>Responsabilit\u00e9<\/b><\/p><p style=\"margin-top: 0.42cm; margin-bottom: 0.42cm; line-height: 100%;\"> L\u2019Hotel Palau Fugit ne saurait \u00eatre tenu responsable des interruptions de service dues \u00e0 des causes externes ou \u00e0 un cas de force majeure.<\/p><p><\/p><p><b>Propri\u00e9t\u00e9 intellectuelle<\/b><\/p><p style=\"margin-top: 0.42cm; margin-bottom: 0.42cm; line-height: 100%;\"> Tous les contenus du site web sont la propri\u00e9t\u00e9 de l\u2019Hotel Palau Fugit ou font l\u2019objet d\u2019une licence d\u2019utilisation.<\/p><p>Toute reproduction sans autorisation est interdite.<\/p><p><b>Derni\u00e8re mise \u00e0 jour : 2026<\/b><\/p>\t\t\t\t\t\t\t\t<\/div>\n\t\t\t\t<\/div>\n\t\t\t\t<\/div>\n\t\t","protected":false},"excerpt":{"rendered":"<p>R\u00e9servations Les r\u00e9servations s\u2019effectuent via le moteur de r\u00e9servation disponible sur le site web.L\u2019utilisateur s\u2019engage \u00e0 fournir des informations exactes et compl\u00e8tes. Types de tarifs et paiement Tarifs non remboursables (non refundable): le montant total est factur\u00e9 au moment de la r\u00e9servation. Autres tarifs: le paiement s\u2019effectue sur place. L\u2019\u00e9tablissement pourra demander une carte bancaire [&hellip;]<\/p>\n","protected":false},"author":1,"featured_media":0,"parent":0,"menu_order":0,"comment_status":"closed","ping_status":"closed","template":"elementor_header_footer","meta":{"_acf_changed":false,"inline_featured_image":false,"footnotes":""},"class_list":["post-15781","page","type-page","status-publish","hentry"],"acf":[],"yoast_head":"<!-- This site is optimized with the Yoast SEO plugin v27.3 - https:\/\/yoast.com\/product\/yoast-seo-wordpress\/ -->\n<title>Termes et conditions - Palau Fugit<\/title>\n<meta name=\"robots\" content=\"noindex, follow, max-snippet:-1, max-image-preview:large, max-video-preview:-1\" \/>\n<meta property=\"og:locale\" content=\"fr_FR\" \/>\n<meta property=\"og:type\" content=\"article\" \/>\n<meta property=\"og:title\" content=\"Termes et conditions - Palau Fugit\" \/>\n<meta property=\"og:description\" content=\"R\u00e9servations Les r\u00e9servations s\u2019effectuent via le moteur de r\u00e9servation disponible sur le site web.L\u2019utilisateur s\u2019engage \u00e0 fournir des informations exactes et compl\u00e8tes. Types de tarifs et paiement Tarifs non remboursables (non refundable): le montant total est factur\u00e9 au moment de la r\u00e9servation. Autres tarifs: le paiement s\u2019effectue sur place. L\u2019\u00e9tablissement pourra demander une carte bancaire [&hellip;]\" \/>\n<meta property=\"og:url\" content=\"https:\/\/ficam.cat\/fr\/termes-et-conditions\/\" \/>\n<meta property=\"og:site_name\" content=\"Palau Fugit\" \/>\n<meta property=\"article:modified_time\" content=\"2026-04-13T16:35:17+00:00\" \/>\n<meta name=\"twitter:card\" content=\"summary_large_image\" \/>\n<meta name=\"twitter:label1\" content=\"Dur\u00e9e de lecture estim\u00e9e\" \/>\n\t<meta name=\"twitter:data1\" content=\"1 minute\" \/>\n<script type=\"application\/ld+json\" class=\"yoast-schema-graph\">{\"@context\":\"https:\\\/\\\/schema.org\",\"@graph\":[{\"@type\":\"WebPage\",\"@id\":\"https:\\\/\\\/ficam.cat\\\/fr\\\/termes-et-conditions\\\/\",\"url\":\"https:\\\/\\\/ficam.cat\\\/fr\\\/termes-et-conditions\\\/\",\"name\":\"Termes et conditions - Palau Fugit\",\"isPartOf\":{\"@id\":\"https:\\\/\\\/ficam.cat\\\/fr\\\/#website\"},\"datePublished\":\"2026-01-29T15:34:10+00:00\",\"dateModified\":\"2026-04-13T16:35:17+00:00\",\"breadcrumb\":{\"@id\":\"https:\\\/\\\/ficam.cat\\\/fr\\\/termes-et-conditions\\\/#breadcrumb\"},\"inLanguage\":\"fr-FR\",\"potentialAction\":[{\"@type\":\"ReadAction\",\"target\":[\"https:\\\/\\\/ficam.cat\\\/fr\\\/termes-et-conditions\\\/\"]}]},{\"@type\":\"BreadcrumbList\",\"@id\":\"https:\\\/\\\/ficam.cat\\\/fr\\\/termes-et-conditions\\\/#breadcrumb\",\"itemListElement\":[{\"@type\":\"ListItem\",\"position\":1,\"name\":\"Inici\",\"item\":\"https:\\\/\\\/ficam.cat\\\/fr\\\/accueil\\\/\"},{\"@type\":\"ListItem\",\"position\":2,\"name\":\"Termes et conditions\"}]},{\"@type\":\"WebSite\",\"@id\":\"https:\\\/\\\/ficam.cat\\\/fr\\\/#website\",\"url\":\"https:\\\/\\\/ficam.cat\\\/fr\\\/\",\"name\":\"Palau Fugit\",\"description\":\"Hotel Boutique en Girona\",\"publisher\":{\"@id\":\"https:\\\/\\\/ficam.cat\\\/fr\\\/#organization\"},\"potentialAction\":[{\"@type\":\"SearchAction\",\"target\":{\"@type\":\"EntryPoint\",\"urlTemplate\":\"https:\\\/\\\/ficam.cat\\\/fr\\\/?s={search_term_string}\"},\"query-input\":{\"@type\":\"PropertyValueSpecification\",\"valueRequired\":true,\"valueName\":\"search_term_string\"}}],\"inLanguage\":\"fr-FR\"},{\"@type\":\"Organization\",\"@id\":\"https:\\\/\\\/ficam.cat\\\/fr\\\/#organization\",\"name\":\"Palau Fugit\",\"url\":\"https:\\\/\\\/ficam.cat\\\/fr\\\/\",\"logo\":{\"@type\":\"ImageObject\",\"inLanguage\":\"fr-FR\",\"@id\":\"https:\\\/\\\/ficam.cat\\\/fr\\\/#\\\/schema\\\/logo\\\/image\\\/\",\"url\":\"https:\\\/\\\/ficam.cat\\\/wp-content\\\/uploads\\\/2026\\\/02\\\/cropped-favicon_palaufugit-favicon.png\",\"contentUrl\":\"https:\\\/\\\/ficam.cat\\\/wp-content\\\/uploads\\\/2026\\\/02\\\/cropped-favicon_palaufugit-favicon.png\",\"width\":512,\"height\":512,\"caption\":\"Palau Fugit\"},\"image\":{\"@id\":\"https:\\\/\\\/ficam.cat\\\/fr\\\/#\\\/schema\\\/logo\\\/image\\\/\"},\"sameAs\":[\"https:\\\/\\\/www.instagram.com\\\/palaufugitgirona\\\/\"]}]}<\/script>\n<!-- \/ Yoast SEO plugin. -->","yoast_head_json":{"title":"Termes et conditions - Palau Fugit","robots":{"index":"noindex","follow":"follow","max-snippet":"max-snippet:-1","max-image-preview":"max-image-preview:large","max-video-preview":"max-video-preview:-1"},"og_locale":"fr_FR","og_type":"article","og_title":"Termes et conditions - Palau Fugit","og_description":"R\u00e9servations Les r\u00e9servations s\u2019effectuent via le moteur de r\u00e9servation disponible sur le site web.L\u2019utilisateur s\u2019engage \u00e0 fournir des informations exactes et compl\u00e8tes. Types de tarifs et paiement Tarifs non remboursables (non refundable): le montant total est factur\u00e9 au moment de la r\u00e9servation. Autres tarifs: le paiement s\u2019effectue sur place. L\u2019\u00e9tablissement pourra demander une carte bancaire [&hellip;]","og_url":"https:\/\/ficam.cat\/fr\/termes-et-conditions\/","og_site_name":"Palau Fugit","article_modified_time":"2026-04-13T16:35:17+00:00","twitter_card":"summary_large_image","twitter_misc":{"Dur\u00e9e de lecture estim\u00e9e":"1 minute"},"schema":{"@context":"https:\/\/schema.org","@graph":[{"@type":"WebPage","@id":"https:\/\/ficam.cat\/fr\/termes-et-conditions\/","url":"https:\/\/ficam.cat\/fr\/termes-et-conditions\/","name":"Termes et conditions - Palau Fugit","isPartOf":{"@id":"https:\/\/ficam.cat\/fr\/#website"},"datePublished":"2026-01-29T15:34:10+00:00","dateModified":"2026-04-13T16:35:17+00:00","breadcrumb":{"@id":"https:\/\/ficam.cat\/fr\/termes-et-conditions\/#breadcrumb"},"inLanguage":"fr-FR","potentialAction":[{"@type":"ReadAction","target":["https:\/\/ficam.cat\/fr\/termes-et-conditions\/"]}]},{"@type":"BreadcrumbList","@id":"https:\/\/ficam.cat\/fr\/termes-et-conditions\/#breadcrumb","itemListElement":[{"@type":"ListItem","position":1,"name":"Inici","item":"https:\/\/ficam.cat\/fr\/accueil\/"},{"@type":"ListItem","position":2,"name":"Termes et conditions"}]},{"@type":"WebSite","@id":"https:\/\/ficam.cat\/fr\/#website","url":"https:\/\/ficam.cat\/fr\/","name":"Palau Fugit","description":"Hotel Boutique en Girona","publisher":{"@id":"https:\/\/ficam.cat\/fr\/#organization"},"potentialAction":[{"@type":"SearchAction","target":{"@type":"EntryPoint","urlTemplate":"https:\/\/ficam.cat\/fr\/?s={search_term_string}"},"query-input":{"@type":"PropertyValueSpecification","valueRequired":true,"valueName":"search_term_string"}}],"inLanguage":"fr-FR"},{"@type":"Organization","@id":"https:\/\/ficam.cat\/fr\/#organization","name":"Palau Fugit","url":"https:\/\/ficam.cat\/fr\/","logo":{"@type":"ImageObject","inLanguage":"fr-FR","@id":"https:\/\/ficam.cat\/fr\/#\/schema\/logo\/image\/","url":"https:\/\/ficam.cat\/wp-content\/uploads\/2026\/02\/cropped-favicon_palaufugit-favicon.png","contentUrl":"https:\/\/ficam.cat\/wp-content\/uploads\/2026\/02\/cropped-favicon_palaufugit-favicon.png","width":512,"height":512,"caption":"Palau Fugit"},"image":{"@id":"https:\/\/ficam.cat\/fr\/#\/schema\/logo\/image\/"},"sameAs":["https:\/\/www.instagram.com\/palaufugitgirona\/"]}]}},"_links":{"self":[{"href":"https:\/\/ficam.cat\/fr\/wp-json\/wp\/v2\/pages\/15781","targetHints":{"allow":["GET"]}}],"collection":[{"href":"https:\/\/ficam.cat\/fr\/wp-json\/wp\/v2\/pages"}],"about":[{"href":"https:\/\/ficam.cat\/fr\/wp-json\/wp\/v2\/types\/page"}],"author":[{"embeddable":true,"href":"https:\/\/ficam.cat\/fr\/wp-json\/wp\/v2\/users\/1"}],"replies":[{"embeddable":true,"href":"https:\/\/ficam.cat\/fr\/wp-json\/wp\/v2\/comments?post=15781"}],"version-history":[{"count":1,"href":"https:\/\/ficam.cat\/fr\/wp-json\/wp\/v2\/pages\/15781\/revisions"}],"predecessor-version":[{"id":15782,"href":"https:\/\/ficam.cat\/fr\/wp-json\/wp\/v2\/pages\/15781\/revisions\/15782"}],"wp:attachment":[{"href":"https:\/\/ficam.cat\/fr\/wp-json\/wp\/v2\/media?parent=15781"}],"curies":[{"name":"wp","href":"https:\/\/api.w.org\/{rel}","templated":true}]}}