{"id":15795,"date":"2026-01-29T15:33:53","date_gmt":"2026-01-29T15:33:53","guid":{"rendered":"https:\/\/ficam.cat\/politique-de-cookies\/"},"modified":"2026-04-14T15:26:24","modified_gmt":"2026-04-14T15:26:24","slug":"politique-de-cookies","status":"publish","type":"page","link":"https:\/\/ficam.cat\/fr\/politique-de-cookies\/","title":{"rendered":"Politique de Cookies"},"content":{"rendered":"\t\t<div data-elementor-type=\"wp-page\" data-elementor-id=\"15795\" class=\"elementor elementor-15795 elementor-13335\" data-elementor-post-type=\"page\">\n\t\t\t\t<div class=\"elementor-element elementor-element-20e69c9 e-con-full e-flex e-con e-parent\" data-id=\"20e69c9\" data-element_type=\"container\" data-e-type=\"container\" data-settings=\"{&quot;background_background&quot;:&quot;classic&quot;}\">\n\t\t\t\t<div class=\"elementor-element elementor-element-3208dc5 elementor-widget elementor-widget-heading\" data-id=\"3208dc5\" data-element_type=\"widget\" data-e-type=\"widget\" data-widget_type=\"heading.default\">\n\t\t\t\t\t<h1 class=\"elementor-heading-title elementor-size-default\">Politique de Cookies<\/h1>\t\t\t\t<\/div>\n\t\t\t\t<div class=\"elementor-element elementor-element-718518c elementor-widget elementor-widget-text-editor\" data-id=\"718518c\" data-element_type=\"widget\" data-e-type=\"widget\" data-widget_type=\"text-editor.default\">\n\t\t\t\t\t\t\t\t\t<p>palaufugit.com utilise des cookies afin de vous offrir une meilleure exp\u00e9rience de navigation. De plus, si vous y consentez, nous utiliserons des cookies nous permettant d\u2019obtenir davantage d\u2019informations sur vos pr\u00e9f\u00e9rences et de personnaliser notre site web en fonction de vos int\u00e9r\u00eats individuels, pour une navigation plus fluide et personnalis\u00e9e.<br>Nous souhaitons vous informer de mani\u00e8re claire et pr\u00e9cise sur les cookies que nous utilisons sur notre site web. Si vous souhaitez obtenir plus d\u2019informations sur l\u2019utilisation et la finalit\u00e9 des cookies mis en place, vous pouvez nous \u00e9crire \u00e0 hola@palaufugit.com  <\/p>\n<p><b>Qu\u2019est-ce qu\u2019un cookie?<\/b><\/p>\n<p>Un cookie est un petit fichier t\u00e9l\u00e9charg\u00e9 sur l\u2019ordinateur, la tablette ou le smartphone de l\u2019utilisateur, destin\u00e9 \u00e0 stocker des donn\u00e9es et des informations pouvant \u00eatre mises \u00e0 jour ou r\u00e9cup\u00e9r\u00e9es par l\u2019entit\u00e9 responsable de son installation.<br>Les informations recueillies par le biais des cookies peuvent inclure la date et l\u2019heure des visites sur le site web, les diff\u00e9rentes pages consult\u00e9es ou le temps pass\u00e9 sur le site. <\/p>\n<p style=\"margin-top: 0.42cm; margin-bottom: 0.42cm; line-height: 100%;\"><b>Quels types de cookies ce site utilise-t-il?<\/b><\/p>\n<p style=\"margin-top: 0.42cm; margin-bottom: 0.42cm; line-height: 100%;\">\u00c9tat de la session : nous utilisons ce cookie pour maintenir et propager la session de l\u2019utilisateur entre les diff\u00e9rentes pages visit\u00e9es.<\/p>\n<p>Cookies internes (ou propri\u00e9taires)<\/p>\n<p style=\"margin-top: 0.42cm; margin-bottom: 0.42cm; line-height: 100%;\">Ce type de cookies est envoy\u00e9 \u00e0 votre appareil et g\u00e9r\u00e9 exclusivement par nos soins afin d\u2019assurer le bon fonctionnement du site web. Les informations collect\u00e9es sont utilis\u00e9es pour am\u00e9liorer la qualit\u00e9 de notre service et votre exp\u00e9rience en tant qu\u2019utilisateur. <\/p>\n<p><b>Cookies tiers<\/b><\/p>\n<p style=\"margin-bottom: 0cm;\">Ce sont ceux qui sont envoy\u00e9s \u00e0 votre appareil depuis un domaine qui n\u2019est pas g\u00e9r\u00e9 par nous, mais par une autre entit\u00e9 partenaire. Il s\u2019agit, par exemple, des cookies d\u2019analyse utilis\u00e9s par Google, ou de ceux des r\u00e9seaux sociaux permettant \u00e0 l\u2019utilisateur de partager ou de recommander le contenu de notre site. <\/p>\n<p><b>Cookies utilis\u00e9s<\/b><\/p>\n<table border=\"1\">\n<thead>\n<tr>\n<th>Nom<\/th>\n<th>Domaine<\/th>\n<th>Dur\u00e9e<\/th>\n<th>Type et finalit\u00e9<\/th>\n<th>Description<\/th>\n<\/tr>\n<\/thead>\n<tbody>\n<tr>\n<td>SEARCH_SAMESITE<\/td>\n<td>.google.com<\/td>\n<td>6 mois<\/td>\n<td>S\u00e9curit\u00e9<\/td>\n<td>Emp\u00eache l&rsquo;envoi de cookies lors de requ\u00eates intersites (CSRF).<\/td>\n<\/tr>\n<tr>\n<td>SID \/ SIDCC \/ SSID<\/td>\n<td>.google.com<\/td>\n<td>2 ans<\/td>\n<td>Authentification et S\u00e9curit\u00e9<\/td>\n<td>Enregistrements chiffr\u00e9s de l&rsquo;ID utilisateur et de l&rsquo;heure de connexion.<\/td>\n<\/tr>\n<tr>\n<td>wordpress_logged_in_*<\/td>\n<td>palaufugit.com<\/td>\n<td>Session<\/td>\n<td>N\u00e9cessaire<\/td>\n<td>Utilis\u00e9 pour maintenir la session de l&rsquo;utilisateur identifi\u00e9e dans le syst\u00e8me.<\/td>\n<\/tr>\n<tr>\n<td>wordpress_test_cookie<\/td>\n<td>palaufugit.com<\/td>\n<td>Session<\/td>\n<td>Fonctionnelle<\/td>\n<td>V\u00e9rifie si le navigateur accepte les cookies.<\/td>\n<\/tr>\n<tr>\n<td>wp-settings \/ wp-settings-time<\/td>\n<td>palaufugit.com<\/td>\n<td>1 an<\/td>\n<td>Personnalisation<\/td>\n<td>Stocke la configuration de l&rsquo;interface de l&rsquo;utilisateur.<\/td>\n<\/tr>\n<tr>\n<td>wp-wpml_current_language<\/td>\n<td>palaufugit.com<\/td>\n<td>Session<\/td>\n<td>Langue<\/td>\n<td>Stocke la langue s\u00e9lectionn\u00e9e pour la navigation.<\/td>\n<\/tr>\n<\/tbody>\n<\/table>\n<p><strong>Niveau d\u2019intrusion:<\/strong> Les cookies mentionn\u00e9s ci-dessus comportent un crit\u00e8re de \u00ab niveau d\u2019intrusion \u00bb bas\u00e9 sur une \u00e9chelle de 1 \u00e0 3 :<\/p>\n<ul>\n<li><strong>Niveau 1:<\/strong> Cookies internes indispensables \u00e0 la fourniture du service demand\u00e9 par l\u2019utilisateur.<\/li>\n<li><strong>Niveau 2:<\/strong> Cookies internes anonymes n\u00e9cessaires \u00e0 la maintenance du contenu et de la navigation, ainsi que des cookies g\u00e9r\u00e9s par des tiers dans le cadre de services express\u00e9ment demand\u00e9s par l\u2019utilisateur.<\/li>\n<li><strong>Niveau 3:<\/strong> Cookies g\u00e9r\u00e9s par des tiers dans le cadre de services non express\u00e9ment demand\u00e9s par l\u2019utilisateur. L\u2019utilisation de cookies de niveau 3 est soumise au consentement pr\u00e9alable de l\u2019utilisateur par une confirmation explicite. <\/li>\n<\/ul>\n<p><b>&nbsp;<\/b><\/p>\n<p><b style=\"font-size: 11pt; color: #000000; font-family: inherit;\">Comment configurer ou d\u00e9sactiver les cookies utilis\u00e9s sur ce site web?<\/b><\/p>\n<p><b style=\"font-size: 11pt; color: #000000; font-family: inherit;\">&nbsp;<\/b>Pour restreindre ou bloquer les cookies, vous devez modifier la configuration du navigateur utilis\u00e9 sur votre appareil. En g\u00e9n\u00e9ral, les navigateurs proposent les options suivantes : <\/p>\n<h3><span style=\"color: #000000;\"><span style=\"font-size: 11pt;\"><b>Google Chrome:&nbsp;<\/b><\/span><\/span><\/h3>\n<h3><b style=\"font-family: inherit; font-size: 16px; color: inherit;\">Supprimer les cookies:<\/b><\/h3>\n<ul>\n<li>Cliquez sur les trois points dans le coin sup\u00e9rieur droit.<\/li>\n<li>S\u00e9lectionnez \u00ab Historique \u00bb puis \u00ab Historique \u00bb.<\/li>\n<li>Cliquez sur \u00ab Effacer les donn\u00e9es de navigation \u00bb.<\/li>\n<li>Cochez \u00ab Cookies et autres donn\u00e9es de sites \u00bb et cliquez sur \u00ab Effacer les donn\u00e9es \u00bb.<\/li>\n<\/ul>\n<p><strong>&nbsp;<\/strong><\/p>\n<p><strong>Bloquer les cookies:<\/strong><\/p>\n<ul>\n<li>Cliquez sur les trois points, puis s\u00e9lectionnez \u00ab Param\u00e8tres \u00bb.<\/li>\n<li>Dans \u00ab Confidentialit\u00e9 et s\u00e9curit\u00e9 \u00bb, choisissez \u00ab Param\u00e8tres du site \u00bb.<\/li>\n<li>Dans \u00ab Cookies \u00bb, vous pouvez bloquer les cookies tiers ou tous les cookies.<\/li>\n<\/ul>\n<h3><b style=\"font-size: 11pt; color: #000000; font-family: inherit;\">Mozilla Firefox:<\/b><b style=\"font-family: inherit; font-size: 11pt; color: #000000;\">&nbsp;<\/b><\/h3>\n<h3><b style=\"font-family: inherit; font-size: 16px; color: inherit;\">Supprimer les cookies:<\/b><\/h3>\n<ul>\n<li>Cliquez sur les trois lignes dans le coin sup\u00e9rieur droit.<\/li>\n<li>S\u00e9lectionnez \u00ab Options \u00bb &gt; \u00ab Vie priv\u00e9e et s\u00e9curit\u00e9 \u00bb.<\/li>\n<li>Dans \u00ab Cookies et donn\u00e9es du site \u00bb, cliquez sur \u00ab Effacer les donn\u00e9es \u00bb.<\/li>\n<\/ul>\n<p><strong>&nbsp;<\/strong><\/p>\n<p><strong>Bloquer les cookies:<\/strong><\/p>\n<ul>\n<li>Dans la m\u00eame section, vous pouvez bloquer les cookies tiers ou tous les cookies.<\/li>\n<\/ul>\n<h3><b style=\"font-size: 11pt; color: #000000; font-family: inherit;\">Microsoft Edge:<\/b><b style=\"font-family: inherit; font-size: 11pt; color: #000000;\">&nbsp;<\/b><\/h3>\n<h3><b style=\"font-family: inherit; font-size: 16px; color: inherit;\">Supprimer les cookies:<\/b><\/h3>\n<ul>\n<li>Cliquez sur les trois points dans le coin sup\u00e9rieur droit.<\/li>\n<li>S\u00e9lectionnez \u00ab Param\u00e8tres \u00bb &gt; \u00ab Confidentialit\u00e9, recherche et services \u00bb.<\/li>\n<li>Cliquez sur \u00ab Choisir les \u00e9l\u00e9ments \u00e0 effacer \u00bb et s\u00e9lectionnez \u00ab Cookies et autres donn\u00e9es du site \u00bb.<\/li>\n<\/ul>\n<p><strong>&nbsp;<\/strong><\/p>\n<p><strong>Block cookies:<\/strong><\/p>\n<ul>\n<li>Dans la m\u00eame section, vous pouvez bloquer les cookies tiers.<\/li>\n<\/ul>\n<h3><b style=\"font-size: 11pt; color: #000000; font-family: inherit;\">Safari:<\/b><b style=\"font-family: inherit; font-size: 11pt; color: #000000;\">&nbsp;<\/b><\/h3>\n<h3><b style=\"font-family: inherit; font-size: 16px; color: inherit;\">Supprimer les cookies:<\/b><\/h3>\n<ul>\n<li>Dans la barre de menu, s\u00e9lectionnez \u00ab Historique \u00bb &gt; \u00ab Effacer l\u2019historique \u00bb.<\/li>\n<li>Choisissez la p\u00e9riode souhait\u00e9e et cliquez sur \u00ab Effacer l\u2019historique \u00bb.<\/li>\n<\/ul>\n<p><strong>&nbsp;<\/strong><\/p>\n<p><strong>Bloquer les cookies:<\/strong><\/p>\n<ul>\n<li>Allez dans \u00ab Pr\u00e9f\u00e9rences \u00bb &gt; \u00ab Confidentialit\u00e9 \u00bb.<\/li>\n<li>Dans \u00ab Cookies et donn\u00e9es de sites web \u00bb, s\u00e9lectionnez l\u2019option souhait\u00e9e.<\/li>\n<\/ul>\n<div>&nbsp;<\/div>\n<h3><span style=\"color: #000000;\"><span style=\"font-size: 11pt;\"><b>R\u00e9vocation du consentement<\/b><\/span><\/span><\/h3>\n<div>\n<p style=\"margin-bottom: 0cm;\">L\u2019utilisateur peut retirer son consentement \u00e0 l\u2019utilisation des cookies via son navigateur ou en suivant les liens ci-dessous :<\/p>\n<ul>\n<li><a style=\"color: black;\" href=\"https:\/\/tools.google.com\/dlpage\/gaoptout\" target=\"_blank\" rel=\"noopener noreferrer nofollow\">Opt-out of Google Analytics<\/a><\/li>\n<li><a style=\"color: black;\" href=\"https:\/\/myadcenter.google.com\/home?sasb=true&amp;ref=ad-settings\" target=\"_blank\" rel=\"noopener noreferrer nofollow\">Opt-out of DoubleClick<\/a><\/li>\n<\/ul>\n<p><b><br><\/b><\/p>\n<p><b>Fonctionnement du site<\/b><\/p>\n<p style=\"margin-bottom: 0cm\">Veuillez noter que si vous configurez votre navigateur pour refuser nos cookies, nous ne pourrons pas conserver vos pr\u00e9f\u00e9rences et certaines pages pourraient ne pas \u00eatre accessibles.<\/p>\n<p style=\"margin-bottom: 0cm\"><br><\/p>\n<h3><font color=\"#000000\"><font style=\"font-size: 11pt\"><b>Modifications de la politique de cookies<\/b><\/font><\/font><\/h3>\n<div><p style=\"margin-bottom: 0cm\">Nous pouvons mettre \u00e0 jour la politique de cookies de notre site \u00e0 tout moment. Nous vous recommandons donc de consulter cette politique \u00e0 chaque visite afin de rester inform\u00e9 sur la mani\u00e8re et la finalit\u00e9 de l\u2019utilisation des cookies. <\/p><\/div>\n<\/div>\t\t\t\t\t\t\t\t<\/div>\n\t\t\t\t<\/div>\n\t\t\t\t<\/div>\n\t\t","protected":false},"excerpt":{"rendered":"<p>palaufugit.com utilise des cookies afin de vous offrir une meilleure exp\u00e9rience de navigation. De plus, si vous y consentez, nous utiliserons des cookies nous permettant d\u2019obtenir davantage d\u2019informations sur vos pr\u00e9f\u00e9rences et de personnaliser notre site web en fonction de vos int\u00e9r\u00eats individuels, pour une navigation plus fluide et personnalis\u00e9e.Nous souhaitons vous informer de mani\u00e8re [&hellip;]<\/p>\n","protected":false},"author":1,"featured_media":0,"parent":0,"menu_order":0,"comment_status":"closed","ping_status":"closed","template":"elementor_header_footer","meta":{"_acf_changed":false,"inline_featured_image":false,"footnotes":""},"class_list":["post-15795","page","type-page","status-publish","hentry"],"acf":[],"yoast_head":"<!-- This site is optimized with the Yoast SEO plugin v27.3 - https:\/\/yoast.com\/product\/yoast-seo-wordpress\/ -->\n<title>Politique de Cookies - Palau Fugit<\/title>\n<meta name=\"robots\" content=\"noindex, nofollow\" \/>\n<meta property=\"og:locale\" content=\"fr_FR\" \/>\n<meta property=\"og:type\" content=\"article\" \/>\n<meta property=\"og:title\" content=\"Politique de Cookies - Palau Fugit\" \/>\n<meta property=\"og:description\" content=\"palaufugit.com utilise des cookies afin de vous offrir une meilleure exp\u00e9rience de navigation. De plus, si vous y consentez, nous utiliserons des cookies nous permettant d\u2019obtenir davantage d\u2019informations sur vos pr\u00e9f\u00e9rences et de personnaliser notre site web en fonction de vos int\u00e9r\u00eats individuels, pour une navigation plus fluide et personnalis\u00e9e.Nous souhaitons vous informer de mani\u00e8re [&hellip;]\" \/>\n<meta property=\"og:url\" content=\"https:\/\/ficam.cat\/fr\/politique-de-cookies\/\" \/>\n<meta property=\"og:site_name\" content=\"Palau Fugit\" \/>\n<meta property=\"article:modified_time\" content=\"2026-04-14T15:26:24+00:00\" \/>\n<meta name=\"twitter:card\" content=\"summary_large_image\" \/>\n<meta name=\"twitter:label1\" content=\"Dur\u00e9e de lecture estim\u00e9e\" \/>\n\t<meta name=\"twitter:data1\" content=\"4 minutes\" \/>\n<script type=\"application\/ld+json\" class=\"yoast-schema-graph\">{\"@context\":\"https:\\\/\\\/schema.org\",\"@graph\":[{\"@type\":\"WebPage\",\"@id\":\"https:\\\/\\\/ficam.cat\\\/fr\\\/politique-de-cookies\\\/\",\"url\":\"https:\\\/\\\/ficam.cat\\\/fr\\\/politique-de-cookies\\\/\",\"name\":\"Politique de Cookies - Palau Fugit\",\"isPartOf\":{\"@id\":\"https:\\\/\\\/ficam.cat\\\/fr\\\/#website\"},\"datePublished\":\"2026-01-29T15:33:53+00:00\",\"dateModified\":\"2026-04-14T15:26:24+00:00\",\"breadcrumb\":{\"@id\":\"https:\\\/\\\/ficam.cat\\\/fr\\\/politique-de-cookies\\\/#breadcrumb\"},\"inLanguage\":\"fr-FR\",\"potentialAction\":[{\"@type\":\"ReadAction\",\"target\":[\"https:\\\/\\\/ficam.cat\\\/fr\\\/politique-de-cookies\\\/\"]}]},{\"@type\":\"BreadcrumbList\",\"@id\":\"https:\\\/\\\/ficam.cat\\\/fr\\\/politique-de-cookies\\\/#breadcrumb\",\"itemListElement\":[{\"@type\":\"ListItem\",\"position\":1,\"name\":\"Inici\",\"item\":\"https:\\\/\\\/ficam.cat\\\/fr\\\/accueil\\\/\"},{\"@type\":\"ListItem\",\"position\":2,\"name\":\"Politique de Cookies\"}]},{\"@type\":\"WebSite\",\"@id\":\"https:\\\/\\\/ficam.cat\\\/fr\\\/#website\",\"url\":\"https:\\\/\\\/ficam.cat\\\/fr\\\/\",\"name\":\"Palau Fugit\",\"description\":\"Hotel Boutique en Girona\",\"publisher\":{\"@id\":\"https:\\\/\\\/ficam.cat\\\/fr\\\/#organization\"},\"potentialAction\":[{\"@type\":\"SearchAction\",\"target\":{\"@type\":\"EntryPoint\",\"urlTemplate\":\"https:\\\/\\\/ficam.cat\\\/fr\\\/?s={search_term_string}\"},\"query-input\":{\"@type\":\"PropertyValueSpecification\",\"valueRequired\":true,\"valueName\":\"search_term_string\"}}],\"inLanguage\":\"fr-FR\"},{\"@type\":\"Organization\",\"@id\":\"https:\\\/\\\/ficam.cat\\\/fr\\\/#organization\",\"name\":\"Palau Fugit\",\"url\":\"https:\\\/\\\/ficam.cat\\\/fr\\\/\",\"logo\":{\"@type\":\"ImageObject\",\"inLanguage\":\"fr-FR\",\"@id\":\"https:\\\/\\\/ficam.cat\\\/fr\\\/#\\\/schema\\\/logo\\\/image\\\/\",\"url\":\"https:\\\/\\\/ficam.cat\\\/wp-content\\\/uploads\\\/2026\\\/02\\\/cropped-favicon_palaufugit-favicon.png\",\"contentUrl\":\"https:\\\/\\\/ficam.cat\\\/wp-content\\\/uploads\\\/2026\\\/02\\\/cropped-favicon_palaufugit-favicon.png\",\"width\":512,\"height\":512,\"caption\":\"Palau Fugit\"},\"image\":{\"@id\":\"https:\\\/\\\/ficam.cat\\\/fr\\\/#\\\/schema\\\/logo\\\/image\\\/\"},\"sameAs\":[\"https:\\\/\\\/www.instagram.com\\\/palaufugitgirona\\\/\"]}]}<\/script>\n<!-- \/ Yoast SEO plugin. -->","yoast_head_json":{"title":"Politique de Cookies - Palau Fugit","robots":{"index":"noindex","follow":"nofollow"},"og_locale":"fr_FR","og_type":"article","og_title":"Politique de Cookies - Palau Fugit","og_description":"palaufugit.com utilise des cookies afin de vous offrir une meilleure exp\u00e9rience de navigation. De plus, si vous y consentez, nous utiliserons des cookies nous permettant d\u2019obtenir davantage d\u2019informations sur vos pr\u00e9f\u00e9rences et de personnaliser notre site web en fonction de vos int\u00e9r\u00eats individuels, pour une navigation plus fluide et personnalis\u00e9e.Nous souhaitons vous informer de mani\u00e8re [&hellip;]","og_url":"https:\/\/ficam.cat\/fr\/politique-de-cookies\/","og_site_name":"Palau Fugit","article_modified_time":"2026-04-14T15:26:24+00:00","twitter_card":"summary_large_image","twitter_misc":{"Dur\u00e9e de lecture estim\u00e9e":"4 minutes"},"schema":{"@context":"https:\/\/schema.org","@graph":[{"@type":"WebPage","@id":"https:\/\/ficam.cat\/fr\/politique-de-cookies\/","url":"https:\/\/ficam.cat\/fr\/politique-de-cookies\/","name":"Politique de Cookies - Palau Fugit","isPartOf":{"@id":"https:\/\/ficam.cat\/fr\/#website"},"datePublished":"2026-01-29T15:33:53+00:00","dateModified":"2026-04-14T15:26:24+00:00","breadcrumb":{"@id":"https:\/\/ficam.cat\/fr\/politique-de-cookies\/#breadcrumb"},"inLanguage":"fr-FR","potentialAction":[{"@type":"ReadAction","target":["https:\/\/ficam.cat\/fr\/politique-de-cookies\/"]}]},{"@type":"BreadcrumbList","@id":"https:\/\/ficam.cat\/fr\/politique-de-cookies\/#breadcrumb","itemListElement":[{"@type":"ListItem","position":1,"name":"Inici","item":"https:\/\/ficam.cat\/fr\/accueil\/"},{"@type":"ListItem","position":2,"name":"Politique de Cookies"}]},{"@type":"WebSite","@id":"https:\/\/ficam.cat\/fr\/#website","url":"https:\/\/ficam.cat\/fr\/","name":"Palau Fugit","description":"Hotel Boutique en Girona","publisher":{"@id":"https:\/\/ficam.cat\/fr\/#organization"},"potentialAction":[{"@type":"SearchAction","target":{"@type":"EntryPoint","urlTemplate":"https:\/\/ficam.cat\/fr\/?s={search_term_string}"},"query-input":{"@type":"PropertyValueSpecification","valueRequired":true,"valueName":"search_term_string"}}],"inLanguage":"fr-FR"},{"@type":"Organization","@id":"https:\/\/ficam.cat\/fr\/#organization","name":"Palau Fugit","url":"https:\/\/ficam.cat\/fr\/","logo":{"@type":"ImageObject","inLanguage":"fr-FR","@id":"https:\/\/ficam.cat\/fr\/#\/schema\/logo\/image\/","url":"https:\/\/ficam.cat\/wp-content\/uploads\/2026\/02\/cropped-favicon_palaufugit-favicon.png","contentUrl":"https:\/\/ficam.cat\/wp-content\/uploads\/2026\/02\/cropped-favicon_palaufugit-favicon.png","width":512,"height":512,"caption":"Palau Fugit"},"image":{"@id":"https:\/\/ficam.cat\/fr\/#\/schema\/logo\/image\/"},"sameAs":["https:\/\/www.instagram.com\/palaufugitgirona\/"]}]}},"_links":{"self":[{"href":"https:\/\/ficam.cat\/fr\/wp-json\/wp\/v2\/pages\/15795","targetHints":{"allow":["GET"]}}],"collection":[{"href":"https:\/\/ficam.cat\/fr\/wp-json\/wp\/v2\/pages"}],"about":[{"href":"https:\/\/ficam.cat\/fr\/wp-json\/wp\/v2\/types\/page"}],"author":[{"embeddable":true,"href":"https:\/\/ficam.cat\/fr\/wp-json\/wp\/v2\/users\/1"}],"replies":[{"embeddable":true,"href":"https:\/\/ficam.cat\/fr\/wp-json\/wp\/v2\/comments?post=15795"}],"version-history":[{"count":1,"href":"https:\/\/ficam.cat\/fr\/wp-json\/wp\/v2\/pages\/15795\/revisions"}],"predecessor-version":[{"id":15796,"href":"https:\/\/ficam.cat\/fr\/wp-json\/wp\/v2\/pages\/15795\/revisions\/15796"}],"wp:attachment":[{"href":"https:\/\/ficam.cat\/fr\/wp-json\/wp\/v2\/media?parent=15795"}],"curies":[{"name":"wp","href":"https:\/\/api.w.org\/{rel}","templated":true}]}}